{"id":13659,"date":"2022-05-23T13:32:12","date_gmt":"2022-05-23T12:32:12","guid":{"rendered":"https:\/\/bhd-environnement.com\/?page_id=13659"},"modified":"2024-07-02T11:22:01","modified_gmt":"2024-07-02T10:22:01","slug":"kontakt","status":"publish","type":"page","link":"https:\/\/bhd-environnement.com\/de\/kontakt\/","title":{"rendered":"Kontakt"},"content":{"rendered":"\t\t<div data-elementor-type=\"wp-page\" data-elementor-id=\"13659\" class=\"elementor elementor-13659 elementor-3078\" data-elementor-settings=\"{&quot;ha_cmc_init_switcher&quot;:&quot;no&quot;}\" data-elementor-post-type=\"page\">\n\t\t\t\t\t\t<section class=\"elementor-section elementor-top-section elementor-element elementor-element-1cc11ab8 elementor-section-boxed elementor-section-height-default elementor-section-height-default\" data-id=\"1cc11ab8\" data-element_type=\"section\" data-settings=\"{&quot;background_background&quot;:&quot;classic&quot;,&quot;_ha_eqh_enable&quot;:false}\">\n\t\t\t\t\t\t<div class=\"elementor-container elementor-column-gap-default\">\n\t\t\t\t\t<div class=\"elementor-column elementor-col-50 elementor-top-column elementor-element elementor-element-60a8c163\" data-id=\"60a8c163\" data-element_type=\"column\" data-settings=\"{&quot;background_background&quot;:&quot;classic&quot;}\">\n\t\t\t<div class=\"elementor-widget-wrap elementor-element-populated\">\n\t\t\t\t\t\t<div class=\"elementor-element elementor-element-439864ea elementor-widget elementor-widget-hub_fancy_heading\" data-id=\"439864ea\" data-element_type=\"widget\" data-widget_type=\"hub_fancy_heading.default\">\n\t\t\t\t<div class=\"elementor-widget-container\">\n\t\t\t\t\t\n\t\t<div id=\"ld-fancy-heading-69dc56dc27d03\" class=\"ld-fancy-heading pos-rel\">\n\t\t\t<h2 class=\"ld-fh-element d-inline-block pos-rel  elementor-heading-title lqd-highlight-classic lqd-highlight-grow-left h2\"  > Kontakt Formular<\/h2>\t\t<\/div>\n\n\t\t\t\t\t\t<\/div>\n\t\t\t\t<\/div>\n\t\t\t\t<div class=\"elementor-element elementor-element-775e17fa elementor-widget elementor-widget-ld_cf722\" data-id=\"775e17fa\" data-element_type=\"widget\" data-widget_type=\"ld_cf722.default\">\n\t\t\t\t<div class=\"elementor-widget-container\">\n\t\t\t\t\t\n\t<div class=\"lqd-contact-form   lqd-contact-form-inputs-round lqd-contact-form-button-block  lqd-contact-form-button-lg lqd-contact-form-button-round  lqd-contact-form-inputs-lg\">\n\t\t\n<div class=\"wpcf7 no-js\" id=\"wpcf7-f13856-o1\" lang=\"fr-FR\" dir=\"ltr\" data-wpcf7-id=\"13856\">\n<div class=\"screen-reader-response\"><p role=\"status\" aria-live=\"polite\" aria-atomic=\"true\"><\/p> <ul><\/ul><\/div>\n<form action=\"\/de\/wp-json\/wp\/v2\/pages\/13659#wpcf7-f13856-o1\" method=\"post\" class=\"wpcf7-form init wpcf7-acceptance-as-validation\" aria-label=\"Formulaire de contact\" novalidate=\"novalidate\" data-status=\"init\">\n<fieldset class=\"hidden-fields-container\"><input type=\"hidden\" name=\"_wpcf7\" value=\"13856\" \/><input type=\"hidden\" name=\"_wpcf7_version\" value=\"6.1.3\" \/><input type=\"hidden\" name=\"_wpcf7_locale\" value=\"fr_FR\" \/><input type=\"hidden\" name=\"_wpcf7_unit_tag\" value=\"wpcf7-f13856-o1\" \/><input type=\"hidden\" name=\"_wpcf7_container_post\" value=\"0\" \/><input type=\"hidden\" name=\"_wpcf7_posted_data_hash\" value=\"\" \/><input type=\"hidden\" name=\"_wpcf7_recaptcha_response\" value=\"\" \/>\n<\/fieldset>\n<div class=\"row\">\n\t<div class=\"col-md-6\">\n\t\t<p><span class=\"wpcf7-form-control-wrap\" data-name=\"your-name\"><input size=\"40\" maxlength=\"400\" class=\"wpcf7-form-control wpcf7-text wpcf7-validates-as-required\" aria-required=\"true\" aria-invalid=\"false\" placeholder=\"Nachname\" value=\"\" type=\"text\" name=\"your-name\" \/><\/span>\n\t\t<\/p>\n\t<\/div>\n\t<div class=\"col-md-6\">\n\t\t<p><span class=\"wpcf7-form-control-wrap\" data-name=\"your-nameprenom\"><input size=\"40\" maxlength=\"400\" class=\"wpcf7-form-control wpcf7-text wpcf7-validates-as-required\" aria-required=\"true\" aria-invalid=\"false\" placeholder=\"Vorname\" value=\"\" type=\"text\" name=\"your-nameprenom\" \/><\/span>\n\t\t<\/p>\n\t<\/div>\n\t<div class=\"col-md-6\">\n\t\t<p><span class=\"wpcf7-form-control-wrap\" data-name=\"your-societe\"><input size=\"40\" maxlength=\"400\" class=\"wpcf7-form-control wpcf7-text\" aria-invalid=\"false\" placeholder=\"Unternehmen\" value=\"\" type=\"text\" name=\"your-societe\" \/><\/span>\n\t\t<\/p>\n\t<\/div>\n\t<div class=\"col-md-6\">\n\t\t<p><span class=\"wpcf7-form-control-wrap\" data-name=\"your-code\"><input size=\"40\" maxlength=\"400\" class=\"wpcf7-form-control wpcf7-text\" aria-invalid=\"false\" placeholder=\"Postleitzahl\" value=\"\" type=\"text\" name=\"your-code\" \/><\/span>\n\t\t<\/p>\n\t<\/div>\n\t<div class=\"col-md-6\">\n\t\t<p><span class=\"wpcf7-form-control-wrap\" data-name=\"your-ville\"><input size=\"40\" maxlength=\"400\" class=\"wpcf7-form-control wpcf7-text\" aria-invalid=\"false\" placeholder=\"Stadt\" value=\"\" type=\"text\" name=\"your-ville\" \/><\/span>\n\t\t<\/p>\n\t<\/div>\n\t<div class=\"col-md-6\">\n\t\t<p><span class=\"wpcf7-form-control-wrap\" data-name=\"your-email\"><input size=\"40\" maxlength=\"400\" class=\"wpcf7-form-control wpcf7-email wpcf7-validates-as-required wpcf7-text wpcf7-validates-as-email\" aria-required=\"true\" aria-invalid=\"false\" placeholder=\"Email\" value=\"\" type=\"email\" name=\"your-email\" \/><\/span>\n\t\t<\/p>\n\t<\/div>\n\t<div class=\"col-md-6\">\n\t\t<p><span class=\"wpcf7-form-control-wrap\" data-name=\"telephone\"><input size=\"40\" maxlength=\"400\" class=\"wpcf7-form-control wpcf7-tel wpcf7-validates-as-required wpcf7-text wpcf7-validates-as-tel\" aria-required=\"true\" aria-invalid=\"false\" placeholder=\"Startnummer\" value=\"\" type=\"tel\" name=\"telephone\" \/><\/span>\n\t\t<\/p>\n\t<\/div>\n\t<div class=\"col-md-12\">\n\t\t<p><span class=\"wpcf7-form-control-wrap\" data-name=\"your-subject\"><input size=\"40\" maxlength=\"400\" class=\"wpcf7-form-control wpcf7-text wpcf7-validates-as-required\" aria-required=\"true\" aria-invalid=\"false\" placeholder=\"Jeweilige Ware\" value=\"\" type=\"text\" name=\"your-subject\" \/><\/span>\n\t\t<\/p>\n\t<\/div>\n\t<div class=\"col-md-12\">\n\t\t<p><span class=\"wpcf7-form-control-wrap\" data-name=\"your-message\"><textarea cols=\"10\" rows=\"4\" maxlength=\"2000\" class=\"wpcf7-form-control wpcf7-textarea wpcf7-validates-as-required\" aria-required=\"true\" aria-invalid=\"false\" placeholder=\"Botschaft\" name=\"your-message\"><\/textarea><\/span>\n\t\t<\/p>\n\t<\/div>\n\t<div class=\"col-md-12\">\n\t\t<p><span class=\"wpcf7-form-control-wrap\" data-name=\"your-consent\"><span class=\"wpcf7-form-control wpcf7-acceptance\"><span class=\"wpcf7-list-item\"><label><input type=\"checkbox\" name=\"your-consent\" value=\"1\" aria-invalid=\"false\" \/><span class=\"wpcf7-list-item-label\">Ich bin damit einverstanden, dass bhd-environnement.com meine personenbezogenen Daten erhebt und verarbeitet, damit ich sp\u00e4ter kontaktiert werden kann. Um mehr zu erfahren, k\u00f6nnen Sie unsere Datenschutzerkl\u00e4rung konsultieren.<\/span><\/label><\/span><\/span><\/span>\n\t\t<\/p>\n\t<\/div>\n\t<div class=\"col-md-12\">\n\t\t<p><input class=\"wpcf7-form-control wpcf7-submit has-spinner\" type=\"submit\" value=\"Senden\" \/>\n\t\t<\/p>\n\t<\/div>\n<\/div><p style=\"display: none !important;\" class=\"akismet-fields-container\" data-prefix=\"_wpcf7_ak_\"><label>&#916;<textarea name=\"_wpcf7_ak_hp_textarea\" cols=\"45\" rows=\"8\" maxlength=\"100\"><\/textarea><\/label><input type=\"hidden\" id=\"ak_js_1\" name=\"_wpcf7_ak_js\" value=\"0\"\/><script>document.getElementById( \"ak_js_1\" ).setAttribute( \"value\", ( new Date() ).getTime() );<\/script><\/p><div class=\"wpcf7-response-output\" aria-hidden=\"true\"><\/div>\n<\/form>\n<\/div>\n\t<\/div>\n\n\t\t\t\t\t<\/div>\n\t\t\t\t<\/div>\n\t\t\t\t\t<\/div>\n\t\t<\/div>\n\t\t\t\t<div data-custom-animations=\"true\" data-ca-options=\"{&quot;addChildTimelines&quot;:false,&quot;trigger&quot;:&quot;firstChild&quot;,&quot;animationTarget&quot;:&quot;:scope &gt; .elementor-widget-wrap &gt; .elementor-element &gt; .elementor-widget-container, :scope &gt; .elementor-widget-wrap &gt; .elementor-section &gt; .elementor-container &gt; .elementor-column &gt; .elementor-widget-wrap &gt; .elementor-element:not(.lqd-el-has-inner-anim) &gt; .elementor-widget-container, :scope &gt; .elementor-widget-wrap &gt; .elementor-widget-hub_fancy_heading .lqd-split-lines .lqd-lines .split-inner, :scope &gt; .elementor-widget-wrap &gt; .elementor-widget-hub_fancy_heading .lqd-split-words .lqd-words .split-inner, :scope &gt; .elementor-widget-wrap &gt; .elementor-widget-hub_fancy_heading .lqd-split-chars .lqd-chars .split-inner, :scope &gt; .elementor-widget-wrap &gt; .elementor-widget-ld_custom_menu .lqd-fancy-menu &gt; ul &gt; li&quot;,&quot;duration&quot;:1800,&quot;delay&quot;:180,&quot;ease&quot;:[&quot;power4.out&quot;],&quot;initValues&quot;:{&quot;y&quot;:&quot;60px&quot;,&quot;opacity&quot;:0,&quot;transformOrigin&quot;:&quot;50% 50% 0px&quot;},&quot;animations&quot;:{&quot;y&quot;:&quot;0px&quot;,&quot;opacity&quot;:1,&quot;transformOrigin&quot;:&quot;50% 50% 0px&quot;}}\" class=\"elementor-column elementor-col-50 elementor-top-column elementor-element elementor-element-dcc2a20\" data-id=\"dcc2a20\" data-element_type=\"column\">\n\t\t\t<div class=\"elementor-widget-wrap elementor-element-populated\">\n\t\t\t\t\t\t<div class=\"elementor-element elementor-element-2fa7cf4b elementor-widget elementor-widget-hub_fancy_heading\" data-id=\"2fa7cf4b\" data-element_type=\"widget\" data-widget_type=\"hub_fancy_heading.default\">\n\t\t\t\t<div class=\"elementor-widget-container\">\n\t\t\t\t\t\n\t\t<div id=\"ld-fancy-heading-69dc56dc32c0a\" class=\"ld-fancy-heading pos-rel\">\n\t\t\t<h2 class=\"ld-fh-element d-inline-block pos-rel  elementor-heading-title lqd-highlight-classic lqd-highlight-grow-left h2\"  > Wir antworten Ihnen<br>\ninnerhalb 48 Stunden<\/h2>\t\t<\/div>\n\n\t\t\t\t\t\t<\/div>\n\t\t\t\t<\/div>\n\t\t\t\t<div class=\"elementor-element elementor-element-4793ed56 elementor-widget elementor-widget-text-editor\" data-id=\"4793ed56\" data-element_type=\"widget\" data-widget_type=\"text-editor.default\">\n\t\t\t\t<div class=\"elementor-widget-container\">\n\t\t\t\t\t\t\t\t\tDas RCY-Team steht Ihnen f\u00fcr technische Antworten und Beratung bei der Auswahl Ihrer L\u00f6sungen und Optionen zur Verf\u00fcgung.\nHinterlassen Sie uns Ihre Anfrage und wir werden uns so schnell wie m\u00f6glich bei Ihnen melden.\t\t\t\t\t\t\t\t<\/div>\n\t\t\t\t<\/div>\n\t\t\t\t<section class=\"elementor-section elementor-inner-section elementor-element elementor-element-52db3699 elementor-section-full_width elementor-section-height-default elementor-section-height-default\" data-id=\"52db3699\" data-element_type=\"section\" data-settings=\"{&quot;_ha_eqh_enable&quot;:false}\">\n\t\t\t\t\t\t<div class=\"elementor-container elementor-column-gap-no\">\n\t\t\t\t\t<div class=\"elementor-column elementor-col-50 elementor-inner-column elementor-element elementor-element-69a2d1f2\" data-id=\"69a2d1f2\" data-element_type=\"column\">\n\t\t\t<div class=\"elementor-widget-wrap elementor-element-populated\">\n\t\t\t\t\t\t<div class=\"elementor-element elementor-element-622c7210 elementor-widget elementor-widget-hub_fancy_heading\" data-id=\"622c7210\" data-element_type=\"widget\" data-widget_type=\"hub_fancy_heading.default\">\n\t\t\t\t<div class=\"elementor-widget-container\">\n\t\t\t\t\t\n\t\t<div id=\"ld-fancy-heading-69dc56dc34008\" class=\"ld-fancy-heading pos-rel\">\n\t\t\t<h3 class=\"ld-fh-element d-inline-block pos-rel  elementor-heading-title lqd-highlight-classic lqd-highlight-grow-left h3\"  > FINDEN SIE UNS<\/h3>\t\t<\/div>\n\n\t\t\t\t\t\t<\/div>\n\t\t\t\t<\/div>\n\t\t\t\t<div class=\"elementor-element elementor-element-31009be7 elementor-widget elementor-widget-text-editor\" data-id=\"31009be7\" data-element_type=\"widget\" data-widget_type=\"text-editor.default\">\n\t\t\t\t<div class=\"elementor-widget-container\">\n\t\t\t\t\t\t\t\t\t<p><a href=\"https:\/\/www.google.com\/maps?ll=46.63234,5.262505&amp;z=17&amp;t=m&amp;hl=fr-FR&amp;gl=FR&amp;mapclient=embed&amp;cid=12050174428387137840\" target=\"_blank\" rel=\"noopener\">Z.I. de l\u2019Aupretin- Rue Nic\u00e9phore Niepce 71500 Louhans<\/a><\/p>\t\t\t\t\t\t\t\t<\/div>\n\t\t\t\t<\/div>\n\t\t\t\t\t<\/div>\n\t\t<\/div>\n\t\t\t\t<div class=\"elementor-column elementor-col-50 elementor-inner-column elementor-element elementor-element-140ea943\" data-id=\"140ea943\" data-element_type=\"column\">\n\t\t\t<div class=\"elementor-widget-wrap elementor-element-populated\">\n\t\t\t\t\t\t<div class=\"elementor-element elementor-element-348326cd elementor-widget elementor-widget-hub_fancy_heading\" data-id=\"348326cd\" data-element_type=\"widget\" data-widget_type=\"hub_fancy_heading.default\">\n\t\t\t\t<div class=\"elementor-widget-container\">\n\t\t\t\t\t\n\t\t<div id=\"ld-fancy-heading-69dc56dc34cde\" class=\"ld-fancy-heading pos-rel\">\n\t\t\t<h3 class=\"ld-fh-element d-inline-block pos-rel  elementor-heading-title lqd-highlight-classic lqd-highlight-grow-left h3\"  > Kontaktinformation RCY<\/h3>\t\t<\/div>\n\n\t\t\t\t\t\t<\/div>\n\t\t\t\t<\/div>\n\t\t\t\t<div class=\"elementor-element elementor-element-1c3648ec elementor-widget elementor-widget-text-editor\" data-id=\"1c3648ec\" data-element_type=\"widget\" data-widget_type=\"text-editor.default\">\n\t\t\t\t<div class=\"elementor-widget-container\">\n\t\t\t\t\t\t\t\t\t<p>T\u00e9l. : <a href=\"tel:+33385763274\">+33 (0)3 85 76 32 74<\/a><\/p>\t\t\t\t\t\t\t\t<\/div>\n\t\t\t\t<\/div>\n\t\t\t\t<div class=\"elementor-element elementor-element-4f84cecc elementor-widget elementor-widget-hub_fancy_heading\" data-id=\"4f84cecc\" data-element_type=\"widget\" data-widget_type=\"hub_fancy_heading.default\">\n\t\t\t\t<div class=\"elementor-widget-container\">\n\t\t\t\t\t\n\t\t<div id=\"ld-fancy-heading-69dc56dc3590b\" class=\"ld-fancy-heading pos-rel\">\n\t\t\t<h6 class=\"ld-fh-element d-inline-block pos-rel  elementor-heading-title lqd-highlight-classic lqd-highlight-grow-left h6\" ><a href=\"mailto:export@rcy-bhd.fr\" > export@rcy-bhd.fr<\/a><\/h6>\t\t<\/div>\n\n\t\t\t\t\t\t<\/div>\n\t\t\t\t<\/div>\n\t\t\t\t\t<\/div>\n\t\t<\/div>\n\t\t\t\t\t<\/div>\n\t\t<\/section>\n\t\t\t\t\t<\/div>\n\t\t<\/div>\n\t\t\t\t\t<\/div>\n\t\t<\/section>\n\t\t\t\t<section class=\"elementor-section elementor-top-section elementor-element elementor-element-716d5823 elementor-section-full_width elementor-section-height-default elementor-section-height-default\" data-id=\"716d5823\" data-element_type=\"section\" data-settings=\"{&quot;_ha_eqh_enable&quot;:false}\">\n\t\t\t\t\t\t<div class=\"elementor-container elementor-column-gap-default\">\n\t\t\t\t\t<div class=\"elementor-column elementor-col-100 elementor-top-column elementor-element elementor-element-5003e514\" data-id=\"5003e514\" data-element_type=\"column\">\n\t\t\t<div class=\"elementor-widget-wrap elementor-element-populated\">\n\t\t\t\t\t\t<div class=\"elementor-element elementor-element-5179918d elementor-widget elementor-widget-ld_google_map\" data-id=\"5179918d\" data-element_type=\"widget\" data-widget_type=\"ld_google_map.default\">\n\t\t\t\t<div class=\"elementor-widget-container\">\n\t\t\t\t\t\n\t\t\t<div class=\"ld-gmap-container pos-rel\">\n\t\t\t\t<div class=\"ld-gmap h-100\" data-plugin-map=\"true\" data-plugin-options='{\"style\":\"lightMonochrome\",\"address\":\"Z.I. de l\\u2019Aupretin- Rue Nic\\u00e9phore Niepce 71500 Louhans\",\"marker_style\":\"html\",\"markers\":null,\"map\":{\"zoom\":14,\"mapTypeId\":\"roadmap\",\"fullscreenControl\":true}}'><\/div>\n\n\t\t\t\t\n\t\t\t<\/div>\n\n\t\t\t\t\t\t<\/div>\n\t\t\t\t<\/div>\n\t\t\t\t<section class=\"elementor-section elementor-inner-section elementor-element elementor-element-10b7c8a7 elementor-section-boxed elementor-section-height-default elementor-section-height-default\" data-id=\"10b7c8a7\" data-element_type=\"section\" data-settings=\"{&quot;_ha_eqh_enable&quot;:false}\">\n\t\t\t\t\t\t<div class=\"elementor-container elementor-column-gap-default\">\n\t\t\t\t\t<div class=\"elementor-column elementor-col-100 elementor-inner-column elementor-element elementor-element-6c352be8\" data-id=\"6c352be8\" data-element_type=\"column\">\n\t\t\t<div class=\"elementor-widget-wrap\">\n\t\t\t\t\t\t\t<\/div>\n\t\t<\/div>\n\t\t\t\t\t<\/div>\n\t\t<\/section>\n\t\t\t\t\t<\/div>\n\t\t<\/div>\n\t\t\t\t\t<\/div>\n\t\t<\/section>\n\t\t\t\t<\/div>\n\t\t","protected":false},"excerpt":{"rendered":"<p>Kontakt Formular Ich bin damit einverstanden, dass RCY meine personenbezogenen Daten erhebt und verarbeitet, damit ich sp\u00e4ter kontaktiert werden kann. Um mehr zu erfahren, k\u00f6nnen Sie unsere Datenschutzerkl\u00e4rung konsultieren. &#916; Wir antworten Ihnen innerhalb 48 Stunden Das RCY-Team steht Ihnen f\u00fcr technische Antworten und Beratung bei der Auswahl Ihrer L\u00f6sungen und Optionen zur Verf\u00fcgung. Hinterlassen [&hellip;]<\/p>\n","protected":false},"author":9,"featured_media":13661,"parent":0,"menu_order":240,"comment_status":"closed","ping_status":"closed","template":"","meta":{"footnotes":""},"class_list":["post-13659","page","type-page","status-publish","has-post-thumbnail","hentry"],"yoast_head":"<!-- This site is optimized with the Yoast SEO plugin v26.3 - https:\/\/yoast.com\/wordpress\/plugins\/seo\/ -->\n<title>Kontakt | BHD Environnement - RCY<\/title>\n<meta name=\"robots\" content=\"index, follow, max-snippet:-1, max-image-preview:large, max-video-preview:-1\" \/>\n<link rel=\"canonical\" href=\"https:\/\/bhd-environnement.com\/contact\/\" \/>\n<meta property=\"og:locale\" content=\"de_DE\" \/>\n<meta property=\"og:type\" content=\"article\" \/>\n<meta property=\"og:title\" content=\"Kontakt | BHD Environnement - RCY\" \/>\n<meta property=\"og:description\" content=\"Kontakt Formular Ich bin damit einverstanden, dass RCY meine personenbezogenen Daten erhebt und verarbeitet, damit ich sp\u00e4ter kontaktiert werden kann. Um mehr zu erfahren, k\u00f6nnen Sie unsere Datenschutzerkl\u00e4rung konsultieren. &#916; Wir antworten Ihnen innerhalb 48 Stunden Das RCY-Team steht Ihnen f\u00fcr technische Antworten und Beratung bei der Auswahl Ihrer L\u00f6sungen und Optionen zur Verf\u00fcgung. Hinterlassen [&hellip;]\" \/>\n<meta property=\"og:url\" content=\"https:\/\/bhd-environnement.com\/contact\/\" \/>\n<meta property=\"og:site_name\" content=\"BHD Environnement\" \/>\n<meta property=\"article:modified_time\" content=\"2024-07-02T10:22:01+00:00\" \/>\n<meta property=\"og:image\" content=\"https:\/\/bhd-environnement.com\/wp-content\/uploads\/2013\/11\/bandeau-rcy.jpg\" \/>\n\t<meta property=\"og:image:width\" content=\"1000\" \/>\n\t<meta property=\"og:image:height\" content=\"264\" \/>\n\t<meta property=\"og:image:type\" content=\"image\/jpeg\" \/>\n<meta name=\"twitter:label1\" content=\"Gesch\u00e4tzte Lesezeit\" \/>\n\t<meta name=\"twitter:data1\" content=\"1\u00a0Minute\" \/>\n<script type=\"application\/ld+json\" class=\"yoast-schema-graph\">{\"@context\":\"https:\/\/schema.org\",\"@graph\":[{\"@type\":\"WebPage\",\"@id\":\"https:\/\/bhd-environnement.com\/contact\/\",\"url\":\"https:\/\/bhd-environnement.com\/contact\/\",\"name\":\"Kontakt | BHD Environnement - RCY\",\"isPartOf\":{\"@id\":\"https:\/\/bhd-environnement.com\/#website\"},\"primaryImageOfPage\":{\"@id\":\"https:\/\/bhd-environnement.com\/contact\/#primaryimage\"},\"image\":{\"@id\":\"https:\/\/bhd-environnement.com\/contact\/#primaryimage\"},\"thumbnailUrl\":\"https:\/\/bhd-environnement.com\/wp-content\/uploads\/2013\/11\/bandeau-rcy.jpg\",\"datePublished\":\"2022-05-23T12:32:12+00:00\",\"dateModified\":\"2024-07-02T10:22:01+00:00\",\"inLanguage\":\"de\",\"potentialAction\":[{\"@type\":\"ReadAction\",\"target\":[\"https:\/\/bhd-environnement.com\/contact\/\"]}]},{\"@type\":\"ImageObject\",\"inLanguage\":\"de\",\"@id\":\"https:\/\/bhd-environnement.com\/contact\/#primaryimage\",\"url\":\"https:\/\/bhd-environnement.com\/wp-content\/uploads\/2013\/11\/bandeau-rcy.jpg\",\"contentUrl\":\"https:\/\/bhd-environnement.com\/wp-content\/uploads\/2013\/11\/bandeau-rcy.jpg\",\"width\":1000,\"height\":264},{\"@type\":\"WebSite\",\"@id\":\"https:\/\/bhd-environnement.com\/#website\",\"url\":\"https:\/\/bhd-environnement.com\/\",\"name\":\"BHD Environnement\",\"description\":\"Sp\u00e9cialiste du textile technique\",\"publisher\":{\"@id\":\"https:\/\/bhd-environnement.com\/#organization\"},\"potentialAction\":[{\"@type\":\"SearchAction\",\"target\":{\"@type\":\"EntryPoint\",\"urlTemplate\":\"https:\/\/bhd-environnement.com\/?s={search_term_string}\"},\"query-input\":{\"@type\":\"PropertyValueSpecification\",\"valueRequired\":true,\"valueName\":\"search_term_string\"}}],\"inLanguage\":\"de\"},{\"@type\":\"Organization\",\"@id\":\"https:\/\/bhd-environnement.com\/#organization\",\"name\":\"Bhd Environnement\",\"url\":\"https:\/\/bhd-environnement.com\/\",\"logo\":{\"@type\":\"ImageObject\",\"inLanguage\":\"de\",\"@id\":\"https:\/\/bhd-environnement.com\/#\/schema\/logo\/image\/\",\"url\":\"https:\/\/bhd-environnement.com\/wp-content\/uploads\/2024\/06\/logo-bhd-environnement.svg\",\"contentUrl\":\"https:\/\/bhd-environnement.com\/wp-content\/uploads\/2024\/06\/logo-bhd-environnement.svg\",\"width\":659,\"height\":260,\"caption\":\"Bhd Environnement\"},\"image\":{\"@id\":\"https:\/\/bhd-environnement.com\/#\/schema\/logo\/image\/\"}}]}<\/script>\n<!-- \/ Yoast SEO plugin. -->","yoast_head_json":{"title":"Kontakt | BHD Environnement - RCY","robots":{"index":"index","follow":"follow","max-snippet":"max-snippet:-1","max-image-preview":"max-image-preview:large","max-video-preview":"max-video-preview:-1"},"canonical":"https:\/\/bhd-environnement.com\/contact\/","og_locale":"de_DE","og_type":"article","og_title":"Kontakt | BHD Environnement - RCY","og_description":"Kontakt Formular Ich bin damit einverstanden, dass RCY meine personenbezogenen Daten erhebt und verarbeitet, damit ich sp\u00e4ter kontaktiert werden kann. Um mehr zu erfahren, k\u00f6nnen Sie unsere Datenschutzerkl\u00e4rung konsultieren. &#916; Wir antworten Ihnen innerhalb 48 Stunden Das RCY-Team steht Ihnen f\u00fcr technische Antworten und Beratung bei der Auswahl Ihrer L\u00f6sungen und Optionen zur Verf\u00fcgung. Hinterlassen [&hellip;]","og_url":"https:\/\/bhd-environnement.com\/contact\/","og_site_name":"BHD Environnement","article_modified_time":"2024-07-02T10:22:01+00:00","og_image":[{"width":1000,"height":264,"url":"https:\/\/bhd-environnement.com\/wp-content\/uploads\/2013\/11\/bandeau-rcy.jpg","type":"image\/jpeg"}],"twitter_misc":{"Gesch\u00e4tzte Lesezeit":"1\u00a0Minute"},"schema":{"@context":"https:\/\/schema.org","@graph":[{"@type":"WebPage","@id":"https:\/\/bhd-environnement.com\/contact\/","url":"https:\/\/bhd-environnement.com\/contact\/","name":"Kontakt | BHD Environnement - RCY","isPartOf":{"@id":"https:\/\/bhd-environnement.com\/#website"},"primaryImageOfPage":{"@id":"https:\/\/bhd-environnement.com\/contact\/#primaryimage"},"image":{"@id":"https:\/\/bhd-environnement.com\/contact\/#primaryimage"},"thumbnailUrl":"https:\/\/bhd-environnement.com\/wp-content\/uploads\/2013\/11\/bandeau-rcy.jpg","datePublished":"2022-05-23T12:32:12+00:00","dateModified":"2024-07-02T10:22:01+00:00","inLanguage":"de","potentialAction":[{"@type":"ReadAction","target":["https:\/\/bhd-environnement.com\/contact\/"]}]},{"@type":"ImageObject","inLanguage":"de","@id":"https:\/\/bhd-environnement.com\/contact\/#primaryimage","url":"https:\/\/bhd-environnement.com\/wp-content\/uploads\/2013\/11\/bandeau-rcy.jpg","contentUrl":"https:\/\/bhd-environnement.com\/wp-content\/uploads\/2013\/11\/bandeau-rcy.jpg","width":1000,"height":264},{"@type":"WebSite","@id":"https:\/\/bhd-environnement.com\/#website","url":"https:\/\/bhd-environnement.com\/","name":"BHD Environnement","description":"Sp\u00e9cialiste du textile technique","publisher":{"@id":"https:\/\/bhd-environnement.com\/#organization"},"potentialAction":[{"@type":"SearchAction","target":{"@type":"EntryPoint","urlTemplate":"https:\/\/bhd-environnement.com\/?s={search_term_string}"},"query-input":{"@type":"PropertyValueSpecification","valueRequired":true,"valueName":"search_term_string"}}],"inLanguage":"de"},{"@type":"Organization","@id":"https:\/\/bhd-environnement.com\/#organization","name":"Bhd Environnement","url":"https:\/\/bhd-environnement.com\/","logo":{"@type":"ImageObject","inLanguage":"de","@id":"https:\/\/bhd-environnement.com\/#\/schema\/logo\/image\/","url":"https:\/\/bhd-environnement.com\/wp-content\/uploads\/2024\/06\/logo-bhd-environnement.svg","contentUrl":"https:\/\/bhd-environnement.com\/wp-content\/uploads\/2024\/06\/logo-bhd-environnement.svg","width":659,"height":260,"caption":"Bhd Environnement"},"image":{"@id":"https:\/\/bhd-environnement.com\/#\/schema\/logo\/image\/"}}]}},"_links":{"self":[{"href":"https:\/\/bhd-environnement.com\/de\/wp-json\/wp\/v2\/pages\/13659","targetHints":{"allow":["GET"]}}],"collection":[{"href":"https:\/\/bhd-environnement.com\/de\/wp-json\/wp\/v2\/pages"}],"about":[{"href":"https:\/\/bhd-environnement.com\/de\/wp-json\/wp\/v2\/types\/page"}],"author":[{"embeddable":true,"href":"https:\/\/bhd-environnement.com\/de\/wp-json\/wp\/v2\/users\/9"}],"replies":[{"embeddable":true,"href":"https:\/\/bhd-environnement.com\/de\/wp-json\/wp\/v2\/comments?post=13659"}],"version-history":[{"count":0,"href":"https:\/\/bhd-environnement.com\/de\/wp-json\/wp\/v2\/pages\/13659\/revisions"}],"wp:featuredmedia":[{"embeddable":true,"href":"https:\/\/bhd-environnement.com\/de\/wp-json\/wp\/v2\/media\/13661"}],"wp:attachment":[{"href":"https:\/\/bhd-environnement.com\/de\/wp-json\/wp\/v2\/media?parent=13659"}],"curies":[{"name":"wp","href":"https:\/\/api.w.org\/{rel}","templated":true}]}}