{"id":20218,"date":"2025-06-23T11:25:30","date_gmt":"2025-06-23T10:25:30","guid":{"rendered":"https:\/\/bhd-environnement.com\/?page_id=20218"},"modified":"2025-06-23T11:25:49","modified_gmt":"2025-06-23T10:25:49","slug":"rechtliche-hinweise","status":"publish","type":"page","link":"https:\/\/bhd-environnement.com\/de\/rechtliche-hinweise\/","title":{"rendered":"Rechtliche Hinweise"},"content":{"rendered":"<p>Conform\u00e9ment \u00e0 la Loi Informatique et Libert\u00e9s du 6 janvier 1978, vous disposez d\u2019un droit d\u2019acc\u00e8s et de rectification aux donn\u00e9es personnelles vous concernant. Si vous souhaitez exercer ce droit, il vous suffit de nous contacter par courriel.<\/p>\n<p>&nbsp;<\/p>\n<h2><strong>\u00c9dition du site<\/strong><\/h2>\n<p>En vertu de l&#8217;article \u202f<a href=\"https:\/\/www.legifrance.gouv.fr\/loda\/id\/JORFTEXT000000801164\">1.1 de Loi n\u00b0 2004-575 du 21 juin 2004<\/a> pour la confiance dans l&#8217;\u00e9conomie num\u00e9rique (LCEN) , il est pr\u00e9cis\u00e9 aux utilisateurs du site internet\u202fl\u2019identit\u00e9 des diff\u00e9rents intervenants dans le cadre de sa r\u00e9alisation et de son suivi :<\/p>\n<p><strong>Propri\u00e9taire et \u00e9diteur du site :\u00a0BHD Environnement<\/strong><\/p>\n<p>Soci\u00e9t\u00e9\u00a0\u00e0 Responsabilit\u00e9 Limit\u00e9e\u00a0au capital de 60000\u20ac<\/p>\n<p>Mail : contact@bhd.fr<br \/>\nAdresse du si\u00e8ge social : ZI de la Sangle, 2 rue de l\u2019Atlantique, 44390 Nort sur Erdre<br \/>\nt\u00e9l\u00e9phone : 02 51 12 68 68<br \/>\nImmatriculation au Registre du Commerce et des Soci\u00e9t\u00e9s de Nantes sous le num\u00e9ro : 439 874 363 00047<br \/>\nN\u00b0 de TVA intracommunautaire\u202f: TVA FR84 439 874 363<br \/>\n<strong>Directeur de la publication : Arnaud MEYNIAL<\/strong><\/p>\n<h2><strong>Propri\u00e9t\u00e9 intellectuelle<\/strong><\/h2>\n<p>L\u2019int\u00e9gralit\u00e9 du site https:\/\/bhd-environnement.com est prot\u00e9g\u00e9e par les l\u00e9gislations fran\u00e7aises et internationales relatives \u00e0 la propri\u00e9t\u00e9 intellectuelle. Tous les droits de reproduction sont r\u00e9serv\u00e9s, y compris pour les documents t\u00e9l\u00e9chargeables. L\u2019ensemble des textes, graphismes, ic\u00f4nes, photographies, plans, logos, vid\u00e9os, sons, marques (\u2026) et plus g\u00e9n\u00e9ralement l\u2019ensemble des \u00e9l\u00e9ments composant le site https:\/\/bhd-environnement.com et le site lui-m\u00eame ne peuvent, conform\u00e9ment \u00e0 l\u2019article L122-4 du Code de la Propri\u00e9t\u00e9 Intellectuelle, faire l\u2019objet d\u2019une quelconque repr\u00e9sentation ou reproduction, int\u00e9grale ou partielle, sur quelque support que ce soit, sans l\u2019autorisation expresse et pr\u00e9alable des propri\u00e9taires. Le non-respect de cette interdiction constitue un acte de contrefa\u00e7on pouvant engager la responsabilit\u00e9 civile et\/ou p\u00e9nale de son auteur. Les propri\u00e9taires se r\u00e9servent le droit d\u2019engager des poursuites judiciaires \u00e0 l\u2019encontre de toute personne qui n\u2019aurait pas respect\u00e9 cette interdiction. De m\u00eame, il est strictement interdit d\u2019utiliser ou de reproduire le nom \u00ab BHD Environnement, Vend\u00e9e Baches ou RCY \u00bb \u00e0 quelque titre que ce soit et sur quelque support que ce soit sans l\u2019accord pr\u00e9alable et \u00e9crit des propri\u00e9taires.<\/p>\n<h2><strong>Responsabilit\u00e9<\/strong><\/h2>\n<p>Les informations communiqu\u00e9es sur le site sont fournies \u00e0 titre indicatif, elles sont non contractuelles et ne sauraient engager la responsabilit\u00e9 des propri\u00e9taires. Elles peuvent \u00eatre modifi\u00e9es ou mises \u00e0 jour sans pr\u00e9avis. Les propri\u00e9taires se r\u00e9servent \u00e9galement le droit, \u00e0 tout moment et sans pr\u00e9avis, d\u2019apporter des am\u00e9liorations et\/ou modifications au site. La responsabilit\u00e9 des propri\u00e9taires ne saurait \u00eatre engag\u00e9e pour :<\/p>\n<ul>\n<li>Les dommages de toute nature, directs ou indirects, r\u00e9sultant de l\u2019utilisation du site https:\/\/bhd-environnement.com et notamment toute perte d\u2019exploitation, perte financi\u00e8re ou commerciale, perte de programmes et\/ou de donn\u00e9es en particulier dans le syst\u00e8me d\u2019information de l\u2019utilisateur.<\/li>\n<li>Les dommages de toute nature, directs ou indirects, r\u00e9sultant du contenu et\/ou de l\u2019utilisation des sites Internet li\u00e9s au site https:\/\/bhd-environnement.com ou auxquels les utilisateurs pourraient avoir acc\u00e8s via le site https:\/\/bhd-environnement.com<\/li>\n<li>Les omissions et\/ou erreurs que pourraient contenir le site.<\/li>\n<\/ul>\n<h2><strong>Utilisateurs<\/strong><\/h2>\n<p>L\u2019utilisateur du pr\u00e9sent site est responsable des dommages de toute nature, mat\u00e9riels ou immat\u00e9riels, directs ou indirects, caus\u00e9s \u00e0 tout tiers, y compris aux propri\u00e9taires, du fait de l\u2019utilisation ou de l\u2019exploitation illicite du site https:\/\/bhd-environnement.com lui-m\u00eame et\/ou de l\u2019un de ses \u00e9l\u00e9ments, quels que soient la cause et le lieu de survenance de ces dommages, et garantit des propri\u00e9taires des cons\u00e9quences des r\u00e9clamations ou actions dont elle pourrait, de ce fait, faire l\u2019objet. L\u2019utilisateur du site https:\/\/bhd-environnement.com renonce \u00e0 exercer tout recours contre les propri\u00e9taires dans le cas de poursuites diligent\u00e9es par un tiers \u00e0 son encontre du fait de l\u2019utilisation et\/ou de l\u2019exploitation illicite du site https:\/\/bhd-environnement.com<\/p>\n<h2><strong>H\u00e9bergement<\/strong><\/h2>\n<p>Ce site est h\u00e9berg\u00e9 par la soci\u00e9t\u00e9 Toolin : <span data-contrast=\"auto\">8 boulevard Lelasseur, 44000 Nantes, France &#8211; N<\/span><span data-contrast=\"auto\">um\u00e9ro : 02 85 52 65 91<\/span><span data-ccp-props=\"{&quot;335551550&quot;:6,&quot;335551620&quot;:6,&quot;335559738&quot;:120,&quot;335559739&quot;:120}\"> \u00a0<\/span>https:\/\/www.toolin.fr\/mentions-legales\/<br \/>\nLe nom de domaine est h\u00e9berg\u00e9 par la soci\u00e9t\u00e9 GANDI \u00a0https:\/\/www.gandi.net\/fr<\/p>\n<h2><strong>Cr\u00e9ation du site<\/strong><\/h2>\n<p><a href=\"http:\/\/tout-digital.fr\" target=\"_blank\" rel=\"noopener\">tout-digital.fr<\/a><\/p>\n<p>Soci\u00e9t\u00e9 AdjustDesign<br \/>\nG\u00e9rant Bertrand Fabien<br \/>\nRCS : Paris B 818 700 635<br \/>\nSiren 818 700 635 R.C.S. Paris<br \/>\nTVA intracommunautaire FR31 818 700 635<br \/>\nSARL au capital de 1000\u20ac<\/p>\n<h2><strong>Nos autres sites<\/strong><\/h2>\n<p>La Citerne Incendie :\u00a0<a href=\"http:\/\/www.citerne-incendie.fr\/\">vente de citerne souple incendie et r\u00e9serve incendie souple<\/a><br \/>\nCiterne Rain\u2019O :\u00a0<a href=\"http:\/\/www.citerne-rain-o.fr\/\">vente de citerne souple pour r\u00e9cup\u00e9ration d\u2019eau de pluie<\/a><br \/>\nRCY Agriculture :\u00a0<a href=\"http:\/\/www.rcy-agriculture.fr\/citernes-souples-agricoles\/\">Citernes souples agricoles<\/a>, tunnels de stockage et rideaux brise vent<br \/>\nLaciternesouple.fr :\u00a0<a href=\"http:\/\/www.laciternesouple.fr\/\">site d\u00e9di\u00e9 \u00e0 la citerne souple<\/a><\/p>\n<h2><strong>Autres sites du Groupe BHD<\/strong><\/h2>\n<p>Groupe BHD\u00a0: <a href=\"https:\/\/www.bhd.fr\/\">https:\/\/www.bhd.fr\/<\/a><\/p>\n<p>2CI\u00a0: <a href=\"https:\/\/www.2ci.fr\">https:\/\/www.2ci.fr<\/a><\/p>\n<p>ACS Production\u00a0: <a href=\"http:\/\/www.acs-production.com\/\">http:\/\/www.acs-production.com\/<\/a><\/p>\n<p>BHD Industries : <a href=\"https:\/\/www.bhd-industries.fr\/\">https:\/\/www.bhd-industries.fr\/<\/a><\/p>\n<p>Cover Systems\u00a0: <a href=\"https:\/\/coversystems.fr\/\">https:\/\/coversystems.fr\/<\/a> et <a href=\"https:\/\/www.ateria-terrasse.com\/\">https:\/\/www.ateria-terrasse.com\/<\/a><\/p>\n<p>Maine B\u00e2ches\u00a0: <a href=\"https:\/\/www.maine-baches.com\/\">https:\/\/www.maine-baches.com\/<\/a> et <a href=\"https:\/\/www.aero-bulle.fr\/aero-bulle-standard\/\">https:\/\/www.aero-bulle.fr\/aero-bulle-standard\/<\/a> et <a href=\"https:\/\/dalo.com\/\">https:\/\/dalo.com\/<\/a><\/p>\n<p>VSO\u00a0: <a href=\"https:\/\/vso.fr\/\">https:\/\/vso.fr\/<\/a><\/p>\n<p>Texipool\u00a0: <a href=\"http:\/\/www.baches-piscines.com\">www.baches-piscines.com<\/a><\/p>\n<p>&nbsp;<\/p>\n<p>&nbsp;<\/p>\n<p>&nbsp;<\/p>\n","protected":false},"excerpt":{"rendered":"<p>Conform\u00e9ment \u00e0 la Loi Informatique et Libert\u00e9s du 6 janvier 1978, vous disposez d\u2019un droit d\u2019acc\u00e8s et de rectification aux donn\u00e9es personnelles vous concernant. Si vous souhaitez exercer ce droit, il vous suffit de nous contacter par courriel. &nbsp; \u00c9dition du site En vertu de l&#8217;article \u202f1.1 de Loi n\u00b0 2004-575 du 21 juin 2004 [&hellip;]<\/p>\n","protected":false},"author":9,"featured_media":0,"parent":0,"menu_order":387,"comment_status":"closed","ping_status":"open","template":"","meta":{"footnotes":""},"class_list":["post-20218","page","type-page","status-publish","hentry"],"yoast_head":"<!-- This site is optimized with the Yoast SEO plugin v26.3 - https:\/\/yoast.com\/wordpress\/plugins\/seo\/ -->\n<title>Rechtliche Hinweise | BHD Environnement - RCY<\/title>\n<meta name=\"robots\" content=\"index, follow, max-snippet:-1, max-image-preview:large, max-video-preview:-1\" \/>\n<link rel=\"canonical\" href=\"https:\/\/bhd-environnement.com\/de\/rechtliche-hinweise\/\" \/>\n<meta property=\"og:locale\" content=\"de_DE\" \/>\n<meta property=\"og:type\" content=\"article\" \/>\n<meta property=\"og:title\" content=\"Rechtliche Hinweise | BHD Environnement - RCY\" \/>\n<meta property=\"og:description\" content=\"Conform\u00e9ment \u00e0 la Loi Informatique et Libert\u00e9s du 6 janvier 1978, vous disposez d\u2019un droit d\u2019acc\u00e8s et de rectification aux donn\u00e9es personnelles vous concernant. Si vous souhaitez exercer ce droit, il vous suffit de nous contacter par courriel. &nbsp; \u00c9dition du site En vertu de l&#8217;article \u202f1.1 de Loi n\u00b0 2004-575 du 21 juin 2004 [&hellip;]\" \/>\n<meta property=\"og:url\" content=\"https:\/\/bhd-environnement.com\/de\/rechtliche-hinweise\/\" \/>\n<meta property=\"og:site_name\" content=\"BHD Environnement\" \/>\n<meta property=\"article:modified_time\" content=\"2025-06-23T10:25:49+00:00\" \/>\n<meta name=\"twitter:label1\" content=\"Gesch\u00e4tzte Lesezeit\" \/>\n\t<meta name=\"twitter:data1\" content=\"4\u00a0Minuten\" \/>\n<script type=\"application\/ld+json\" class=\"yoast-schema-graph\">{\"@context\":\"https:\/\/schema.org\",\"@graph\":[{\"@type\":\"WebPage\",\"@id\":\"https:\/\/bhd-environnement.com\/de\/rechtliche-hinweise\/\",\"url\":\"https:\/\/bhd-environnement.com\/de\/rechtliche-hinweise\/\",\"name\":\"Rechtliche Hinweise | BHD Environnement - RCY\",\"isPartOf\":{\"@id\":\"https:\/\/bhd-environnement.com\/#website\"},\"datePublished\":\"2025-06-23T10:25:30+00:00\",\"dateModified\":\"2025-06-23T10:25:49+00:00\",\"inLanguage\":\"de\",\"potentialAction\":[{\"@type\":\"ReadAction\",\"target\":[\"https:\/\/bhd-environnement.com\/de\/rechtliche-hinweise\/\"]}]},{\"@type\":\"WebSite\",\"@id\":\"https:\/\/bhd-environnement.com\/#website\",\"url\":\"https:\/\/bhd-environnement.com\/\",\"name\":\"BHD Environnement\",\"description\":\"Sp\u00e9cialiste du textile technique\",\"publisher\":{\"@id\":\"https:\/\/bhd-environnement.com\/#organization\"},\"potentialAction\":[{\"@type\":\"SearchAction\",\"target\":{\"@type\":\"EntryPoint\",\"urlTemplate\":\"https:\/\/bhd-environnement.com\/?s={search_term_string}\"},\"query-input\":{\"@type\":\"PropertyValueSpecification\",\"valueRequired\":true,\"valueName\":\"search_term_string\"}}],\"inLanguage\":\"de\"},{\"@type\":\"Organization\",\"@id\":\"https:\/\/bhd-environnement.com\/#organization\",\"name\":\"Bhd Environnement\",\"url\":\"https:\/\/bhd-environnement.com\/\",\"logo\":{\"@type\":\"ImageObject\",\"inLanguage\":\"de\",\"@id\":\"https:\/\/bhd-environnement.com\/#\/schema\/logo\/image\/\",\"url\":\"https:\/\/bhd-environnement.com\/wp-content\/uploads\/2024\/06\/logo-bhd-environnement.svg\",\"contentUrl\":\"https:\/\/bhd-environnement.com\/wp-content\/uploads\/2024\/06\/logo-bhd-environnement.svg\",\"width\":659,\"height\":260,\"caption\":\"Bhd Environnement\"},\"image\":{\"@id\":\"https:\/\/bhd-environnement.com\/#\/schema\/logo\/image\/\"}}]}<\/script>\n<!-- \/ Yoast SEO plugin. -->","yoast_head_json":{"title":"Rechtliche Hinweise | BHD Environnement - RCY","robots":{"index":"index","follow":"follow","max-snippet":"max-snippet:-1","max-image-preview":"max-image-preview:large","max-video-preview":"max-video-preview:-1"},"canonical":"https:\/\/bhd-environnement.com\/de\/rechtliche-hinweise\/","og_locale":"de_DE","og_type":"article","og_title":"Rechtliche Hinweise | BHD Environnement - RCY","og_description":"Conform\u00e9ment \u00e0 la Loi Informatique et Libert\u00e9s du 6 janvier 1978, vous disposez d\u2019un droit d\u2019acc\u00e8s et de rectification aux donn\u00e9es personnelles vous concernant. Si vous souhaitez exercer ce droit, il vous suffit de nous contacter par courriel. &nbsp; \u00c9dition du site En vertu de l&#8217;article \u202f1.1 de Loi n\u00b0 2004-575 du 21 juin 2004 [&hellip;]","og_url":"https:\/\/bhd-environnement.com\/de\/rechtliche-hinweise\/","og_site_name":"BHD Environnement","article_modified_time":"2025-06-23T10:25:49+00:00","twitter_misc":{"Gesch\u00e4tzte Lesezeit":"4\u00a0Minuten"},"schema":{"@context":"https:\/\/schema.org","@graph":[{"@type":"WebPage","@id":"https:\/\/bhd-environnement.com\/de\/rechtliche-hinweise\/","url":"https:\/\/bhd-environnement.com\/de\/rechtliche-hinweise\/","name":"Rechtliche Hinweise | BHD Environnement - RCY","isPartOf":{"@id":"https:\/\/bhd-environnement.com\/#website"},"datePublished":"2025-06-23T10:25:30+00:00","dateModified":"2025-06-23T10:25:49+00:00","inLanguage":"de","potentialAction":[{"@type":"ReadAction","target":["https:\/\/bhd-environnement.com\/de\/rechtliche-hinweise\/"]}]},{"@type":"WebSite","@id":"https:\/\/bhd-environnement.com\/#website","url":"https:\/\/bhd-environnement.com\/","name":"BHD Environnement","description":"Sp\u00e9cialiste du textile technique","publisher":{"@id":"https:\/\/bhd-environnement.com\/#organization"},"potentialAction":[{"@type":"SearchAction","target":{"@type":"EntryPoint","urlTemplate":"https:\/\/bhd-environnement.com\/?s={search_term_string}"},"query-input":{"@type":"PropertyValueSpecification","valueRequired":true,"valueName":"search_term_string"}}],"inLanguage":"de"},{"@type":"Organization","@id":"https:\/\/bhd-environnement.com\/#organization","name":"Bhd Environnement","url":"https:\/\/bhd-environnement.com\/","logo":{"@type":"ImageObject","inLanguage":"de","@id":"https:\/\/bhd-environnement.com\/#\/schema\/logo\/image\/","url":"https:\/\/bhd-environnement.com\/wp-content\/uploads\/2024\/06\/logo-bhd-environnement.svg","contentUrl":"https:\/\/bhd-environnement.com\/wp-content\/uploads\/2024\/06\/logo-bhd-environnement.svg","width":659,"height":260,"caption":"Bhd Environnement"},"image":{"@id":"https:\/\/bhd-environnement.com\/#\/schema\/logo\/image\/"}}]}},"_links":{"self":[{"href":"https:\/\/bhd-environnement.com\/de\/wp-json\/wp\/v2\/pages\/20218","targetHints":{"allow":["GET"]}}],"collection":[{"href":"https:\/\/bhd-environnement.com\/de\/wp-json\/wp\/v2\/pages"}],"about":[{"href":"https:\/\/bhd-environnement.com\/de\/wp-json\/wp\/v2\/types\/page"}],"author":[{"embeddable":true,"href":"https:\/\/bhd-environnement.com\/de\/wp-json\/wp\/v2\/users\/9"}],"replies":[{"embeddable":true,"href":"https:\/\/bhd-environnement.com\/de\/wp-json\/wp\/v2\/comments?post=20218"}],"version-history":[{"count":2,"href":"https:\/\/bhd-environnement.com\/de\/wp-json\/wp\/v2\/pages\/20218\/revisions"}],"predecessor-version":[{"id":20220,"href":"https:\/\/bhd-environnement.com\/de\/wp-json\/wp\/v2\/pages\/20218\/revisions\/20220"}],"wp:attachment":[{"href":"https:\/\/bhd-environnement.com\/de\/wp-json\/wp\/v2\/media?parent=20218"}],"curies":[{"name":"wp","href":"https:\/\/api.w.org\/{rel}","templated":true}]}}