{"id":8192,"date":"2013-11-26T12:34:30","date_gmt":"2013-11-26T11:34:30","guid":{"rendered":"https:\/\/www.rcy.fr\/?page_id=2860"},"modified":"2015-09-10T15:27:49","modified_gmt":"2015-09-10T14:27:49","slug":"home-page-2","status":"publish","type":"page","link":"https:\/\/bhd-environnement.com\/de\/home-page-2\/","title":{"rendered":"Startseite"},"content":{"rendered":"\n\t\t\t<!-- START homepage REVOLUTION SLIDER 6.7.38 --><p class=\"rs-p-wp-fix\"><\/p>\n\t\t\t<rs-module-wrap id=\"rev_slider_1_1_wrapper\" data-source=\"gallery\" data-aimg=\"\"  style=\"visibility:hidden;background:#E9E9E9;padding:0;margin:0px auto;margin-top:0;margin-bottom:0;\">\n\t\t\t\t<rs-module id=\"rev_slider_1_1\" style=\"\" data-version=\"6.7.38\">\n\t\t\t\t\t<rs-slides style=\"overflow: hidden; position: absolute;\">\n\t\t\t\t\t\t<rs-slide style=\"position: absolute;\" data-key=\"rs-6\" data-title=\"Slide\" data-anim=\"adpr:false;\">\n\t\t\t\t\t\t\t<img decoding=\"async\" src=\"\/\/bhd-environnement.com\/wp-content\/plugins\/revslider\/sr6\/assets\/assets\/dummy.png\" alt=\"\" title=\"Startseite\" class=\"rev-slidebg tp-rs-img rs-lazyload\" data-lazyload=\"\/\/bhd-environnement.com\/wp-content\/uploads\/2013\/11\/Barrage-anti-pollution-par-RCY.jpg\" data-no-retina>\n<!---->\t\t\t\t\t<\/rs-slide>\n\t\t\t\t\t\t<rs-slide style=\"position: absolute;\" data-key=\"rs-9\" data-title=\"Slide\" data-anim=\"adpr:false;\">\n\t\t\t\t\t\t\t<img decoding=\"async\" src=\"\/\/bhd-environnement.com\/wp-content\/plugins\/revslider\/sr6\/assets\/assets\/dummy.png\" alt=\"\" title=\"Startseite\" class=\"rev-slidebg tp-rs-img rs-lazyload\" data-lazyload=\"\/\/bhd-environnement.com\/wp-content\/uploads\/2014\/02\/barrage-anti-inondation-bandeau-home.jpg\" data-no-retina>\n<!---->\t\t\t\t\t<\/rs-slide>\n\t\t\t\t\t\t<rs-slide style=\"position: absolute;\" data-key=\"rs-7\" data-title=\"Slide\" data-anim=\"adpr:false;\">\n\t\t\t\t\t\t\t<img decoding=\"async\" src=\"\/\/bhd-environnement.com\/wp-content\/plugins\/revslider\/sr6\/assets\/assets\/dummy.png\" alt=\"\" title=\"Startseite\" class=\"rev-slidebg tp-rs-img rs-lazyload\" data-lazyload=\"\/\/bhd-environnement.com\/wp-content\/uploads\/2013\/11\/Citerne-Souple-par-RCY.jpg\" data-no-retina>\n<!---->\t\t\t\t\t<\/rs-slide>\n\t\t\t\t\t\t<rs-slide style=\"position: absolute;\" data-key=\"rs-8\" data-title=\"Slide\" data-anim=\"adpr:false;\">\n\t\t\t\t\t\t\t<img decoding=\"async\" src=\"\/\/bhd-environnement.com\/wp-content\/plugins\/revslider\/sr6\/assets\/assets\/dummy.png\" alt=\"\" title=\"Startseite\" class=\"rev-slidebg tp-rs-img rs-lazyload\" data-lazyload=\"\/\/bhd-environnement.com\/wp-content\/uploads\/2013\/11\/Tente-gonflable-par-RCY.jpg\" data-no-retina>\n<!---->\t\t\t\t\t<\/rs-slide>\n\t\t\t\t\t<\/rs-slides>\n\t\t\t\t<\/rs-module>\n\t\t\t\t<script>\n\t\t\t\t\tsetREVStartSize({c: 'rev_slider_1_1',rl:[1240,1024,778,480],el:[351],gw:[1200],gh:[350],type:'standard',justify:'',layout:'fullwidth',mh:\"0\"});if (window.RS_MODULES!==undefined && window.RS_MODULES.modules!==undefined && window.RS_MODULES.modules[\"revslider11\"]!==undefined) {window.RS_MODULES.modules[\"revslider11\"].once = false;window.revapi1 = undefined;if (window.RS_MODULES.checkMinimal!==undefined) window.RS_MODULES.checkMinimal()}\n\t\t\t\t<\/script>\n\t\t\t<\/rs-module-wrap>\n\t\t\t<!-- END REVOLUTION SLIDER -->\n\n<div class=\"callout\">\n<div class=\"border clearfix\">\n<div class=\"callout-content\">\n<h1 class=\"h1home\">RCY : Ihr Spezialist f\u00fcr technische Textilien<\/h1>\n<p>\u00dcberschwemmungsschutz- und \u00d6lsperren, faltbare Tanks, Vorhangzelte und Tunnel f\u00fcr die Landwirtschaft, aufblasbare Zelte\n<\/p><\/div>\n<\/div>\n<\/div>\n<p>[gap height=&#8220;30&#8243;]<br \/>\n[one_third]<a href=\"https:\/\/de.rcy.fr\/schwimmende-olsperren\/\">[teaser img=&#8220;https:\/\/bhd-environnement.com\/wp-content\/uploads\/2013\/11\/Barrage-Reycaud-anti-pollution-2.jpg&#8220;]<\/a><\/p>\n<h2><a href=\"https:\/\/de.rcy.fr\/schwimmende-olsperren\/\">\u00d6lsperren<\/a><\/h2>\n<p>Schwimmende \u00d6lsperren werden permanent installiert oder bei Bedarf gegen schwimmende Verschmutzung und zum Schutz von K\u00fcstengebieten, Fl\u00fcssen und H\u00e4fen eingesetzt.[button link=&#8220;https:\/\/de.rcy.fr\/schwimmende-olsperren\/&#8220; size=&#8220;small&#8220; icon=&#8220;share-alt&#8220; color=&#8220;alternative-1&#8243;]Sortiment anzeigen[\/button]<\/p>\n<p>[\/teaser]<br \/>\n[\/one_third]<br \/>\n[one_third]<a href=\"https:\/\/de.rcy.fr\/olsperren\/\">[teaser img=&#8220;https:\/\/bhd-environnement.com\/wp-content\/uploads\/2013\/11\/Barrage-anti-inondation-gonflable-WATERRAILS.jpg&#8220;]<\/a><\/p>\n<h2><a href=\"https:\/\/de.rcy.fr\/olsperren\/\">\u00d6lsperren<\/a><\/h2>\n<p>RCY entwickelt leichte, schnell einzurichtende \u00dcberschwemmungsschutz-Sperren, die an verschiedene Standorte, Geb\u00e4ude und Wohnh\u00e4user angepasst werden k\u00f6nnen. [button link=&#8220;https:\/\/de.rcy.fr\/olsperren\/&#8220; size=&#8220;small&#8220; icon=&#8220;share-alt&#8220; color=&#8220;alternative-1&#8243;]Sortiment anzeigen[\/button]<\/p>\n<p>[\/teaser][\/one_third]<br \/>\n[one_third_last]<a href=\"https:\/\/de.rcy.fr\/faltbare-tanks\/\">[teaser img=&#8220;https:\/\/bhd-environnement.com\/wp-content\/uploads\/2013\/11\/Citerne-souple-deau-de-pluie-domestique.jpg&#8220;]<\/a><\/p>\n<h2><a href=\"https:\/\/de.rcy.fr\/faltbare-tanks\/\">Faltbare Tanks<\/a><\/h2>\n<p>Faltbare Tanks sind eine einfache, schnelle und kosteng\u00fcnstige L\u00f6sung zum Speichern jeder Art von Fl\u00fcssigkeit: Regenwasser, Chemikalien, usw.[button link=&#8220;https:\/\/de.rcy.fr\/faltbare-tanks\/&#8220; size=&#8220;small&#8220; icon=&#8220;share-alt&#8220; color=&#8220;alternative-1&#8243;]Sortiment anzeigen[\/button]<\/p>\n<p>[\/teaser][\/one_third_last]<\/p>\n<p>[one_third]<a href=\"https:\/\/de.rcy.fr\/aufblasbare-zelte\/\">[teaser img=&#8220;https:\/\/bhd-environnement.com\/wp-content\/uploads\/2013\/11\/Tente-Gonflable-\u00e0-Pannes-Metalliques.jpg&#8220;]<\/a><\/p>\n<h2><a href=\"https:\/\/de.rcy.fr\/aufblasbare-zelte\/\">Aufblasbare Zelte<\/a><\/h2>\n<p>F\u00fcr Anwendungsbereiche, in denen die schnelle Montage der Strukturen ausschlaggebend ist, bietet RCY eine Reihe von aufblasbaren Zelten hoher Qualit\u00e4t an.[button link=&#8220;https:\/\/de.rcy.fr\/aufblasbare-zelte\/&#8220; size=&#8220;small&#8220; icon=&#8220;share-alt&#8220; color=&#8220;alternative-1&#8243;]Sortiment anzeigen[\/button]<br \/>\n[\/teaser]<br \/>\n[\/one_third]<\/p>\n<p>[one_third]<a href=\"\/?page_id=3290\">[teaser img=&#8220;https:\/\/bhd-environnement.com\/wp-content\/uploads\/2013\/11\/Bache-pour-le-transport-routier.jpg&#8220;]<\/a><\/p>\n<h2><a href=\"https:\/\/de.rcy.fr\/transportplane\/\">Transportplane<\/a><\/h2>\n<p>Die Unterst\u00fctzung der Transportunternehmen und die Forschung und Fachkenntnisse von BHD haben die Patentierung der Sicherungs- und Schutztechnologien erm\u00f6glicht.<br \/>\n[button link=&#8220;\/bache-transport\/&#8220; size=&#8220;small&#8220; icon=&#8220;share-alt&#8220; color=&#8220;alternative-1&#8243;]Sortiment anzeigen[\/button]<br \/>\n[\/teaser]<br \/>\n[\/one_third]<br \/>\n[one_third_last]<a href=\"https:\/\/de.rcy.fr\/losungen-fur-die-Industrie\/\">[teaser img=&#8220;https:\/\/bhd-environnement.com\/wp-content\/uploads\/2013\/11\/Structure-gonflable-foot-loisir.jpg&#8220;]<\/a><\/p>\n<h2><a href=\"https:\/\/de.rcy.fr\/losungen-fur-die-Industrie\/\">L\u00f6sungen f\u00fcr die Industrie<\/a><\/h2>\n<p>Die Industrie hat spezifische Anforderungen, die ma\u00dfgefertigte L\u00f6sungen erforderlich machen.  RCY wendet alle n\u00f6tigen Mittel auf, um diese Anforderungen zu erf\u00fcllen<br \/>\n[button link=&#8220;https:\/\/de.rcy.fr\/losungen-fur-die-Industrie\/&#8220; size=&#8220;small&#8220; icon=&#8220;share-alt&#8220; color=&#8220;alternative-1&#8243;]Sortiment anzeigen[\/button]<br \/>\n[\/teaser][\/one_third_last]<\/p>\n<p>[hr style=&#8220;3&#8243;]<\/p>\n<div><a href=\"https:\/\/bhd-environnement.com\/wp-content\/uploads\/2013\/11\/Tunnel-agricole-de-stockage-Basilique-pivot\u00e9e.jpg\"><img fetchpriority=\"high\" decoding=\"async\" class=\"alignleft size-medium wp-image-2691\" alt=\"Lagertunnel f\u00fcr die Landwirtschaft Bauart Basilique \" src=\"https:\/\/bhd-environnement.com\/wp-content\/uploads\/2013\/11\/Tunnel-agricole-de-stockage-Basilique-pivot\u00e9e-300x214.jpg\" width=\"300\" height=\"214\" srcset=\"https:\/\/bhd-environnement.com\/wp-content\/uploads\/2013\/11\/Tunnel-agricole-de-stockage-Basilique-pivot\u00e9e-300x214.jpg 300w, https:\/\/bhd-environnement.com\/wp-content\/uploads\/2013\/11\/Tunnel-agricole-de-stockage-Basilique-pivot\u00e9e.jpg 700w\" sizes=\"(max-width: 300px) 100vw, 300px\" \/><\/a><\/p>\n<h2><a href=\"http:\/\/de.rcy-agriculture.fr\">RCY Landwirtschaft: Tunnel und Vorhangzelte f\u00fcr die Landwirtschaft<\/a><\/h2>\n<p>Jedes Jahr werden die Produkte nach Ma\u00df, wie Stallgeb\u00e4ude, Schutztunnel oder auch faltbare Tanks in Zusammenarbeit mit den Fachleuten der Landwirtschaft von unseren Teams entwickelt.<\/p>\n<p>[button onclick=&#8220;ga(&#8217;send&#8216;, &#8218;event&#8216;, &#8218;accueil&#8216;, &#8218;Clic-externe&#8216;, &#8218;Site rcy-agriculture&#8216;);&#8220; link=&#8220;http:\/\/de.rcy-agriculture.fr&#8220; size=&#8220;small&#8220; icon=&#8220;share-alt&#8220; color=&#8220;alternative-1&#8243;]Besuchen Sie die Webseite www.rcy-agriculture.fr[\/button]<\/p>\n<\/div>\n","protected":false},"excerpt":{"rendered":"<p>RCY : Ihr Spezialist f\u00fcr technische Textilien \u00dcberschwemmungsschutz- und \u00d6lsperren, faltbare Tanks, Vorhangzelte und Tunnel f\u00fcr die Landwirtschaft, aufblasbare Zelte [gap height=&#8220;30&#8243;] [one_third][teaser img=&#8220;https:\/\/bhd-environnement.com\/wp-content\/uploads\/2013\/11\/Barrage-Reycaud-anti-pollution-2.jpg&#8220;] \u00d6lsperren Schwimmende \u00d6lsperren werden permanent installiert oder bei Bedarf gegen schwimmende Verschmutzung und zum Schutz von K\u00fcstengebieten, Fl\u00fcssen und H\u00e4fen eingesetzt.[button link=&#8220;https:\/\/de.rcy.fr\/schwimmende-olsperren\/&#8220; size=&#8220;small&#8220; icon=&#8220;share-alt&#8220; color=&#8220;alternative-1&#8243;]Sortiment anzeigen[\/button] [\/teaser] [\/one_third] [one_third][teaser img=&#8220;https:\/\/bhd-environnement.com\/wp-content\/uploads\/2013\/11\/Barrage-anti-inondation-gonflable-WATERRAILS.jpg&#8220;] \u00d6lsperren [&hellip;]<\/p>\n","protected":false},"author":9,"featured_media":0,"parent":0,"menu_order":38,"comment_status":"closed","ping_status":"closed","template":"","meta":{"footnotes":""},"class_list":["post-8192","page","type-page","status-publish","hentry"],"yoast_head":"<!-- This site is optimized with the Yoast SEO plugin v26.3 - https:\/\/yoast.com\/wordpress\/plugins\/seo\/ -->\n<title>RCY | \u00dcberschwemmungsschutz- und \u00d6lsperren, aufblasbare Zelte, faltbare Tanks<\/title>\n<meta name=\"description\" content=\"RCY, Ihr Spezialist f\u00fcr technische Textilien, pr\u00e4sentiert Ihnen seine Produkte: \u00dcberschwemmungsschutz- und \u00d6lsperren, aufblasbare Zelte, faltbare Tanks, Planen.\" \/>\n<meta name=\"robots\" content=\"index, follow, max-snippet:-1, max-image-preview:large, max-video-preview:-1\" \/>\n<link rel=\"canonical\" href=\"https:\/\/bhd-environnement.com\/de\/home-page-2\/\" \/>\n<meta property=\"og:locale\" content=\"de_DE\" \/>\n<meta property=\"og:type\" content=\"article\" \/>\n<meta property=\"og:title\" content=\"RCY | \u00dcberschwemmungsschutz- und \u00d6lsperren, aufblasbare Zelte, faltbare Tanks\" \/>\n<meta property=\"og:description\" content=\"RCY, Ihr Spezialist f\u00fcr technische Textilien, pr\u00e4sentiert Ihnen seine Produkte: \u00dcberschwemmungsschutz- und \u00d6lsperren, aufblasbare Zelte, faltbare Tanks, Planen.\" \/>\n<meta property=\"og:url\" content=\"https:\/\/bhd-environnement.com\/de\/home-page-2\/\" \/>\n<meta property=\"og:site_name\" content=\"BHD Environnement\" \/>\n<meta property=\"article:modified_time\" content=\"2015-09-10T14:27:49+00:00\" \/>\n<meta name=\"twitter:label1\" content=\"Gesch\u00e4tzte Lesezeit\" \/>\n\t<meta name=\"twitter:data1\" content=\"2\u00a0Minuten\" \/>\n<script type=\"application\/ld+json\" class=\"yoast-schema-graph\">{\"@context\":\"https:\/\/schema.org\",\"@graph\":[{\"@type\":\"WebPage\",\"@id\":\"https:\/\/bhd-environnement.com\/de\/home-page-2\/\",\"url\":\"https:\/\/bhd-environnement.com\/de\/home-page-2\/\",\"name\":\"RCY | \u00dcberschwemmungsschutz- und \u00d6lsperren, aufblasbare Zelte, faltbare Tanks\",\"isPartOf\":{\"@id\":\"https:\/\/bhd-environnement.com\/#website\"},\"datePublished\":\"2013-11-26T11:34:30+00:00\",\"dateModified\":\"2015-09-10T14:27:49+00:00\",\"description\":\"RCY, Ihr Spezialist f\u00fcr technische Textilien, pr\u00e4sentiert Ihnen seine Produkte: \u00dcberschwemmungsschutz- und \u00d6lsperren, aufblasbare Zelte, faltbare Tanks, Planen.\",\"inLanguage\":\"de\",\"potentialAction\":[{\"@type\":\"ReadAction\",\"target\":[\"https:\/\/bhd-environnement.com\/de\/home-page-2\/\"]}]},{\"@type\":\"WebSite\",\"@id\":\"https:\/\/bhd-environnement.com\/#website\",\"url\":\"https:\/\/bhd-environnement.com\/\",\"name\":\"BHD Environnement\",\"description\":\"Sp\u00e9cialiste du textile technique\",\"publisher\":{\"@id\":\"https:\/\/bhd-environnement.com\/#organization\"},\"potentialAction\":[{\"@type\":\"SearchAction\",\"target\":{\"@type\":\"EntryPoint\",\"urlTemplate\":\"https:\/\/bhd-environnement.com\/?s={search_term_string}\"},\"query-input\":{\"@type\":\"PropertyValueSpecification\",\"valueRequired\":true,\"valueName\":\"search_term_string\"}}],\"inLanguage\":\"de\"},{\"@type\":\"Organization\",\"@id\":\"https:\/\/bhd-environnement.com\/#organization\",\"name\":\"Bhd Environnement\",\"url\":\"https:\/\/bhd-environnement.com\/\",\"logo\":{\"@type\":\"ImageObject\",\"inLanguage\":\"de\",\"@id\":\"https:\/\/bhd-environnement.com\/#\/schema\/logo\/image\/\",\"url\":\"https:\/\/bhd-environnement.com\/wp-content\/uploads\/2024\/06\/logo-bhd-environnement.svg\",\"contentUrl\":\"https:\/\/bhd-environnement.com\/wp-content\/uploads\/2024\/06\/logo-bhd-environnement.svg\",\"width\":659,\"height\":260,\"caption\":\"Bhd Environnement\"},\"image\":{\"@id\":\"https:\/\/bhd-environnement.com\/#\/schema\/logo\/image\/\"}}]}<\/script>\n<!-- \/ Yoast SEO plugin. -->","yoast_head_json":{"title":"RCY | \u00dcberschwemmungsschutz- und \u00d6lsperren, aufblasbare Zelte, faltbare Tanks","description":"RCY, Ihr Spezialist f\u00fcr technische Textilien, pr\u00e4sentiert Ihnen seine Produkte: \u00dcberschwemmungsschutz- und \u00d6lsperren, aufblasbare Zelte, faltbare Tanks, Planen.","robots":{"index":"index","follow":"follow","max-snippet":"max-snippet:-1","max-image-preview":"max-image-preview:large","max-video-preview":"max-video-preview:-1"},"canonical":"https:\/\/bhd-environnement.com\/de\/home-page-2\/","og_locale":"de_DE","og_type":"article","og_title":"RCY | \u00dcberschwemmungsschutz- und \u00d6lsperren, aufblasbare Zelte, faltbare Tanks","og_description":"RCY, Ihr Spezialist f\u00fcr technische Textilien, pr\u00e4sentiert Ihnen seine Produkte: \u00dcberschwemmungsschutz- und \u00d6lsperren, aufblasbare Zelte, faltbare Tanks, Planen.","og_url":"https:\/\/bhd-environnement.com\/de\/home-page-2\/","og_site_name":"BHD Environnement","article_modified_time":"2015-09-10T14:27:49+00:00","twitter_misc":{"Gesch\u00e4tzte Lesezeit":"2\u00a0Minuten"},"schema":{"@context":"https:\/\/schema.org","@graph":[{"@type":"WebPage","@id":"https:\/\/bhd-environnement.com\/de\/home-page-2\/","url":"https:\/\/bhd-environnement.com\/de\/home-page-2\/","name":"RCY | \u00dcberschwemmungsschutz- und \u00d6lsperren, aufblasbare Zelte, faltbare Tanks","isPartOf":{"@id":"https:\/\/bhd-environnement.com\/#website"},"datePublished":"2013-11-26T11:34:30+00:00","dateModified":"2015-09-10T14:27:49+00:00","description":"RCY, Ihr Spezialist f\u00fcr technische Textilien, pr\u00e4sentiert Ihnen seine Produkte: \u00dcberschwemmungsschutz- und \u00d6lsperren, aufblasbare Zelte, faltbare Tanks, Planen.","inLanguage":"de","potentialAction":[{"@type":"ReadAction","target":["https:\/\/bhd-environnement.com\/de\/home-page-2\/"]}]},{"@type":"WebSite","@id":"https:\/\/bhd-environnement.com\/#website","url":"https:\/\/bhd-environnement.com\/","name":"BHD Environnement","description":"Sp\u00e9cialiste du textile technique","publisher":{"@id":"https:\/\/bhd-environnement.com\/#organization"},"potentialAction":[{"@type":"SearchAction","target":{"@type":"EntryPoint","urlTemplate":"https:\/\/bhd-environnement.com\/?s={search_term_string}"},"query-input":{"@type":"PropertyValueSpecification","valueRequired":true,"valueName":"search_term_string"}}],"inLanguage":"de"},{"@type":"Organization","@id":"https:\/\/bhd-environnement.com\/#organization","name":"Bhd Environnement","url":"https:\/\/bhd-environnement.com\/","logo":{"@type":"ImageObject","inLanguage":"de","@id":"https:\/\/bhd-environnement.com\/#\/schema\/logo\/image\/","url":"https:\/\/bhd-environnement.com\/wp-content\/uploads\/2024\/06\/logo-bhd-environnement.svg","contentUrl":"https:\/\/bhd-environnement.com\/wp-content\/uploads\/2024\/06\/logo-bhd-environnement.svg","width":659,"height":260,"caption":"Bhd Environnement"},"image":{"@id":"https:\/\/bhd-environnement.com\/#\/schema\/logo\/image\/"}}]}},"_links":{"self":[{"href":"https:\/\/bhd-environnement.com\/de\/wp-json\/wp\/v2\/pages\/8192","targetHints":{"allow":["GET"]}}],"collection":[{"href":"https:\/\/bhd-environnement.com\/de\/wp-json\/wp\/v2\/pages"}],"about":[{"href":"https:\/\/bhd-environnement.com\/de\/wp-json\/wp\/v2\/types\/page"}],"author":[{"embeddable":true,"href":"https:\/\/bhd-environnement.com\/de\/wp-json\/wp\/v2\/users\/9"}],"replies":[{"embeddable":true,"href":"https:\/\/bhd-environnement.com\/de\/wp-json\/wp\/v2\/comments?post=8192"}],"version-history":[{"count":0,"href":"https:\/\/bhd-environnement.com\/de\/wp-json\/wp\/v2\/pages\/8192\/revisions"}],"wp:attachment":[{"href":"https:\/\/bhd-environnement.com\/de\/wp-json\/wp\/v2\/media?parent=8192"}],"curies":[{"name":"wp","href":"https:\/\/api.w.org\/{rel}","templated":true}]}}