{"id":8228,"date":"2013-12-03T11:06:09","date_gmt":"2013-12-03T10:06:09","guid":{"rendered":"https:\/\/www.rcy.fr\/?page_id=3290"},"modified":"2022-05-11T19:36:24","modified_gmt":"2022-05-11T18:36:24","slug":"bache-transport-2","status":"publish","type":"page","link":"https:\/\/bhd-environnement.com\/de\/bache-transport-2\/","title":{"rendered":"Transportplane"},"content":{"rendered":"\t\t<div data-elementor-type=\"wp-page\" data-elementor-id=\"8228\" class=\"elementor elementor-8228 elementor-7946\" data-elementor-settings=\"{&quot;ha_cmc_init_switcher&quot;:&quot;no&quot;}\" data-elementor-post-type=\"page\">\n\t\t\t\t\t\t<section class=\"elementor-section elementor-top-section elementor-element elementor-element-3c0d0972 elementor-section-content-middle elementor-reverse-tablet elementor-reverse-mobile elementor-section-boxed elementor-section-height-default elementor-section-height-default\" data-id=\"3c0d0972\" data-element_type=\"section\" data-settings=\"{&quot;_ha_eqh_enable&quot;:false}\">\n\t\t\t\t\t\t<div class=\"elementor-container elementor-column-gap-no\">\n\t\t\t\t\t<div class=\"elementor-column elementor-col-50 elementor-top-column elementor-element elementor-element-255a07d3\" data-id=\"255a07d3\" data-element_type=\"column\">\n\t\t\t<div class=\"elementor-widget-wrap elementor-element-populated\">\n\t\t\t\t\t\t<div class=\"elementor-element elementor-element-612f75cf elementor-pagination-position-inside elementor-widget elementor-widget-image-carousel\" data-id=\"612f75cf\" data-element_type=\"widget\" data-settings=\"{&quot;slides_to_show&quot;:&quot;1&quot;,&quot;navigation&quot;:&quot;dots&quot;,&quot;autoplay&quot;:&quot;yes&quot;,&quot;pause_on_hover&quot;:&quot;yes&quot;,&quot;pause_on_interaction&quot;:&quot;yes&quot;,&quot;autoplay_speed&quot;:5000,&quot;infinite&quot;:&quot;yes&quot;,&quot;effect&quot;:&quot;slide&quot;,&quot;speed&quot;:500}\" data-widget_type=\"image-carousel.default\">\n\t\t\t\t<div class=\"elementor-widget-container\">\n\t\t\t\t\t\t\t<div class=\"elementor-image-carousel-wrapper swiper\" role=\"region\" aria-roledescription=\"carousel\" aria-label=\"Bild Karussell\" dir=\"ltr\">\n\t\t\t<div class=\"elementor-image-carousel swiper-wrapper\" aria-live=\"off\">\n\t\t\t\t\t\t\t\t<div class=\"swiper-slide\" role=\"group\" aria-roledescription=\"slide\" aria-label=\"1 von 1\"><figure class=\"swiper-slide-inner\"><img decoding=\"async\" class=\"swiper-slide-image\" src=\"https:\/\/bhd-environnement.com\/wp-content\/uploads\/2022\/05\/Bache-savoyarde-de-camion.jpg\" alt=\"Bache-savoyarde-de-camion\" \/><\/figure><\/div>\t\t\t<\/div>\n\t\t\t\t\t<\/div>\n\t\t\t\t\t\t<\/div>\n\t\t\t\t<\/div>\n\t\t\t\t\t<\/div>\n\t\t<\/div>\n\t\t\t\t<div class=\"elementor-column elementor-col-50 elementor-top-column elementor-element elementor-element-325cd85a\" data-id=\"325cd85a\" data-element_type=\"column\">\n\t\t\t<div class=\"elementor-widget-wrap elementor-element-populated\">\n\t\t\t\t\t\t<section class=\"elementor-section elementor-inner-section elementor-element elementor-element-779150bf elementor-section-boxed elementor-section-height-default elementor-section-height-default\" data-id=\"779150bf\" data-element_type=\"section\" data-settings=\"{&quot;_ha_eqh_enable&quot;:false}\">\n\t\t\t\t\t\t<div class=\"elementor-container elementor-column-gap-default\">\n\t\t\t\t\t<div data-custom-animations=\"true\" data-ca-options=\"{&quot;addChildTimelines&quot;:false,&quot;trigger&quot;:&quot;firstChild&quot;,&quot;animationTarget&quot;:&quot;:scope &gt; .elementor-widget-wrap &gt; .elementor-element &gt; .elementor-widget-container, :scope &gt; .elementor-widget-wrap &gt; .elementor-section &gt; .elementor-container &gt; .elementor-column &gt; .elementor-widget-wrap &gt; .elementor-element:not(.lqd-el-has-inner-anim) &gt; .elementor-widget-container, :scope &gt; .elementor-widget-wrap &gt; .elementor-widget-hub_fancy_heading .lqd-split-lines .lqd-lines .split-inner, :scope &gt; .elementor-widget-wrap &gt; .elementor-widget-hub_fancy_heading .lqd-split-words .lqd-words .split-inner, :scope &gt; .elementor-widget-wrap &gt; .elementor-widget-hub_fancy_heading .lqd-split-chars .lqd-chars .split-inner, :scope &gt; .elementor-widget-wrap &gt; .elementor-widget-ld_custom_menu .lqd-fancy-menu &gt; ul &gt; li&quot;,&quot;ease&quot;:[&quot;power4.out&quot;],&quot;initValues&quot;:{&quot;opacity&quot;:0,&quot;transformOrigin&quot;:&quot;50% 50% 0px&quot;},&quot;animations&quot;:{&quot;opacity&quot;:1,&quot;transformOrigin&quot;:&quot;50% 50% 0px&quot;}}\" class=\"elementor-column elementor-col-100 elementor-inner-column elementor-element elementor-element-60e57231\" data-id=\"60e57231\" data-element_type=\"column\">\n\t\t\t<div class=\"elementor-widget-wrap elementor-element-populated\">\n\t\t\t\t\t\t<div class=\"elementor-element elementor-element-6ad0cc87 elementor-widget elementor-widget-hub_fancy_heading\" data-id=\"6ad0cc87\" data-element_type=\"widget\" data-widget_type=\"hub_fancy_heading.default\">\n\t\t\t\t<div class=\"elementor-widget-container\">\n\t\t\t\t\t\n\t\t<div id=\"ld-fancy-heading-69dc54984bbc9\" class=\"ld-fancy-heading pos-rel\">\n\t\t\t<h2 class=\"ld-fh-element d-inline-block pos-rel  elementor-heading-title lqd-highlight-classic lqd-highlight-grow-left h2\"  > Ihr Spezialist f\u00fcr Transportplanen<\/h2>\t\t<\/div>\n\n\t\t\t\t\t\t<\/div>\n\t\t\t\t<\/div>\n\t\t\t\t<div class=\"elementor-element elementor-element-135b4038 elementor-widget elementor-widget-text-editor\" data-id=\"135b4038\" data-element_type=\"widget\" data-widget_type=\"text-editor.default\">\n\t\t\t\t<div class=\"elementor-widget-container\">\n\t\t\t\t\t\t\t\t\t<p>Sparsamkeit, Sicherheit, Sichtbarkeit \u2013 der Transport steht im Mittelpunkt komplexer wirtschaftlicher Herausforderungen. Seit \u00fcber 40 Jahren haben es die Forschung und das Fachwissen der Gruppe BHD mit der Unterst\u00fctzung von Transportunternehmen erm\u00f6glicht, moderne Sicherungs- und Schutztechnologien f\u00fcr das Transportwesen zu patentieren und ihren Entwicklungen einen Schritt voraus zu sein.<\/p>\t\t\t\t\t\t\t\t<\/div>\n\t\t\t\t<\/div>\n\t\t\t\t\t<\/div>\n\t\t<\/div>\n\t\t\t\t\t<\/div>\n\t\t<\/section>\n\t\t\t\t<section class=\"elementor-section elementor-inner-section elementor-element elementor-element-212dce9 elementor-section-boxed elementor-section-height-default elementor-section-height-default\" data-id=\"212dce9\" data-element_type=\"section\" data-settings=\"{&quot;_ha_eqh_enable&quot;:false}\">\n\t\t\t\t\t\t<div class=\"elementor-container elementor-column-gap-default\">\n\t\t\t\t\t<div data-custom-animations=\"true\" data-ca-options=\"{&quot;addChildTimelines&quot;:false,&quot;trigger&quot;:&quot;firstChild&quot;,&quot;animationTarget&quot;:&quot;:scope &gt; .elementor-widget-wrap &gt; .elementor-element &gt; .elementor-widget-container, :scope &gt; .elementor-widget-wrap &gt; .elementor-section &gt; .elementor-container &gt; .elementor-column &gt; .elementor-widget-wrap &gt; .elementor-element:not(.lqd-el-has-inner-anim) &gt; .elementor-widget-container, :scope &gt; .elementor-widget-wrap &gt; .elementor-widget-hub_fancy_heading .lqd-split-lines .lqd-lines .split-inner, :scope &gt; .elementor-widget-wrap &gt; .elementor-widget-hub_fancy_heading .lqd-split-words .lqd-words .split-inner, :scope &gt; .elementor-widget-wrap &gt; .elementor-widget-hub_fancy_heading .lqd-split-chars .lqd-chars .split-inner, :scope &gt; .elementor-widget-wrap &gt; .elementor-widget-ld_custom_menu .lqd-fancy-menu &gt; ul &gt; li&quot;,&quot;ease&quot;:[&quot;power4.out&quot;],&quot;initValues&quot;:{&quot;opacity&quot;:0,&quot;transformOrigin&quot;:&quot;50% 50% 0px&quot;},&quot;animations&quot;:{&quot;opacity&quot;:1,&quot;transformOrigin&quot;:&quot;50% 50% 0px&quot;}}\" class=\"elementor-column elementor-col-50 elementor-inner-column elementor-element elementor-element-f1d754a\" data-id=\"f1d754a\" data-element_type=\"column\">\n\t\t\t<div class=\"elementor-widget-wrap elementor-element-populated\">\n\t\t\t\t\t\t<div class=\"elementor-element elementor-element-586db30a elementor-widget elementor-widget-ld_button\" data-id=\"586db30a\" data-element_type=\"widget\" data-widget_type=\"ld_button.default\">\n\t\t\t\t<div class=\"elementor-widget-container\">\n\t\t\t\t\t\n\t\t\t<a\n\t\t\t\thref=\"https:\/\/bhd-environnement.com\/contact\/\" rel=\"nofollow\"class=\"elementor-button btn btn-solid btn-icon-sep btn-hover-txt-liquid-x btn-sm btn-icon-left btn-has-label\"\t\t\t>\n\t\t\t\t\t\t\t\t\t<span data-text=\"Kostenvoranschlag anfordern\" class=\"btn-txt\" data-transition-delay=\"true\" data-delay-options=\"{&quot;elements&quot;: &quot;.lqd-chars&quot;, &quot;delayType&quot;: &quot;animation&quot;, &quot;startDelay&quot;: 0, &quot;delayBetween&quot;: 32.5}\" data-split-text=\"true\" data-split-options=\"{&quot;type&quot;: &quot;chars, words&quot;}\">\n\t\t\t\t\t\tKostenvoranschlag anfordern\t\t\t\t\t<\/span>\n\t\t\t\t\t\t\t\t\t\t\t\t\t\t<span class=\"btn-icon\">\n\t\t\t\t\t\t\t<svg aria-hidden=\"true\" class=\"e-font-icon-svg e-fas-sticky-note\" viewBox=\"0 0 448 512\" xmlns=\"http:\/\/www.w3.org\/2000\/svg\"><path d=\"M312 320h136V56c0-13.3-10.7-24-24-24H24C10.7 32 0 42.7 0 56v400c0 13.3 10.7 24 24 24h264V344c0-13.2 10.8-24 24-24zm129 55l-98 98c-4.5 4.5-10.6 7-17 7h-6V352h128v6.1c0 6.3-2.5 12.4-7 16.9z\"><\/path><\/svg>\t\t\t\t\t\t<\/span>\n\t\t\t\t\t\t\t\t\t<\/a>\n\t\t\t\t\t\t\t<\/div>\n\t\t\t\t<\/div>\n\t\t\t\t\t<\/div>\n\t\t<\/div>\n\t\t\t\t<div data-custom-animations=\"true\" data-ca-options=\"{&quot;addChildTimelines&quot;:false,&quot;trigger&quot;:&quot;firstChild&quot;,&quot;animationTarget&quot;:&quot;:scope &gt; .elementor-widget-wrap &gt; .elementor-element &gt; .elementor-widget-container, :scope &gt; .elementor-widget-wrap &gt; .elementor-section &gt; .elementor-container &gt; .elementor-column &gt; .elementor-widget-wrap &gt; .elementor-element:not(.lqd-el-has-inner-anim) &gt; .elementor-widget-container, :scope &gt; .elementor-widget-wrap &gt; .elementor-widget-hub_fancy_heading .lqd-split-lines .lqd-lines .split-inner, :scope &gt; .elementor-widget-wrap &gt; .elementor-widget-hub_fancy_heading .lqd-split-words .lqd-words .split-inner, :scope &gt; .elementor-widget-wrap &gt; .elementor-widget-hub_fancy_heading .lqd-split-chars .lqd-chars .split-inner, :scope &gt; .elementor-widget-wrap &gt; .elementor-widget-ld_custom_menu .lqd-fancy-menu &gt; ul &gt; li&quot;,&quot;ease&quot;:[&quot;power4.out&quot;],&quot;initValues&quot;:{&quot;opacity&quot;:0,&quot;transformOrigin&quot;:&quot;50% 50% 0px&quot;},&quot;animations&quot;:{&quot;opacity&quot;:1,&quot;transformOrigin&quot;:&quot;50% 50% 0px&quot;}}\" class=\"elementor-column elementor-col-50 elementor-inner-column elementor-element elementor-element-b72f4a7\" data-id=\"b72f4a7\" data-element_type=\"column\">\n\t\t\t<div class=\"elementor-widget-wrap\">\n\t\t\t\t\t\t\t<\/div>\n\t\t<\/div>\n\t\t\t\t\t<\/div>\n\t\t<\/section>\n\t\t\t\t\t<\/div>\n\t\t<\/div>\n\t\t\t\t\t<\/div>\n\t\t<\/section>\n\t\t\t\t<section class=\"elementor-section elementor-top-section elementor-element elementor-element-4ae37bad elementor-section-boxed elementor-section-height-default elementor-section-height-default\" data-id=\"4ae37bad\" data-element_type=\"section\" id=\"barrages-hautes-mer\" data-settings=\"{&quot;_ha_eqh_enable&quot;:false}\">\n\t\t\t\t\t\t<div class=\"elementor-container elementor-column-gap-default\">\n\t\t\t\t\t<div class=\"elementor-column elementor-col-100 elementor-top-column elementor-element elementor-element-25d65987\" data-id=\"25d65987\" data-element_type=\"column\">\n\t\t\t<div class=\"elementor-widget-wrap elementor-element-populated\">\n\t\t\t\t\t\t<section class=\"elementor-section elementor-inner-section elementor-element elementor-element-fc6538f elementor-section-boxed elementor-section-height-default elementor-section-height-default\" data-id=\"fc6538f\" data-element_type=\"section\" data-settings=\"{&quot;_ha_eqh_enable&quot;:false}\">\n\t\t\t\t\t\t<div class=\"elementor-container elementor-column-gap-default\">\n\t\t\t\t\t<div class=\"elementor-column elementor-col-100 elementor-inner-column elementor-element elementor-element-660ee706\" data-id=\"660ee706\" data-element_type=\"column\">\n\t\t\t<div class=\"elementor-widget-wrap elementor-element-populated\">\n\t\t\t\t\t\t<div class=\"elementor-element elementor-element-5fb87046 elementor-widget elementor-widget-ld_content_box\" data-id=\"5fb87046\" data-element_type=\"widget\" data-widget_type=\"ld_content_box.default\">\n\t\t\t\t<div class=\"elementor-widget-container\">\n\t\t\t\t\t\n\t\t<div class=\"lqd-fb pos-rel lqd-fb-style-4 lqd-fb-zoom-img-onhover\">\n\t\t\t\t\t<div class=\"lqd-fb-inner\">\n\n\t\t\t\t<div class=\"overflow-hidden lqd-fb-img pos-rel\">\n\n\t\t\t\t\t<figure class=\"w-100\">\n\t\t\t\t\t\t<img decoding=\"async\" class=\"w-100\" src=\"https:\/\/bhd-environnement.com\/wp-content\/uploads\/2022\/05\/Bache-pour-le-transport-routier.jpg\">\t\t\t\t\t<\/figure>\n\n\t\t\t\t\t\n\t\t\t\t<\/div>\n\n\t\t\t\t<div class=\"lqd-fb-content pos-rel\">\n\t\t\t\t\t<div class=\"lqd-fb-bg lqd-overlay\"><\/div>\n\t\t\t\t\t<div class=\"lqd-fb-hover-overlay lqd-overlay\"><\/div>\n\t\t\t\t\t<div class=\"p-5 text-center lqd-fb-content-inner pos-rel\">\n\n\t\t\t\t\t\t<h2 class=\"lqd-fb__title mt-0 mb-3 font-weight-normal \">Lastwagenplane<\/h2>\n\t\t\t\t\t\t\t\t\t\t\t\t<p class=\"mt-0 mb-0\"> Spezialplanen f\u00fcr den Stra\u00dfentransport<\/p>\n\t\t\t\t\t\t\n\t\t\t\t\t<\/div>\n\n\n\t\t\t\t\t\t\t\t\t\t<div class=\"p-3 text-center lqd-fb-footer\">\n\t\t\t\t\t\n\t\t\t<a\n\t\t\t\thref=\"https:\/\/bhd-environnement.com\/bache-camion\/\"class=\"elementor-button btn btn-naked btn-icon-right btn-has-label\"\t\t\t>\n\t\t\t\t\t\t\t\t\t<span data-text=\"Diese Planen anzeigen\" class=\"btn-txt\">\n\t\t\t\t\t\tDiese Planen anzeigen\t\t\t\t\t<\/span>\n\t\t\t\t\t\t\t\t\t\t\t\t\t\t<span class=\"btn-icon\">\n\t\t\t\t\t\t\t<i aria-hidden=\"true\" class=\"lqd-icn-ess icon-md-arrow-forward\"><\/i>\t\t\t\t\t\t<\/span>\n\t\t\t\t\t\t\t\t\t<\/a>\n\t\t\t\t\t\t\t\t<\/div>\n\t\t\t\t\t\n\t\t\t\t<\/div>\n\n\t\t\t<\/div>\n\t\t\t\t\t<\/div>\n\t\t\t\t\t\t<\/div>\n\t\t\t\t<\/div>\n\t\t\t\t<div class=\"elementor-element elementor-element-cff83f7 elementor-widget elementor-widget-ld_content_box\" data-id=\"cff83f7\" data-element_type=\"widget\" data-widget_type=\"ld_content_box.default\">\n\t\t\t\t<div class=\"elementor-widget-container\">\n\t\t\t\t\t\n\t\t<div class=\"lqd-fb pos-rel lqd-fb-style-4 lqd-fb-zoom-img-onhover\">\n\t\t\t\t\t<div class=\"lqd-fb-inner\">\n\n\t\t\t\t<div class=\"overflow-hidden lqd-fb-img pos-rel\">\n\n\t\t\t\t\t<figure class=\"w-100\">\n\t\t\t\t\t\t<img decoding=\"async\" class=\"w-100\" src=\"https:\/\/bhd-environnement.com\/wp-content\/uploads\/2022\/05\/Barnum-evenementiel-bache.jpg\">\t\t\t\t\t<\/figure>\n\n\t\t\t\t\t\n\t\t\t\t<\/div>\n\n\t\t\t\t<div class=\"lqd-fb-content pos-rel\">\n\t\t\t\t\t<div class=\"lqd-fb-bg lqd-overlay\"><\/div>\n\t\t\t\t\t<div class=\"lqd-fb-hover-overlay lqd-overlay\"><\/div>\n\t\t\t\t\t<div class=\"p-5 text-center lqd-fb-content-inner pos-rel\">\n\n\t\t\t\t\t\t<h2 class=\"lqd-fb__title mt-0 mb-3 font-weight-normal \">Eisenbahnplane<\/h2>\n\t\t\t\t\t\t\t\t\t\t\t\t<p class=\"mt-0 mb-0\"> Planen, die den Anforderungen des Schienentransports gerecht werden.<\/p>\n\t\t\t\t\t\t\n\t\t\t\t\t<\/div>\n\n\n\t\t\t\t\t\t\t\t\t\t<div class=\"p-3 text-center lqd-fb-footer\">\n\t\t\t\t\t\n\t\t\t<a\n\t\t\t\thref=\"https:\/\/bhd-environnement.com\/bache-transport-ferroviaire\/\"class=\"elementor-button btn btn-naked btn-icon-right btn-has-label\"\t\t\t>\n\t\t\t\t\t\t\t\t\t<span data-text=\"Diese Planen anzeigen\" class=\"btn-txt\">\n\t\t\t\t\t\tDiese Planen anzeigen\t\t\t\t\t<\/span>\n\t\t\t\t\t\t\t\t\t\t\t\t\t\t<span class=\"btn-icon\">\n\t\t\t\t\t\t\t<i aria-hidden=\"true\" class=\"lqd-icn-ess icon-md-arrow-forward\"><\/i>\t\t\t\t\t\t<\/span>\n\t\t\t\t\t\t\t\t\t<\/a>\n\t\t\t\t\t\t\t\t<\/div>\n\t\t\t\t\t\n\t\t\t\t<\/div>\n\n\t\t\t<\/div>\n\t\t\t\t\t<\/div>\n\t\t\t\t\t\t<\/div>\n\t\t\t\t<\/div>\n\t\t\t\t\t<\/div>\n\t\t<\/div>\n\t\t\t\t\t<\/div>\n\t\t<\/section>\n\t\t\t\t\t<\/div>\n\t\t<\/div>\n\t\t\t\t\t<\/div>\n\t\t<\/section>\n\t\t\t\t<\/div>\n\t\t","protected":false},"excerpt":{"rendered":"<p>Ihr Spezialist f\u00fcr Transportplanen Sparsamkeit, Sicherheit, Sichtbarkeit \u2013 der Transport steht im Mittelpunkt komplexer wirtschaftlicher Herausforderungen. Seit \u00fcber 40 Jahren haben es die Forschung und das Fachwissen der Gruppe BHD mit der Unterst\u00fctzung von Transportunternehmen erm\u00f6glicht, moderne Sicherungs- und Schutztechnologien f\u00fcr das Transportwesen zu patentieren und ihren Entwicklungen einen Schritt voraus zu sein. Kostenvoranschlag anfordern [&hellip;]<\/p>\n","protected":false},"author":9,"featured_media":3071,"parent":0,"menu_order":435,"comment_status":"closed","ping_status":"closed","template":"","meta":{"footnotes":""},"class_list":["post-8228","page","type-page","status-publish","has-post-thumbnail","hentry"],"yoast_head":"<!-- This site is optimized with the Yoast SEO plugin v26.3 - https:\/\/yoast.com\/wordpress\/plugins\/seo\/ -->\n<title>Transportplane - RCY<\/title>\n<meta name=\"description\" content=\"Bei uns profitieren Sie von Fachwissen im Bereich der professionellen Transportplanen. RCY, Ihr Spezialist f\u00fcr Schutzplanen.\" \/>\n<meta name=\"robots\" content=\"index, follow, max-snippet:-1, max-image-preview:large, max-video-preview:-1\" \/>\n<link rel=\"canonical\" href=\"https:\/\/bhd-environnement.com\/de\/bache-transport-2\/\" \/>\n<meta property=\"og:locale\" content=\"de_DE\" \/>\n<meta property=\"og:type\" content=\"article\" \/>\n<meta property=\"og:title\" content=\"Transportplane - RCY\" \/>\n<meta property=\"og:description\" content=\"Bei uns profitieren Sie von Fachwissen im Bereich der professionellen Transportplanen. RCY, Ihr Spezialist f\u00fcr Schutzplanen.\" \/>\n<meta property=\"og:url\" content=\"https:\/\/bhd-environnement.com\/de\/bache-transport-2\/\" \/>\n<meta property=\"og:site_name\" content=\"BHD Environnement\" \/>\n<meta property=\"article:modified_time\" content=\"2022-05-11T18:36:24+00:00\" \/>\n<meta property=\"og:image\" content=\"https:\/\/bhd-environnement.com\/wp-content\/uploads\/2013\/11\/Bache-pour-le-transport-routier.jpg\" \/>\n\t<meta property=\"og:image:width\" content=\"700\" \/>\n\t<meta property=\"og:image:height\" content=\"500\" \/>\n\t<meta property=\"og:image:type\" content=\"image\/jpeg\" \/>\n<meta name=\"twitter:label1\" content=\"Gesch\u00e4tzte Lesezeit\" \/>\n\t<meta name=\"twitter:data1\" content=\"2\u00a0Minuten\" \/>\n<script type=\"application\/ld+json\" class=\"yoast-schema-graph\">{\"@context\":\"https:\/\/schema.org\",\"@graph\":[{\"@type\":\"WebPage\",\"@id\":\"https:\/\/bhd-environnement.com\/de\/bache-transport-2\/\",\"url\":\"https:\/\/bhd-environnement.com\/de\/bache-transport-2\/\",\"name\":\"Transportplane - RCY\",\"isPartOf\":{\"@id\":\"https:\/\/bhd-environnement.com\/#website\"},\"primaryImageOfPage\":{\"@id\":\"https:\/\/bhd-environnement.com\/de\/bache-transport-2\/#primaryimage\"},\"image\":{\"@id\":\"https:\/\/bhd-environnement.com\/de\/bache-transport-2\/#primaryimage\"},\"thumbnailUrl\":\"https:\/\/bhd-environnement.com\/wp-content\/uploads\/2013\/11\/Bache-pour-le-transport-routier.jpg\",\"datePublished\":\"2013-12-03T10:06:09+00:00\",\"dateModified\":\"2022-05-11T18:36:24+00:00\",\"description\":\"Bei uns profitieren Sie von Fachwissen im Bereich der professionellen Transportplanen. RCY, Ihr Spezialist f\u00fcr Schutzplanen.\",\"inLanguage\":\"de\",\"potentialAction\":[{\"@type\":\"ReadAction\",\"target\":[\"https:\/\/bhd-environnement.com\/de\/bache-transport-2\/\"]}]},{\"@type\":\"ImageObject\",\"inLanguage\":\"de\",\"@id\":\"https:\/\/bhd-environnement.com\/de\/bache-transport-2\/#primaryimage\",\"url\":\"https:\/\/bhd-environnement.com\/wp-content\/uploads\/2013\/11\/Bache-pour-le-transport-routier.jpg\",\"contentUrl\":\"https:\/\/bhd-environnement.com\/wp-content\/uploads\/2013\/11\/Bache-pour-le-transport-routier.jpg\",\"width\":700,\"height\":500,\"caption\":\"Bache pour le transport routier\"},{\"@type\":\"WebSite\",\"@id\":\"https:\/\/bhd-environnement.com\/#website\",\"url\":\"https:\/\/bhd-environnement.com\/\",\"name\":\"BHD Environnement\",\"description\":\"Sp\u00e9cialiste du textile technique\",\"publisher\":{\"@id\":\"https:\/\/bhd-environnement.com\/#organization\"},\"potentialAction\":[{\"@type\":\"SearchAction\",\"target\":{\"@type\":\"EntryPoint\",\"urlTemplate\":\"https:\/\/bhd-environnement.com\/?s={search_term_string}\"},\"query-input\":{\"@type\":\"PropertyValueSpecification\",\"valueRequired\":true,\"valueName\":\"search_term_string\"}}],\"inLanguage\":\"de\"},{\"@type\":\"Organization\",\"@id\":\"https:\/\/bhd-environnement.com\/#organization\",\"name\":\"Bhd Environnement\",\"url\":\"https:\/\/bhd-environnement.com\/\",\"logo\":{\"@type\":\"ImageObject\",\"inLanguage\":\"de\",\"@id\":\"https:\/\/bhd-environnement.com\/#\/schema\/logo\/image\/\",\"url\":\"https:\/\/bhd-environnement.com\/wp-content\/uploads\/2024\/06\/logo-bhd-environnement.svg\",\"contentUrl\":\"https:\/\/bhd-environnement.com\/wp-content\/uploads\/2024\/06\/logo-bhd-environnement.svg\",\"width\":659,\"height\":260,\"caption\":\"Bhd Environnement\"},\"image\":{\"@id\":\"https:\/\/bhd-environnement.com\/#\/schema\/logo\/image\/\"}}]}<\/script>\n<!-- \/ Yoast SEO plugin. -->","yoast_head_json":{"title":"Transportplane - RCY","description":"Bei uns profitieren Sie von Fachwissen im Bereich der professionellen Transportplanen. RCY, Ihr Spezialist f\u00fcr Schutzplanen.","robots":{"index":"index","follow":"follow","max-snippet":"max-snippet:-1","max-image-preview":"max-image-preview:large","max-video-preview":"max-video-preview:-1"},"canonical":"https:\/\/bhd-environnement.com\/de\/bache-transport-2\/","og_locale":"de_DE","og_type":"article","og_title":"Transportplane - RCY","og_description":"Bei uns profitieren Sie von Fachwissen im Bereich der professionellen Transportplanen. RCY, Ihr Spezialist f\u00fcr Schutzplanen.","og_url":"https:\/\/bhd-environnement.com\/de\/bache-transport-2\/","og_site_name":"BHD Environnement","article_modified_time":"2022-05-11T18:36:24+00:00","og_image":[{"width":700,"height":500,"url":"https:\/\/bhd-environnement.com\/wp-content\/uploads\/2013\/11\/Bache-pour-le-transport-routier.jpg","type":"image\/jpeg"}],"twitter_misc":{"Gesch\u00e4tzte Lesezeit":"2\u00a0Minuten"},"schema":{"@context":"https:\/\/schema.org","@graph":[{"@type":"WebPage","@id":"https:\/\/bhd-environnement.com\/de\/bache-transport-2\/","url":"https:\/\/bhd-environnement.com\/de\/bache-transport-2\/","name":"Transportplane - RCY","isPartOf":{"@id":"https:\/\/bhd-environnement.com\/#website"},"primaryImageOfPage":{"@id":"https:\/\/bhd-environnement.com\/de\/bache-transport-2\/#primaryimage"},"image":{"@id":"https:\/\/bhd-environnement.com\/de\/bache-transport-2\/#primaryimage"},"thumbnailUrl":"https:\/\/bhd-environnement.com\/wp-content\/uploads\/2013\/11\/Bache-pour-le-transport-routier.jpg","datePublished":"2013-12-03T10:06:09+00:00","dateModified":"2022-05-11T18:36:24+00:00","description":"Bei uns profitieren Sie von Fachwissen im Bereich der professionellen Transportplanen. RCY, Ihr Spezialist f\u00fcr Schutzplanen.","inLanguage":"de","potentialAction":[{"@type":"ReadAction","target":["https:\/\/bhd-environnement.com\/de\/bache-transport-2\/"]}]},{"@type":"ImageObject","inLanguage":"de","@id":"https:\/\/bhd-environnement.com\/de\/bache-transport-2\/#primaryimage","url":"https:\/\/bhd-environnement.com\/wp-content\/uploads\/2013\/11\/Bache-pour-le-transport-routier.jpg","contentUrl":"https:\/\/bhd-environnement.com\/wp-content\/uploads\/2013\/11\/Bache-pour-le-transport-routier.jpg","width":700,"height":500,"caption":"Bache pour le transport routier"},{"@type":"WebSite","@id":"https:\/\/bhd-environnement.com\/#website","url":"https:\/\/bhd-environnement.com\/","name":"BHD Environnement","description":"Sp\u00e9cialiste du textile technique","publisher":{"@id":"https:\/\/bhd-environnement.com\/#organization"},"potentialAction":[{"@type":"SearchAction","target":{"@type":"EntryPoint","urlTemplate":"https:\/\/bhd-environnement.com\/?s={search_term_string}"},"query-input":{"@type":"PropertyValueSpecification","valueRequired":true,"valueName":"search_term_string"}}],"inLanguage":"de"},{"@type":"Organization","@id":"https:\/\/bhd-environnement.com\/#organization","name":"Bhd Environnement","url":"https:\/\/bhd-environnement.com\/","logo":{"@type":"ImageObject","inLanguage":"de","@id":"https:\/\/bhd-environnement.com\/#\/schema\/logo\/image\/","url":"https:\/\/bhd-environnement.com\/wp-content\/uploads\/2024\/06\/logo-bhd-environnement.svg","contentUrl":"https:\/\/bhd-environnement.com\/wp-content\/uploads\/2024\/06\/logo-bhd-environnement.svg","width":659,"height":260,"caption":"Bhd Environnement"},"image":{"@id":"https:\/\/bhd-environnement.com\/#\/schema\/logo\/image\/"}}]}},"_links":{"self":[{"href":"https:\/\/bhd-environnement.com\/de\/wp-json\/wp\/v2\/pages\/8228","targetHints":{"allow":["GET"]}}],"collection":[{"href":"https:\/\/bhd-environnement.com\/de\/wp-json\/wp\/v2\/pages"}],"about":[{"href":"https:\/\/bhd-environnement.com\/de\/wp-json\/wp\/v2\/types\/page"}],"author":[{"embeddable":true,"href":"https:\/\/bhd-environnement.com\/de\/wp-json\/wp\/v2\/users\/9"}],"replies":[{"embeddable":true,"href":"https:\/\/bhd-environnement.com\/de\/wp-json\/wp\/v2\/comments?post=8228"}],"version-history":[{"count":0,"href":"https:\/\/bhd-environnement.com\/de\/wp-json\/wp\/v2\/pages\/8228\/revisions"}],"wp:featuredmedia":[{"embeddable":true,"href":"https:\/\/bhd-environnement.com\/de\/wp-json\/wp\/v2\/media\/3071"}],"wp:attachment":[{"href":"https:\/\/bhd-environnement.com\/de\/wp-json\/wp\/v2\/media?parent=8228"}],"curies":[{"name":"wp","href":"https:\/\/api.w.org\/{rel}","templated":true}]}}