{"id":8239,"date":"2013-12-03T15:11:15","date_gmt":"2013-12-03T14:11:15","guid":{"rendered":"https:\/\/de.rcy.fr\/?page_id=3348"},"modified":"2015-09-10T15:27:47","modified_gmt":"2015-09-10T14:27:47","slug":"systeme-chauffage","status":"publish","type":"page","link":"https:\/\/bhd-environnement.com\/de\/tentes-gonflables-2\/accessoires-tentes-gonflables\/systeme-chauffage\/","title":{"rendered":"Heizsystem"},"content":{"rendered":"<p>[two_fifth][wooslider slide_page=&#8220;systeme-de-chauffage&#8220; slider_type=&#8220;slides&#8220; limit=&#8220;5&#8243;][\/two_fifth]<br \/>\n[three_fifth_last]<\/p>\n<h1>Heizsystem<\/h1>\n<p>RCY bietet eine ganze Reihe von heiz\u00f6lbetriebenen Warmluft-Heizsystemen an, die speziell f\u00fcr diese Zelte entwickelt wurden und optimalen Benutzerkomfort bieten.<\/p>\n<div class=\"actions\">\n[one_half]<br \/>\n[button onclick=&#8220;ga(&#8217;send&#8216;, &#8218;event&#8216;, &#8218;tentes-gonflables&#8216;, &#8218;Clic-devis&#8216;, &#8218;Devis systeme-chauffage-tente-gonflable&#8216;);&#8220; link=&#8220;https:\/\/bhd-environnement.com\/contact\/&#8220; size=&#8220;medium&#8220; color=&#8220;red&#8220; style=&#8220;light&#8220; lightbox=&#8220;false&#8220; iconbox=&#8220;edit&#8220;]Kostenvoranschlag anfordern[\/button]<br \/>\n[\/one_half]<br \/>\n[one_half_last]<br \/>\n[button onclick=&#8220;ga(&#8217;send&#8216;, &#8218;event&#8216;, &#8218;tentes-gonflables&#8216;, &#8218;Clic-telechargement&#8216;, &#8218;PDF systeme-chauffage-tente-gonflable&#8216;);&#8220; link=&#8220;https:\/\/bhd-environnement.com\/wp-content\/uploads\/2013\/12\/Syst\u00e8me-de-chauffage-BEC-37-pour-tente-gonflable-fiche-technique.pdf&#8220; size=&#8220;medium&#8220; color=&#8220;red&#8220; style=&#8220;light&#8220; lightbox=&#8220;false&#8220; iconbox=&#8220;pdf&#8220;]pdf zum Herunterladen[\/button]<br \/>\n[\/one_half_last]\n<\/div>\n<p>[\/three_fifth_last]<br \/>\nDie verf\u00fcgbaren Heizungen sind mit einer Brennkammer aus feuerfestem Edelstahl ausgestattet und garantieren absolut saubere Warmluft und dank dem hohen Luftdurchsatz des Schneckenventilators auch perfekte W\u00e4rmeverteilung. Ihr Betrieb ist vollautomatisch.<\/p>\n<p>Je nach Modell k\u00f6nnen ein bis zwei Zelte gleichzeitig geheizt werden.<\/p>\n<p>Die Heizungen sind insbesondere ausgestattet mit:<br \/>\n\u2022 R\u00e4dern und Transportwagen;<br \/>\n\u2022 Einstellbarem Thermostat;<br \/>\n\u2022 Feuerbest\u00e4ndigen Sch\u00e4chten, deren L\u00e4nge an das Zelt angepasst ist.<\/p>\n<p>[hr style=&#8220;3&#8243; margin=&#8220;20px 0 40px&#8220;]<\/p>\n<h2>Weiteres bei uns erh\u00e4ltliches Zubeh\u00f6r f\u00fcr aufblasbare Zelte<\/h2>\n<p>[one_third]<a href=\"https:\/\/bhd-environnement.com\/systeme-eclairage-tente-gonflable\/\">[teaser img=&#8220;https:\/\/bhd-environnement.com\/wp-content\/uploads\/2013\/12\/eclairage-pour-tentes-gonflables.jpg&#8220;]<\/p>\n<h3><a href=\"https:\/\/bhd-environnement.com\/systeme-eclairage-tente-gonflable\/\">Beleuchtungssystem<\/a><\/h3>\n<p>Die Beleuchtung besteht aus doppelten Neonr\u00f6hren. F\u00fcr Zelte mit gr\u00f6\u00dferen Fl\u00e4chen k\u00f6nnen mehrere Bl\u00f6cke seriell angeschlossen werden.<br \/>\n[button link=&#8220;https:\/\/bhd-environnement.com\/systeme-eclairage-tente-gonflable\/&#8220; size=&#8220;small&#8220; icon=&#8220;share-alt&#8220; color=&#8220;alternative-1&#8243;]System anzeigen[\/button]<br \/>\n[\/teaser][\/one_third]<\/p>\n<p>[one_third]<a href=\"https:\/\/bhd-environnement.com\/filet-accessoires-tente-gonflable\/\">[teaser img=&#8220;https:\/\/bhd-environnement.com\/wp-content\/uploads\/2013\/12\/Filet-accessoire-pour-tente-gonflables.jpg&#8220;]<\/p>\n<h3><a href=\"https:\/\/bhd-environnement.com\/filet-accessoires-tente-gonflable\/\">Zubeh\u00f6rnetz<\/a><\/h3>\n<p>Am perforierten Zubeh\u00f6rnetz k\u00f6nnen zahlreiche leichte Ausr\u00fcstungen, wie etwa elektrische Anschlussk\u00e4sten, aufgeh\u00e4ngt werden.<br \/>\n[button link=&#8220;https:\/\/bhd-environnement.com\/filet-accessoires-tente-gonflable\/&#8220; size=&#8220;small&#8220; icon=&#8220;share-alt&#8220; color=&#8220;alternative-1&#8243;]Netz anzeigen[\/button]<br \/>\n[\/teaser][\/one_third]<\/p>\n<p>[one_third_last]<a href=\"https:\/\/bhd-environnement.com\/portes-laterales-tente-gonflable\/\">[teaser img=&#8220;https:\/\/bhd-environnement.com\/wp-content\/uploads\/2013\/12\/Porte-lat\u00e9rale-pour-tentes-gonflables.jpg&#8220;]<\/p>\n<h3><a href=\"https:\/\/bhd-environnement.com\/portes-laterales-tente-gonflable\/\">Seitent\u00fcren<\/a><\/h3>\n<p>Mit den Seitent\u00fcren k\u00f6nnen zwei aufblasbare Zelte von RCY miteinander \u00fcber eine dichte, normierte Schleuse miteinander verbunden werden.<br \/>\n[button link=&#8220;https:\/\/bhd-environnement.com\/portes-laterales-tente-gonflable\/&#8220; size=&#8220;small&#8220; icon=&#8220;share-alt&#8220; color=&#8220;alternative-1&#8243;]T\u00fcren anzeigen[\/button]<br \/>\n[\/teaser][\/one_third_last]<\/p>\n","protected":false},"excerpt":{"rendered":"<p>[two_fifth][wooslider slide_page=&#8220;systeme-de-chauffage&#8220; slider_type=&#8220;slides&#8220; limit=&#8220;5&#8243;][\/two_fifth] [three_fifth_last] Heizsystem RCY bietet eine ganze Reihe von heiz\u00f6lbetriebenen Warmluft-Heizsystemen an, die speziell f\u00fcr diese Zelte entwickelt wurden und optimalen Benutzerkomfort bieten. [one_half] [button onclick=&#8220;ga(&#8217;send&#8216;, &#8218;event&#8216;, &#8218;tentes-gonflables&#8216;, &#8218;Clic-devis&#8216;, &#8218;Devis systeme-chauffage-tente-gonflable&#8216;);&#8220; link=&#8220;https:\/\/bhd-environnement.com\/contact\/&#8220; size=&#8220;medium&#8220; color=&#8220;red&#8220; style=&#8220;light&#8220; lightbox=&#8220;false&#8220; iconbox=&#8220;edit&#8220;]Kostenvoranschlag anfordern[\/button] [\/one_half] [one_half_last] [button onclick=&#8220;ga(&#8217;send&#8216;, &#8218;event&#8216;, &#8218;tentes-gonflables&#8216;, &#8218;Clic-telechargement&#8216;, &#8218;PDF systeme-chauffage-tente-gonflable&#8216;);&#8220; link=&#8220;https:\/\/bhd-environnement.com\/wp-content\/uploads\/2013\/12\/Syst\u00e8me-de-chauffage-BEC-37-pour-tente-gonflable-fiche-technique.pdf&#8220; size=&#8220;medium&#8220; color=&#8220;red&#8220; style=&#8220;light&#8220; lightbox=&#8220;false&#8220; [&hellip;]<\/p>\n","protected":false},"author":9,"featured_media":0,"parent":8246,"menu_order":73,"comment_status":"closed","ping_status":"closed","template":"","meta":{"footnotes":""},"class_list":["post-8239","page","type-page","status-publish","hentry"],"yoast_head":"<!-- This site is optimized with the Yoast SEO plugin v26.3 - https:\/\/yoast.com\/wordpress\/plugins\/seo\/ -->\n<title>Heizsystem f\u00fcr aufblasbare Zelte - RCY<\/title>\n<meta name=\"description\" content=\"Bei uns finden Sie ein speziell f\u00fcr aufblasbare Zelte entwickeltes Heizsystem, das ihnen optimalen Benutzerkomfort garantiert und schnell zu installieren ist.\" \/>\n<meta name=\"robots\" content=\"index, follow, max-snippet:-1, max-image-preview:large, max-video-preview:-1\" \/>\n<link rel=\"canonical\" href=\"https:\/\/bhd-environnement.com\/de\/tentes-gonflables-2\/accessoires-tentes-gonflables\/systeme-chauffage\/\" \/>\n<meta property=\"og:locale\" content=\"de_DE\" \/>\n<meta property=\"og:type\" content=\"article\" \/>\n<meta property=\"og:title\" content=\"Heizsystem f\u00fcr aufblasbare Zelte - RCY\" \/>\n<meta property=\"og:description\" content=\"Bei uns finden Sie ein speziell f\u00fcr aufblasbare Zelte entwickeltes Heizsystem, das ihnen optimalen Benutzerkomfort garantiert und schnell zu installieren ist.\" \/>\n<meta property=\"og:url\" content=\"https:\/\/bhd-environnement.com\/de\/tentes-gonflables-2\/accessoires-tentes-gonflables\/systeme-chauffage\/\" \/>\n<meta property=\"og:site_name\" content=\"BHD Environnement\" \/>\n<meta property=\"article:modified_time\" content=\"2015-09-10T14:27:47+00:00\" \/>\n<meta name=\"twitter:label1\" content=\"Gesch\u00e4tzte Lesezeit\" \/>\n\t<meta name=\"twitter:data1\" content=\"2\u00a0Minuten\" \/>\n<script type=\"application\/ld+json\" class=\"yoast-schema-graph\">{\"@context\":\"https:\/\/schema.org\",\"@graph\":[{\"@type\":\"WebPage\",\"@id\":\"https:\/\/bhd-environnement.com\/de\/tentes-gonflables-2\/accessoires-tentes-gonflables\/systeme-chauffage\/\",\"url\":\"https:\/\/bhd-environnement.com\/de\/tentes-gonflables-2\/accessoires-tentes-gonflables\/systeme-chauffage\/\",\"name\":\"Heizsystem f\u00fcr aufblasbare Zelte - RCY\",\"isPartOf\":{\"@id\":\"https:\/\/bhd-environnement.com\/#website\"},\"datePublished\":\"2013-12-03T14:11:15+00:00\",\"dateModified\":\"2015-09-10T14:27:47+00:00\",\"description\":\"Bei uns finden Sie ein speziell f\u00fcr aufblasbare Zelte entwickeltes Heizsystem, das ihnen optimalen Benutzerkomfort garantiert und schnell zu installieren ist.\",\"breadcrumb\":{\"@id\":\"https:\/\/bhd-environnement.com\/de\/tentes-gonflables-2\/accessoires-tentes-gonflables\/systeme-chauffage\/#breadcrumb\"},\"inLanguage\":\"de\",\"potentialAction\":[{\"@type\":\"ReadAction\",\"target\":[\"https:\/\/bhd-environnement.com\/de\/tentes-gonflables-2\/accessoires-tentes-gonflables\/systeme-chauffage\/\"]}]},{\"@type\":\"BreadcrumbList\",\"@id\":\"https:\/\/bhd-environnement.com\/de\/tentes-gonflables-2\/accessoires-tentes-gonflables\/systeme-chauffage\/#breadcrumb\",\"itemListElement\":[{\"@type\":\"ListItem\",\"position\":1,\"name\":\"Aufblasbare Zelte\",\"item\":\"https:\/\/bhd-environnement.com\/de\/tentes-gonflables-2\/\"},{\"@type\":\"ListItem\",\"position\":2,\"name\":\"Zubeh\u00f6r f\u00fcr aufblasbare Zelte\",\"item\":\"https:\/\/bhd-environnement.com\/de\/tentes-gonflables-2\/accessoires-tentes-gonflables\/\"},{\"@type\":\"ListItem\",\"position\":3,\"name\":\"Heizsystem\"}]},{\"@type\":\"WebSite\",\"@id\":\"https:\/\/bhd-environnement.com\/#website\",\"url\":\"https:\/\/bhd-environnement.com\/\",\"name\":\"BHD Environnement\",\"description\":\"Sp\u00e9cialiste du textile technique\",\"publisher\":{\"@id\":\"https:\/\/bhd-environnement.com\/#organization\"},\"potentialAction\":[{\"@type\":\"SearchAction\",\"target\":{\"@type\":\"EntryPoint\",\"urlTemplate\":\"https:\/\/bhd-environnement.com\/?s={search_term_string}\"},\"query-input\":{\"@type\":\"PropertyValueSpecification\",\"valueRequired\":true,\"valueName\":\"search_term_string\"}}],\"inLanguage\":\"de\"},{\"@type\":\"Organization\",\"@id\":\"https:\/\/bhd-environnement.com\/#organization\",\"name\":\"Bhd Environnement\",\"url\":\"https:\/\/bhd-environnement.com\/\",\"logo\":{\"@type\":\"ImageObject\",\"inLanguage\":\"de\",\"@id\":\"https:\/\/bhd-environnement.com\/#\/schema\/logo\/image\/\",\"url\":\"https:\/\/bhd-environnement.com\/wp-content\/uploads\/2024\/06\/logo-bhd-environnement.svg\",\"contentUrl\":\"https:\/\/bhd-environnement.com\/wp-content\/uploads\/2024\/06\/logo-bhd-environnement.svg\",\"width\":659,\"height\":260,\"caption\":\"Bhd Environnement\"},\"image\":{\"@id\":\"https:\/\/bhd-environnement.com\/#\/schema\/logo\/image\/\"}}]}<\/script>\n<!-- \/ Yoast SEO plugin. -->","yoast_head_json":{"title":"Heizsystem f\u00fcr aufblasbare Zelte - RCY","description":"Bei uns finden Sie ein speziell f\u00fcr aufblasbare Zelte entwickeltes Heizsystem, das ihnen optimalen Benutzerkomfort garantiert und schnell zu installieren ist.","robots":{"index":"index","follow":"follow","max-snippet":"max-snippet:-1","max-image-preview":"max-image-preview:large","max-video-preview":"max-video-preview:-1"},"canonical":"https:\/\/bhd-environnement.com\/de\/tentes-gonflables-2\/accessoires-tentes-gonflables\/systeme-chauffage\/","og_locale":"de_DE","og_type":"article","og_title":"Heizsystem f\u00fcr aufblasbare Zelte - RCY","og_description":"Bei uns finden Sie ein speziell f\u00fcr aufblasbare Zelte entwickeltes Heizsystem, das ihnen optimalen Benutzerkomfort garantiert und schnell zu installieren ist.","og_url":"https:\/\/bhd-environnement.com\/de\/tentes-gonflables-2\/accessoires-tentes-gonflables\/systeme-chauffage\/","og_site_name":"BHD Environnement","article_modified_time":"2015-09-10T14:27:47+00:00","twitter_misc":{"Gesch\u00e4tzte Lesezeit":"2\u00a0Minuten"},"schema":{"@context":"https:\/\/schema.org","@graph":[{"@type":"WebPage","@id":"https:\/\/bhd-environnement.com\/de\/tentes-gonflables-2\/accessoires-tentes-gonflables\/systeme-chauffage\/","url":"https:\/\/bhd-environnement.com\/de\/tentes-gonflables-2\/accessoires-tentes-gonflables\/systeme-chauffage\/","name":"Heizsystem f\u00fcr aufblasbare Zelte - RCY","isPartOf":{"@id":"https:\/\/bhd-environnement.com\/#website"},"datePublished":"2013-12-03T14:11:15+00:00","dateModified":"2015-09-10T14:27:47+00:00","description":"Bei uns finden Sie ein speziell f\u00fcr aufblasbare Zelte entwickeltes Heizsystem, das ihnen optimalen Benutzerkomfort garantiert und schnell zu installieren ist.","breadcrumb":{"@id":"https:\/\/bhd-environnement.com\/de\/tentes-gonflables-2\/accessoires-tentes-gonflables\/systeme-chauffage\/#breadcrumb"},"inLanguage":"de","potentialAction":[{"@type":"ReadAction","target":["https:\/\/bhd-environnement.com\/de\/tentes-gonflables-2\/accessoires-tentes-gonflables\/systeme-chauffage\/"]}]},{"@type":"BreadcrumbList","@id":"https:\/\/bhd-environnement.com\/de\/tentes-gonflables-2\/accessoires-tentes-gonflables\/systeme-chauffage\/#breadcrumb","itemListElement":[{"@type":"ListItem","position":1,"name":"Aufblasbare Zelte","item":"https:\/\/bhd-environnement.com\/de\/tentes-gonflables-2\/"},{"@type":"ListItem","position":2,"name":"Zubeh\u00f6r f\u00fcr aufblasbare Zelte","item":"https:\/\/bhd-environnement.com\/de\/tentes-gonflables-2\/accessoires-tentes-gonflables\/"},{"@type":"ListItem","position":3,"name":"Heizsystem"}]},{"@type":"WebSite","@id":"https:\/\/bhd-environnement.com\/#website","url":"https:\/\/bhd-environnement.com\/","name":"BHD Environnement","description":"Sp\u00e9cialiste du textile technique","publisher":{"@id":"https:\/\/bhd-environnement.com\/#organization"},"potentialAction":[{"@type":"SearchAction","target":{"@type":"EntryPoint","urlTemplate":"https:\/\/bhd-environnement.com\/?s={search_term_string}"},"query-input":{"@type":"PropertyValueSpecification","valueRequired":true,"valueName":"search_term_string"}}],"inLanguage":"de"},{"@type":"Organization","@id":"https:\/\/bhd-environnement.com\/#organization","name":"Bhd Environnement","url":"https:\/\/bhd-environnement.com\/","logo":{"@type":"ImageObject","inLanguage":"de","@id":"https:\/\/bhd-environnement.com\/#\/schema\/logo\/image\/","url":"https:\/\/bhd-environnement.com\/wp-content\/uploads\/2024\/06\/logo-bhd-environnement.svg","contentUrl":"https:\/\/bhd-environnement.com\/wp-content\/uploads\/2024\/06\/logo-bhd-environnement.svg","width":659,"height":260,"caption":"Bhd Environnement"},"image":{"@id":"https:\/\/bhd-environnement.com\/#\/schema\/logo\/image\/"}}]}},"_links":{"self":[{"href":"https:\/\/bhd-environnement.com\/de\/wp-json\/wp\/v2\/pages\/8239","targetHints":{"allow":["GET"]}}],"collection":[{"href":"https:\/\/bhd-environnement.com\/de\/wp-json\/wp\/v2\/pages"}],"about":[{"href":"https:\/\/bhd-environnement.com\/de\/wp-json\/wp\/v2\/types\/page"}],"author":[{"embeddable":true,"href":"https:\/\/bhd-environnement.com\/de\/wp-json\/wp\/v2\/users\/9"}],"replies":[{"embeddable":true,"href":"https:\/\/bhd-environnement.com\/de\/wp-json\/wp\/v2\/comments?post=8239"}],"version-history":[{"count":0,"href":"https:\/\/bhd-environnement.com\/de\/wp-json\/wp\/v2\/pages\/8239\/revisions"}],"up":[{"embeddable":true,"href":"https:\/\/bhd-environnement.com\/de\/wp-json\/wp\/v2\/pages\/8246"}],"wp:attachment":[{"href":"https:\/\/bhd-environnement.com\/de\/wp-json\/wp\/v2\/media?parent=8239"}],"curies":[{"name":"wp","href":"https:\/\/api.w.org\/{rel}","templated":true}]}}