{"id":7644,"date":"2015-04-08T15:14:31","date_gmt":"2015-04-08T14:14:31","guid":{"rendered":"https:\/\/en.rcy.fr\/?page_id=7644"},"modified":"2015-09-10T15:26:52","modified_gmt":"2015-09-10T14:26:52","slug":"repair-kit-2","status":"publish","type":"page","link":"https:\/\/bhd-environnement.com\/en\/the-flood-barrier-specialist\/boom-accessories\/repair-kit-2\/","title":{"rendered":"REPAIR KIT"},"content":{"rendered":"<p>[two_fifth][wooslider slide_page=&#8221;kit-reparation&#8221; slider_type=&#8221;slides&#8221; limit=&#8221;5&#8243;][\/two_fifth] [three_fifth_last]<\/p>\n<h1><span style=\"color: #b51a4a;\">Kit de r\u00e9paration<\/span><\/h1>\n<p style=\"text-align: justify;\">For small repairs and maintenance, RCY offers made-to-measure repair and maintenance kits.<\/p>\n<p>[gap height=&#8221;10&#8243;]<\/p>\n<div class=\"actions\">\n[one_half]<br \/>\n[button onclick=&#8221;ga(&#8216;send&#8217;, &#8216;event&#8217;, &#8216;barrages-anti-inondation&#8217;, &#8216;Clic-devis&#8217;, &#8216;Devis kit-reparation-anti-inondation&#8217;);&#8221; link=&#8221;https:\/\/bhd-environnement.com\/contact\/&#8221; size=&#8221;medium&#8221; color=&#8221;red&#8221; style=&#8221;light&#8221; lightbox=&#8221;false&#8221; iconbox=&#8221;edit&#8221;]Contact us[\/button]<br \/>\n[\/one_half]<br \/>\n[one_half_last]<br \/>\n[button onclick=&#8221;ga(&#8216;send&#8217;, &#8216;event&#8217;, &#8216;barrages-anti-inondation&#8217;, &#8216;Clic-telechargement&#8217;, &#8216;PDF kit-reparation-anti-inondation&#8217;);&#8221; link=&#8221;https:\/\/bhd-environnement.com\/wp-content\/uploads\/2014\/10\/FICHE-TECHNIQUE-Kit-de-r\u00e9paration.pdf&#8221; size=&#8221;medium&#8221; color=&#8221;red&#8221; style=&#8221;light&#8221; lightbox=&#8221;false&#8221; iconbox=&#8221;pdf&#8221;]Download PDF[\/button]<br \/>\n[\/one_half_last]\n<\/div>\n<p>[\/three_fifth_last]<\/p>\n<p>[hr style=&#8221;3&#8243; margin=&#8221;20px 0 40px&#8221;]<\/p>\n<h2>OTHER BOOM ACCESSORIES\/h2><br \/>\n[one_third]<a href=\"https:\/\/bhd-environnement.com\/bache-protection\/\">[teaser img=&#8221;https:\/\/bhd-environnement.com\/wp-content\/uploads\/2013\/12\/Bache-couverture-de-protection-pour-barrage.jpg&#8221;]<\/a><\/p>\n<h3><a href=\"https:\/\/bhd-environnement.com\/bache-protection\/\">B\u00e2che de protection<\/a><\/h3>\n<p>Nous proposons des b\u00e2ches de protection en PVC pour prot\u00e9ger les barrages Water Rails \u00ae contre toutes sortes d\u2019\u00e9l\u00e9ments transport\u00e9s par l\u2019eau.  [button link=&#8221;https:\/\/bhd-environnement.com\/bache-protection\/&#8221; size=&#8221;small&#8221; icon=&#8221;share-alt&#8221; color=&#8221;alternative-1&#8243;]Voir cet accessoire[\/button] [\/teaser] [\/one_third] [one_third]<a href=\"https:\/\/bhd-environnement.com\/piece-jonction-mur\/\">[teaser img=&#8221;https:\/\/bhd-environnement.com\/wp-content\/uploads\/2013\/12\/Piece-de-jonction-pour-barrage-anti-inondation.jpg&#8221;]<\/a><\/p>\n<h3><a href=\"https:\/\/bhd-environnement.com\/piece-jonction-mur\/\">Pi\u00e8ce de jointe avec mur<\/a><\/h3>\n<p>Les pi\u00e8ces de jonction sont utilis\u00e9es, associ\u00e9es aux barrages Water Rails \u00ae, pour assurer une protection au niveau de portails de b\u00e2timents. [button link=&#8221;https:\/\/bhd-environnement.com\/piece-jonction-mur\/&#8221; size=&#8221;small&#8221; icon=&#8221;share-alt&#8221; color=&#8221;alternative-1&#8243;]Voir cet accessoire[\/button] [\/teaser][\/one_third] [one_third_last]<a href=\"https:\/\/bhd-environnement.com\/protection-embacle\/\">[teaser img=&#8221;https:\/\/bhd-environnement.com\/wp-content\/uploads\/2013\/12\/Protection-embacle.jpg&#8221;]<\/a><\/p>\n<h3><a href=\"https:\/\/bhd-environnement.com\/protection-embacle\/\">Protection embacle<\/a><\/h3>\n<p>Les protections emb\u00e2cles pour barrages Water Rails \u00ae sont une s\u00e9curit\u00e9 suppl\u00e9mentaire, elles apportent de la r\u00e9sistance en cas de courants forts [button link=&#8221;https:\/\/bhd-environnement.com\/protection-embacle\/&#8221; size=&#8221;small&#8221; icon=&#8221;share-alt&#8221; color=&#8221;alternative-1&#8243;]Voir cet accessoire[\/button] [\/teaser][\/one_third_last]<\/p>\n","protected":false},"excerpt":{"rendered":"<p>[two_fifth][wooslider slide_page=&#8221;kit-reparation&#8221; slider_type=&#8221;slides&#8221; limit=&#8221;5&#8243;][\/two_fifth] [three_fifth_last] Kit de r\u00e9paration For small repairs and maintenance, RCY offers made-to-measure repair and maintenance kits. [gap height=&#8221;10&#8243;] [one_half] [button onclick=&#8221;ga(&#8216;send&#8217;, &#8216;event&#8217;, &#8216;barrages-anti-inondation&#8217;, &#8216;Clic-devis&#8217;, &#8216;Devis kit-reparation-anti-inondation&#8217;);&#8221; link=&#8221;https:\/\/bhd-environnement.com\/contact\/&#8221; size=&#8221;medium&#8221; color=&#8221;red&#8221; style=&#8221;light&#8221; lightbox=&#8221;false&#8221; iconbox=&#8221;edit&#8221;]Contact us[\/button] [\/one_half] [one_half_last] [button onclick=&#8221;ga(&#8216;send&#8217;, &#8216;event&#8217;, &#8216;barrages-anti-inondation&#8217;, &#8216;Clic-telechargement&#8217;, &#8216;PDF kit-reparation-anti-inondation&#8217;);&#8221; link=&#8221;https:\/\/bhd-environnement.com\/wp-content\/uploads\/2014\/10\/FICHE-TECHNIQUE-Kit-de-r\u00e9paration.pdf&#8221; size=&#8221;medium&#8221; color=&#8221;red&#8221; style=&#8221;light&#8221; lightbox=&#8221;false&#8221; iconbox=&#8221;pdf&#8221;]Download PDF[\/button] [\/one_half_last] [\/three_fifth_last] [&hellip;]<\/p>\n","protected":false},"author":9,"featured_media":0,"parent":7918,"menu_order":381,"comment_status":"closed","ping_status":"open","template":"","meta":{"footnotes":""},"class_list":["post-7644","page","type-page","status-publish","hentry"],"yoast_head":"<!-- This site is optimized with the Yoast SEO plugin v26.3 - https:\/\/yoast.com\/wordpress\/plugins\/seo\/ -->\n<title>REPAIR KIT - RCY<\/title>\n<meta name=\"description\" content=\"For small repairs and maintenance, RCY offers made-to-measure repair and maintenance kits.\" \/>\n<meta name=\"robots\" content=\"noindex, nofollow\" \/>\n<meta property=\"og:locale\" content=\"en_US\" \/>\n<meta property=\"og:type\" content=\"article\" \/>\n<meta property=\"og:title\" content=\"REPAIR KIT - RCY\" \/>\n<meta property=\"og:description\" content=\"For small repairs and maintenance, RCY offers made-to-measure repair and maintenance kits.\" \/>\n<meta property=\"og:url\" content=\"https:\/\/bhd-environnement.com\/en\/the-flood-barrier-specialist\/boom-accessories\/repair-kit-2\/\" \/>\n<meta property=\"og:site_name\" content=\"BHD Environnement\" \/>\n<meta property=\"article:modified_time\" content=\"2015-09-10T14:26:52+00:00\" \/>\n<meta name=\"twitter:label1\" content=\"Est. reading time\" \/>\n\t<meta name=\"twitter:data1\" content=\"1 minute\" \/>\n<script type=\"application\/ld+json\" class=\"yoast-schema-graph\">{\"@context\":\"https:\/\/schema.org\",\"@graph\":[{\"@type\":\"WebPage\",\"@id\":\"https:\/\/bhd-environnement.com\/en\/the-flood-barrier-specialist\/boom-accessories\/repair-kit-2\/\",\"url\":\"https:\/\/bhd-environnement.com\/en\/the-flood-barrier-specialist\/boom-accessories\/repair-kit-2\/\",\"name\":\"REPAIR KIT - RCY\",\"isPartOf\":{\"@id\":\"https:\/\/bhd-environnement.com\/#website\"},\"datePublished\":\"2015-04-08T14:14:31+00:00\",\"dateModified\":\"2015-09-10T14:26:52+00:00\",\"description\":\"For small repairs and maintenance, RCY offers made-to-measure repair and maintenance kits.\",\"breadcrumb\":{\"@id\":\"https:\/\/bhd-environnement.com\/en\/the-flood-barrier-specialist\/boom-accessories\/repair-kit-2\/#breadcrumb\"},\"inLanguage\":\"en-US\",\"potentialAction\":[{\"@type\":\"ReadAction\",\"target\":[\"https:\/\/bhd-environnement.com\/en\/the-flood-barrier-specialist\/boom-accessories\/repair-kit-2\/\"]}]},{\"@type\":\"BreadcrumbList\",\"@id\":\"https:\/\/bhd-environnement.com\/en\/the-flood-barrier-specialist\/boom-accessories\/repair-kit-2\/#breadcrumb\",\"itemListElement\":[{\"@type\":\"ListItem\",\"position\":1,\"name\":\"The flood barrier specialist\",\"item\":\"https:\/\/bhd-environnement.com\/en\/the-flood-barrier-specialist\/\"},{\"@type\":\"ListItem\",\"position\":2,\"name\":\"BOOM ACCESSORIES\",\"item\":\"https:\/\/bhd-environnement.com\/en\/the-flood-barrier-specialist\/boom-accessories\/\"},{\"@type\":\"ListItem\",\"position\":3,\"name\":\"REPAIR KIT\"}]},{\"@type\":\"WebSite\",\"@id\":\"https:\/\/bhd-environnement.com\/#website\",\"url\":\"https:\/\/bhd-environnement.com\/\",\"name\":\"BHD Environnement\",\"description\":\"Sp\u00e9cialiste du textile technique\",\"publisher\":{\"@id\":\"https:\/\/bhd-environnement.com\/#organization\"},\"potentialAction\":[{\"@type\":\"SearchAction\",\"target\":{\"@type\":\"EntryPoint\",\"urlTemplate\":\"https:\/\/bhd-environnement.com\/?s={search_term_string}\"},\"query-input\":{\"@type\":\"PropertyValueSpecification\",\"valueRequired\":true,\"valueName\":\"search_term_string\"}}],\"inLanguage\":\"en-US\"},{\"@type\":\"Organization\",\"@id\":\"https:\/\/bhd-environnement.com\/#organization\",\"name\":\"Bhd Environnement\",\"url\":\"https:\/\/bhd-environnement.com\/\",\"logo\":{\"@type\":\"ImageObject\",\"inLanguage\":\"en-US\",\"@id\":\"https:\/\/bhd-environnement.com\/#\/schema\/logo\/image\/\",\"url\":\"https:\/\/bhd-environnement.com\/wp-content\/uploads\/2024\/06\/logo-bhd-environnement.svg\",\"contentUrl\":\"https:\/\/bhd-environnement.com\/wp-content\/uploads\/2024\/06\/logo-bhd-environnement.svg\",\"width\":659,\"height\":260,\"caption\":\"Bhd Environnement\"},\"image\":{\"@id\":\"https:\/\/bhd-environnement.com\/#\/schema\/logo\/image\/\"}}]}<\/script>\n<!-- \/ Yoast SEO plugin. -->","yoast_head_json":{"title":"REPAIR KIT - RCY","description":"For small repairs and maintenance, RCY offers made-to-measure repair and maintenance kits.","robots":{"index":"noindex","follow":"nofollow"},"og_locale":"en_US","og_type":"article","og_title":"REPAIR KIT - RCY","og_description":"For small repairs and maintenance, RCY offers made-to-measure repair and maintenance kits.","og_url":"https:\/\/bhd-environnement.com\/en\/the-flood-barrier-specialist\/boom-accessories\/repair-kit-2\/","og_site_name":"BHD Environnement","article_modified_time":"2015-09-10T14:26:52+00:00","twitter_misc":{"Est. reading time":"1 minute"},"schema":{"@context":"https:\/\/schema.org","@graph":[{"@type":"WebPage","@id":"https:\/\/bhd-environnement.com\/en\/the-flood-barrier-specialist\/boom-accessories\/repair-kit-2\/","url":"https:\/\/bhd-environnement.com\/en\/the-flood-barrier-specialist\/boom-accessories\/repair-kit-2\/","name":"REPAIR KIT - RCY","isPartOf":{"@id":"https:\/\/bhd-environnement.com\/#website"},"datePublished":"2015-04-08T14:14:31+00:00","dateModified":"2015-09-10T14:26:52+00:00","description":"For small repairs and maintenance, RCY offers made-to-measure repair and maintenance kits.","breadcrumb":{"@id":"https:\/\/bhd-environnement.com\/en\/the-flood-barrier-specialist\/boom-accessories\/repair-kit-2\/#breadcrumb"},"inLanguage":"en-US","potentialAction":[{"@type":"ReadAction","target":["https:\/\/bhd-environnement.com\/en\/the-flood-barrier-specialist\/boom-accessories\/repair-kit-2\/"]}]},{"@type":"BreadcrumbList","@id":"https:\/\/bhd-environnement.com\/en\/the-flood-barrier-specialist\/boom-accessories\/repair-kit-2\/#breadcrumb","itemListElement":[{"@type":"ListItem","position":1,"name":"The flood barrier specialist","item":"https:\/\/bhd-environnement.com\/en\/the-flood-barrier-specialist\/"},{"@type":"ListItem","position":2,"name":"BOOM ACCESSORIES","item":"https:\/\/bhd-environnement.com\/en\/the-flood-barrier-specialist\/boom-accessories\/"},{"@type":"ListItem","position":3,"name":"REPAIR KIT"}]},{"@type":"WebSite","@id":"https:\/\/bhd-environnement.com\/#website","url":"https:\/\/bhd-environnement.com\/","name":"BHD Environnement","description":"Sp\u00e9cialiste du textile technique","publisher":{"@id":"https:\/\/bhd-environnement.com\/#organization"},"potentialAction":[{"@type":"SearchAction","target":{"@type":"EntryPoint","urlTemplate":"https:\/\/bhd-environnement.com\/?s={search_term_string}"},"query-input":{"@type":"PropertyValueSpecification","valueRequired":true,"valueName":"search_term_string"}}],"inLanguage":"en-US"},{"@type":"Organization","@id":"https:\/\/bhd-environnement.com\/#organization","name":"Bhd Environnement","url":"https:\/\/bhd-environnement.com\/","logo":{"@type":"ImageObject","inLanguage":"en-US","@id":"https:\/\/bhd-environnement.com\/#\/schema\/logo\/image\/","url":"https:\/\/bhd-environnement.com\/wp-content\/uploads\/2024\/06\/logo-bhd-environnement.svg","contentUrl":"https:\/\/bhd-environnement.com\/wp-content\/uploads\/2024\/06\/logo-bhd-environnement.svg","width":659,"height":260,"caption":"Bhd Environnement"},"image":{"@id":"https:\/\/bhd-environnement.com\/#\/schema\/logo\/image\/"}}]}},"_links":{"self":[{"href":"https:\/\/bhd-environnement.com\/en\/wp-json\/wp\/v2\/pages\/7644","targetHints":{"allow":["GET"]}}],"collection":[{"href":"https:\/\/bhd-environnement.com\/en\/wp-json\/wp\/v2\/pages"}],"about":[{"href":"https:\/\/bhd-environnement.com\/en\/wp-json\/wp\/v2\/types\/page"}],"author":[{"embeddable":true,"href":"https:\/\/bhd-environnement.com\/en\/wp-json\/wp\/v2\/users\/9"}],"replies":[{"embeddable":true,"href":"https:\/\/bhd-environnement.com\/en\/wp-json\/wp\/v2\/comments?post=7644"}],"version-history":[{"count":0,"href":"https:\/\/bhd-environnement.com\/en\/wp-json\/wp\/v2\/pages\/7644\/revisions"}],"up":[{"embeddable":true,"href":"https:\/\/bhd-environnement.com\/en\/wp-json\/wp\/v2\/pages\/7918"}],"wp:attachment":[{"href":"https:\/\/bhd-environnement.com\/en\/wp-json\/wp\/v2\/media?parent=7644"}],"curies":[{"name":"wp","href":"https:\/\/api.w.org\/{rel}","templated":true}]}}