{"id":7809,"date":"2015-04-10T08:27:27","date_gmt":"2015-04-10T07:27:27","guid":{"rendered":"https:\/\/en.rcy.fr\/?page_id=7809"},"modified":"2025-06-23T11:33:10","modified_gmt":"2025-06-23T10:33:10","slug":"legal-notices","status":"publish","type":"page","link":"https:\/\/bhd-environnement.com\/en\/legal-notices\/","title":{"rendered":"Legal notices"},"content":{"rendered":"<p>According to Data protection acts of January 6th, 1978, you have a right of access and a rectification to the personal data concerning your information. If you wish to exercise this right, you just have to contact us by e-mail.<br \/>\nIntellectual property<\/p>\n<p>The completeness of the site https:\/\/en.rcy.fr\/ is protected by the French and international legislations relative to the intellectual property. All the reproduction rights are reserved, including for the downloadable documents. All the texts, graphics, icons, pictures, drawings, logos, videos, sounds, brands\u2026 According to the article L122 any elements composing the site https:\/\/en.rcy.fr\/ and the site itself cannot be the object of any representation or reproduction, complete or partial, whatever support it is, without the express and preliminary authorization of the owners. The failure to respect this ban constitutes an act of forgery which can engage the civil and\/or penal responsibility of his(her) author. The owners reserve the right to commit legal proceedings against every person who would not have respected this ban. Also, it is strictly forbidden to use or to reproduce the name \u201d RCY \u201d in any respect whatsoever and whatever support it is without the preliminary and written agreement of the owners.<br \/>\nResponsability<\/p>\n<p>Information communicated on the site is supplied for information purposes, they are not contractual and would not engage the responsibility of the owners. They can be modified or updated without advance notice. The owners also reserve the right, at any time and without advance notice, to drive improvements and\/or modifications in the site. The responsibility of the owners could not be committed for:<\/p>\n<p>Any kind of damages, direct or indirect, resulting from the use of the site https:\/\/en.rcy.fr\/ in particular any operating loss, financial or commercial loss, loss of programs and\/or data in particular in the information system of the user.<\/p>\n<p>Any kind of damages, direct or indirect, resulting from the contents and\/or from the use of web sites bound to the site https:\/\/en.rcy.fr\/ or in which the users could have access via the site https:\/\/en.rcy.fr\/<br \/>\nThe omissions and\/or the errors that could contain the site.<br \/>\nUsers<\/p>\n<p>The present site user is responsible for damage of a kinds, material or immaterial, direct or indirect, caused in any third party, including in the owners, because of the use or for the illicit exploitation of the site https:\/\/en.rcy.fr\/ and\/or of one of his elements himself, whatever the cause and the place of emergence of this damage, and guarantees owners of the consequences of the complaints or the actions(shares) of of which she could, therefore, to be the object. The user of the site https:\/\/en.rcy.fr\/ gives up exercising any appeal(recourse) against the owners in the case of pursuits carried out by a third party against him\/her because of the use and\/or of the illicit exploitation of the site https:\/\/en.rcy.fr\/<br \/>\nHosting<\/p>\n<h2>H\u00e9bergement<\/h2>\n<p>This site is hosted by the company http:\/\/www.ovh.com<br \/>\nThe domain name is hosted by the company http:\/\/www.ovh.com<br \/>\nOVH SAS with a capital of 500 k\u20ac RCS Roubaix \u2013 Tourcoing 424 761 419 00011<br \/>\nHead office: 140 Quay(Platform) of Sartel \u2013 59100 Roubaix \u2013 France.<\/p>\n<h2>The others website<\/h2>\n<p>La Citerne Incendie : <a href=\"http:\/\/www.citerne-incendie.fr\">vente de citerne souple incendie et r\u00e9serve incendie souple<\/a><br \/>\nCiterne Rain&#8217;O : <a href=\"http:\/\/www.citerne-rain-o.fr\">vente de citerne souple pour r\u00e9cup\u00e9ration d&#8217;eau de pluie<\/a><br \/>\nRCY Agriculture : <a href=\"http:\/\/www.rcy-agriculture.fr\/citernes-souples-agricoles\/\">Citernes souples agricoles<\/a>, tunnels de stockage et rideaux brise vent<br \/>\nLaciternesouple.fr : <a href=\"http:\/\/www.laciternesouple.fr\">site d\u00e9di\u00e9 \u00e0 la citerne souple<\/a><\/p>\n","protected":false},"excerpt":{"rendered":"<p>According to Data protection acts of January 6th, 1978, you have a right of access and a rectification to the personal data concerning your information. If you wish to exercise this right, you just have to contact us by e-mail. Intellectual property The completeness of the site https:\/\/en.rcy.fr\/ is protected by the French and international [&hellip;]<\/p>\n","protected":false},"author":9,"featured_media":0,"parent":0,"menu_order":385,"comment_status":"closed","ping_status":"open","template":"","meta":{"footnotes":""},"class_list":["post-7809","page","type-page","status-publish","hentry"],"yoast_head":"<!-- This site is optimized with the Yoast SEO plugin v26.3 - https:\/\/yoast.com\/wordpress\/plugins\/seo\/ -->\n<title>Legal notices - RCY<\/title>\n<meta name=\"robots\" content=\"index, follow, max-snippet:-1, max-image-preview:large, max-video-preview:-1\" \/>\n<link rel=\"canonical\" href=\"https:\/\/bhd-environnement.com\/en\/legal-notices\/\" \/>\n<meta property=\"og:locale\" content=\"en_US\" \/>\n<meta property=\"og:type\" content=\"article\" \/>\n<meta property=\"og:title\" content=\"Legal notices - RCY\" \/>\n<meta property=\"og:description\" content=\"According to Data protection acts of January 6th, 1978, you have a right of access and a rectification to the personal data concerning your information. If you wish to exercise this right, you just have to contact us by e-mail. Intellectual property The completeness of the site https:\/\/en.rcy.fr\/ is protected by the French and international [&hellip;]\" \/>\n<meta property=\"og:url\" content=\"https:\/\/bhd-environnement.com\/en\/legal-notices\/\" \/>\n<meta property=\"og:site_name\" content=\"BHD Environnement\" \/>\n<meta property=\"article:modified_time\" content=\"2025-06-23T10:33:10+00:00\" \/>\n<meta name=\"twitter:label1\" content=\"Est. reading time\" \/>\n\t<meta name=\"twitter:data1\" content=\"3 minutes\" \/>\n<script type=\"application\/ld+json\" class=\"yoast-schema-graph\">{\"@context\":\"https:\/\/schema.org\",\"@graph\":[{\"@type\":\"WebPage\",\"@id\":\"https:\/\/bhd-environnement.com\/en\/legal-notices\/\",\"url\":\"https:\/\/bhd-environnement.com\/en\/legal-notices\/\",\"name\":\"Legal notices - RCY\",\"isPartOf\":{\"@id\":\"https:\/\/bhd-environnement.com\/#website\"},\"datePublished\":\"2015-04-10T07:27:27+00:00\",\"dateModified\":\"2025-06-23T10:33:10+00:00\",\"inLanguage\":\"en-US\",\"potentialAction\":[{\"@type\":\"ReadAction\",\"target\":[\"https:\/\/bhd-environnement.com\/en\/legal-notices\/\"]}]},{\"@type\":\"WebSite\",\"@id\":\"https:\/\/bhd-environnement.com\/#website\",\"url\":\"https:\/\/bhd-environnement.com\/\",\"name\":\"BHD Environnement\",\"description\":\"Sp\u00e9cialiste du textile technique\",\"publisher\":{\"@id\":\"https:\/\/bhd-environnement.com\/#organization\"},\"potentialAction\":[{\"@type\":\"SearchAction\",\"target\":{\"@type\":\"EntryPoint\",\"urlTemplate\":\"https:\/\/bhd-environnement.com\/?s={search_term_string}\"},\"query-input\":{\"@type\":\"PropertyValueSpecification\",\"valueRequired\":true,\"valueName\":\"search_term_string\"}}],\"inLanguage\":\"en-US\"},{\"@type\":\"Organization\",\"@id\":\"https:\/\/bhd-environnement.com\/#organization\",\"name\":\"Bhd Environnement\",\"url\":\"https:\/\/bhd-environnement.com\/\",\"logo\":{\"@type\":\"ImageObject\",\"inLanguage\":\"en-US\",\"@id\":\"https:\/\/bhd-environnement.com\/#\/schema\/logo\/image\/\",\"url\":\"https:\/\/bhd-environnement.com\/wp-content\/uploads\/2024\/06\/logo-bhd-environnement.svg\",\"contentUrl\":\"https:\/\/bhd-environnement.com\/wp-content\/uploads\/2024\/06\/logo-bhd-environnement.svg\",\"width\":659,\"height\":260,\"caption\":\"Bhd Environnement\"},\"image\":{\"@id\":\"https:\/\/bhd-environnement.com\/#\/schema\/logo\/image\/\"}}]}<\/script>\n<!-- \/ Yoast SEO plugin. -->","yoast_head_json":{"title":"Legal notices - RCY","robots":{"index":"index","follow":"follow","max-snippet":"max-snippet:-1","max-image-preview":"max-image-preview:large","max-video-preview":"max-video-preview:-1"},"canonical":"https:\/\/bhd-environnement.com\/en\/legal-notices\/","og_locale":"en_US","og_type":"article","og_title":"Legal notices - RCY","og_description":"According to Data protection acts of January 6th, 1978, you have a right of access and a rectification to the personal data concerning your information. If you wish to exercise this right, you just have to contact us by e-mail. Intellectual property The completeness of the site https:\/\/en.rcy.fr\/ is protected by the French and international [&hellip;]","og_url":"https:\/\/bhd-environnement.com\/en\/legal-notices\/","og_site_name":"BHD Environnement","article_modified_time":"2025-06-23T10:33:10+00:00","twitter_misc":{"Est. reading time":"3 minutes"},"schema":{"@context":"https:\/\/schema.org","@graph":[{"@type":"WebPage","@id":"https:\/\/bhd-environnement.com\/en\/legal-notices\/","url":"https:\/\/bhd-environnement.com\/en\/legal-notices\/","name":"Legal notices - RCY","isPartOf":{"@id":"https:\/\/bhd-environnement.com\/#website"},"datePublished":"2015-04-10T07:27:27+00:00","dateModified":"2025-06-23T10:33:10+00:00","inLanguage":"en-US","potentialAction":[{"@type":"ReadAction","target":["https:\/\/bhd-environnement.com\/en\/legal-notices\/"]}]},{"@type":"WebSite","@id":"https:\/\/bhd-environnement.com\/#website","url":"https:\/\/bhd-environnement.com\/","name":"BHD Environnement","description":"Sp\u00e9cialiste du textile technique","publisher":{"@id":"https:\/\/bhd-environnement.com\/#organization"},"potentialAction":[{"@type":"SearchAction","target":{"@type":"EntryPoint","urlTemplate":"https:\/\/bhd-environnement.com\/?s={search_term_string}"},"query-input":{"@type":"PropertyValueSpecification","valueRequired":true,"valueName":"search_term_string"}}],"inLanguage":"en-US"},{"@type":"Organization","@id":"https:\/\/bhd-environnement.com\/#organization","name":"Bhd Environnement","url":"https:\/\/bhd-environnement.com\/","logo":{"@type":"ImageObject","inLanguage":"en-US","@id":"https:\/\/bhd-environnement.com\/#\/schema\/logo\/image\/","url":"https:\/\/bhd-environnement.com\/wp-content\/uploads\/2024\/06\/logo-bhd-environnement.svg","contentUrl":"https:\/\/bhd-environnement.com\/wp-content\/uploads\/2024\/06\/logo-bhd-environnement.svg","width":659,"height":260,"caption":"Bhd Environnement"},"image":{"@id":"https:\/\/bhd-environnement.com\/#\/schema\/logo\/image\/"}}]}},"_links":{"self":[{"href":"https:\/\/bhd-environnement.com\/en\/wp-json\/wp\/v2\/pages\/7809","targetHints":{"allow":["GET"]}}],"collection":[{"href":"https:\/\/bhd-environnement.com\/en\/wp-json\/wp\/v2\/pages"}],"about":[{"href":"https:\/\/bhd-environnement.com\/en\/wp-json\/wp\/v2\/types\/page"}],"author":[{"embeddable":true,"href":"https:\/\/bhd-environnement.com\/en\/wp-json\/wp\/v2\/users\/9"}],"replies":[{"embeddable":true,"href":"https:\/\/bhd-environnement.com\/en\/wp-json\/wp\/v2\/comments?post=7809"}],"version-history":[{"count":2,"href":"https:\/\/bhd-environnement.com\/en\/wp-json\/wp\/v2\/pages\/7809\/revisions"}],"predecessor-version":[{"id":20229,"href":"https:\/\/bhd-environnement.com\/en\/wp-json\/wp\/v2\/pages\/7809\/revisions\/20229"}],"wp:attachment":[{"href":"https:\/\/bhd-environnement.com\/en\/wp-json\/wp\/v2\/media?parent=7809"}],"curies":[{"name":"wp","href":"https:\/\/api.w.org\/{rel}","templated":true}]}}