{"id":7918,"date":"2015-04-10T09:47:00","date_gmt":"2015-04-10T08:47:00","guid":{"rendered":"https:\/\/en.rcy.fr\/?page_id=7918"},"modified":"2015-09-10T15:26:51","modified_gmt":"2015-09-10T14:26:51","slug":"boom-accessories","status":"publish","type":"page","link":"https:\/\/bhd-environnement.com\/en\/the-flood-barrier-specialist\/boom-accessories\/","title":{"rendered":"BOOM ACCESSORIES"},"content":{"rendered":"<h1>BOOM ACCESSORIES <\/h1>\n<p>RCY offers a range of accessories to accompany you throughout the set-up of its flood barriers, until they&#8217;re stored.<\/p>\n<p>[one_third]<a href=\"https:\/\/bhd-environnement.com\/gonfleur-electrique\/\">[teaser img=&#8221;https:\/\/bhd-environnement.com\/wp-content\/uploads\/2014\/01\/Gonfleur-\u00e9lectrique-miniature.jpg&#8221;]<\/a><\/p>\n<h2><a href=\"https:\/\/bhd-environnement.com\/gonfleur-electrique\/\">ELECTRIC AIR BLOWER<\/a><\/h2>\n<p>The electric air blower is especially suitable for inflating the Par\u00e9-O \u00ae flood barrier. Its low weight makes it easy to handle.[button link=&#8221;https:\/\/bhd-environnement.com\/gonfleur-electrique\/&#8221; size=&#8221;small&#8221; icon=&#8221;share-alt&#8221; color=&#8221;alternative-1&#8243;]Read more[\/button] [\/teaser]<\/p>\n<p>[\/one_third]<a href=\"https:\/\/bhd-environnement.com\/kit-remplissage-surpression\/\">[one_third][teaser img=&#8221;https:\/\/bhd-environnement.com\/wp-content\/uploads\/2013\/12\/kit-remplissage-et-surpression.jpg&#8221;]<\/a><\/p>\n<h2><a href=\"https:\/\/bhd-environnement.com\/kit-remplissage-surpression\/\">FILLING AND OVERPRESSURE KIT<\/a><\/h2>\n<p>To fill the Water Rails \u00ae barriers with water, RCY provides a filling kit for connection to the water supply pipe [button link=&#8221;https:\/\/bhd-environnement.com\/kit-remplissage-surpression\/&#8221; size=&#8221;small&#8221; icon=&#8221;share-alt&#8221; color=&#8221;alternative-1&#8243;]Read more[\/button] [\/teaser][\/one_third]<\/p>\n<p>[one_third_last]<a href=\"https:\/\/bhd-environnement.com\/kit-serrage-valves\/\">[teaser img=&#8221;https:\/\/bhd-environnement.com\/wp-content\/uploads\/2013\/12\/Kit-de-serrage.jpg&#8221;]<\/a><\/p>\n<h2><a href=\"https:\/\/bhd-environnement.com\/kit-serrage-valves\/\">VALVE TIGHTENING KIT<\/a><\/h2>\n<p>A kit consisting of tightening\/loosening keys is provided with RCY flood barriers to allow manipulation of the valves. [button link=&#8221;https:\/\/bhd-environnement.com\/kit-serrage-valves\/&#8221; size=&#8221;small&#8221; icon=&#8221;share-alt&#8221; color=&#8221;alternative-1&#8243;]Read more[\/button] [\/teaser][\/one_third_last]<\/p>\n<p>[one_third]<a href=\"https:\/\/bhd-environnement.com\/bache-protection\/\">[teaser img=&#8221;https:\/\/bhd-environnement.com\/wp-content\/uploads\/2013\/12\/Bache-couverture-de-protection-pour-barrage.jpg&#8221;]<\/a><\/p>\n<h2><a href=\"https:\/\/bhd-environnement.com\/bache-protection\/\">TARPAULIN<\/a><\/h2>\n<p>We offer PVC tarpaulins to protect Water Rails \u00ae barriers against all kinds of elements transported by the water.  [button link=&#8221;https:\/\/bhd-environnement.com\/bache-protection\/&#8221; size=&#8221;small&#8221; icon=&#8221;share-alt&#8221; color=&#8221;alternative-1&#8243;]Read more[\/button] [\/teaser] [\/one_third]<\/p>\n<p>[one_third]<a href=\"https:\/\/bhd-environnement.com\/piece-jonction-mur\/\">[teaser img=&#8221;https:\/\/bhd-environnement.com\/wp-content\/uploads\/2013\/12\/Piece-de-jonction-pour-barrage-anti-inondation.jpg&#8221;]<\/a><\/p>\n<h2><a href=\"https:\/\/bhd-environnement.com\/piece-jonction-mur\/\">Pi\u00e8ce de jonction avec mur<\/a><\/h2>\n<p>Les pi\u00e8ces de jonction sont utilis\u00e9es, associ\u00e9es aux barrages Water Rails \u00ae, pour assurer une protection au niveau de portails de b\u00e2timents. [button link=&#8221;https:\/\/bhd-environnement.com\/piece-jonction-mur\/&#8221; size=&#8221;small&#8221; icon=&#8221;share-alt&#8221; color=&#8221;alternative-1&#8243;]Read more[\/button] [\/teaser][\/one_third]<\/p>\n<p>[one_third_last]<a href=\"https:\/\/bhd-environnement.com\/protection-embacle\/\">[teaser img=&#8221;https:\/\/bhd-environnement.com\/wp-content\/uploads\/2013\/12\/Protection-embacle.jpg&#8221;]<\/a><\/p>\n<h2><a href=\"https:\/\/bhd-environnement.com\/protection-embacle\/\">JAM PROTECTION<\/a><\/h2>\n<p>Jam protections for Water Rails \u00ae barriers are additional security providing strength in the event of strong currents[button link=&#8221;https:\/\/bhd-environnement.com\/protection-embacle\/&#8221; size=&#8221;small&#8221; icon=&#8221;share-alt&#8221; color=&#8221;alternative-1&#8243;]Read more[\/button] [\/teaser][\/one_third_last]<\/p>\n<p>[one_third]<br \/>\n<a href=\"https:\/\/bhd-environnement.com\/motopompe-anti-inondation\/\">[teaser img=&#8221;https:\/\/bhd-environnement.com\/wp-content\/uploads\/2014\/02\/motopompe-Cat\u00e9gorie.jpg&#8221;]<\/a><\/p>\n<h2><a href=\"https:\/\/bhd-environnement.com\/motopompe-anti-inondation\/\">MOTOR-DRIVEN PUMP<\/a><\/h2>\n<p>To fill or empty the Echouable boom, RCY offers motor-driven pump models with combustion engines.<br \/>\n[button link=&#8221;https:\/\/bhd-environnement.com\/motopompe-anti-inondation\/&#8221; size=&#8221;small&#8221; icon=&#8221;share-alt&#8221; color=&#8221;alternative-1&#8243;]Voir cet accessoire[\/button]<br \/>\n[\/teaser]<br \/>\n[\/one_third]<\/p>\n<p>[one_third]<a href=\"https:\/\/bhd-environnement.com\/kit-reparation-anti-inondation\/\">[teaser img=&#8221;https:\/\/bhd-environnement.com\/wp-content\/uploads\/2014\/02\/kit-de-r\u00e9paration-cat\u00e9gorie.jpg&#8221;]<\/a><\/p>\n<h2><a href=\"https:\/\/bhd-environnement.com\/kit-reparation-anti-inondation\/\">REPAIR KIT<\/a><\/h2>\n<p>For small repairs and maintenance to its booms, RCY offers made-to-measure repair and maintenance kits.<br \/>\n[button link=&#8221;https:\/\/bhd-environnement.com\/kit-reparation-anti-inondation\/&#8221; size=&#8221;small&#8221; icon=&#8221;share-alt&#8221; color=&#8221;alternative-1&#8243;]Read more[\/button]<br \/>\n[\/teaser][\/one_third]<\/p>\n<p>[one_third_last]<a href=\"https:\/\/bhd-environnement.com\/gonfleur-thermique-anti-inondation\/\">[teaser img=&#8221;https:\/\/bhd-environnement.com\/wp-content\/uploads\/2013\/12\/gonfleur-thermique1.jpg&#8221;]<\/a><\/p>\n<h2><a href=\"https:\/\/bhd-environnement.com\/gonfleur-thermique-anti-inondation\/\">THERMIC AIR BLOWER<\/a><\/h2>\n<p>The thermic air blower makes it possible to quickly inflate RCY inflatable oil spill booms with its adapter cuff, which makes it possible to connect it<br \/>\n[button link=&#8221;https:\/\/bhd-environnement.com\/gonfleur-thermique-anti-inondation\/&#8221; size=&#8221;small&#8221; icon=&#8221;share-alt&#8221; color=&#8221;alternative-1&#8243;]Read more[\/button]<br \/>\n[\/teaser][\/one_third_last]<\/p>\n<p>[one_third_last]<a href=\"https:\/\/bhd-environnement.com\/caisse-palette-plastique-pliable-anti-inondation\/\">[teaser img=&#8221;https:\/\/bhd-environnement.com\/wp-content\/uploads\/2013\/12\/Caisse-palette-plastique.jpg&#8221;]<\/a><\/p>\n<h2><a href=\"https:\/\/bhd-environnement.com\/caisse-palette-plastique-pliable-anti-inondation\/\">PLASTIC PALLET CRATE<\/a><\/h2>\n<p>The collapsible pallet crates are well suited for storing oil spill booms. Made of HDPE, they are very strong.<br \/>\n[button link=&#8221;https:\/\/bhd-environnement.com\/caisse-palette-plastique-pliable-anti-inondation\/&#8221; size=&#8221;small&#8221; icon=&#8221;share-alt&#8221; color=&#8221;alternative-1&#8243;]Read more[\/button]<br \/>\n[\/teaser][\/one_third_last]<\/p>\n","protected":false},"excerpt":{"rendered":"<p>BOOM ACCESSORIES RCY offers a range of accessories to accompany you throughout the set-up of its flood barriers, until they&#8217;re stored. [one_third][teaser img=&#8221;https:\/\/bhd-environnement.com\/wp-content\/uploads\/2014\/01\/Gonfleur-\u00e9lectrique-miniature.jpg&#8221;] ELECTRIC AIR BLOWER The electric air blower is especially suitable for inflating the Par\u00e9-O \u00ae flood barrier. Its low weight makes it easy to handle.[button link=&#8221;https:\/\/bhd-environnement.com\/gonfleur-electrique\/&#8221; size=&#8221;small&#8221; icon=&#8221;share-alt&#8221; color=&#8221;alternative-1&#8243;]Read more[\/button] [\/teaser] [\/one_third][one_third][teaser [&hellip;]<\/p>\n","protected":false},"author":9,"featured_media":0,"parent":7853,"menu_order":371,"comment_status":"closed","ping_status":"closed","template":"","meta":{"footnotes":""},"class_list":["post-7918","page","type-page","status-publish","hentry"],"yoast_head":"<!-- This site is optimized with the Yoast SEO plugin v26.3 - https:\/\/yoast.com\/wordpress\/plugins\/seo\/ -->\n<title>BOOM ACCESSORIES | BHD Environnement - RCY<\/title>\n<meta name=\"robots\" content=\"index, follow, max-snippet:-1, max-image-preview:large, max-video-preview:-1\" \/>\n<link rel=\"canonical\" href=\"https:\/\/bhd-environnement.com\/en\/the-flood-barrier-specialist\/boom-accessories\/\" \/>\n<meta property=\"og:locale\" content=\"en_US\" \/>\n<meta property=\"og:type\" content=\"article\" \/>\n<meta property=\"og:title\" content=\"BOOM ACCESSORIES | BHD Environnement - RCY\" \/>\n<meta property=\"og:description\" content=\"BOOM ACCESSORIES RCY offers a range of accessories to accompany you throughout the set-up of its flood barriers, until they&#8217;re stored. [one_third][teaser img=&#8221;https:\/\/bhd-environnement.com\/wp-content\/uploads\/2014\/01\/Gonfleur-\u00e9lectrique-miniature.jpg&#8221;] ELECTRIC AIR BLOWER The electric air blower is especially suitable for inflating the Par\u00e9-O \u00ae flood barrier. Its low weight makes it easy to handle.[button link=&#8221;https:\/\/bhd-environnement.com\/gonfleur-electrique\/&#8221; size=&#8221;small&#8221; icon=&#8221;share-alt&#8221; color=&#8221;alternative-1&#8243;]Read more[\/button] [\/teaser] [\/one_third][one_third][teaser [&hellip;]\" \/>\n<meta property=\"og:url\" content=\"https:\/\/bhd-environnement.com\/en\/the-flood-barrier-specialist\/boom-accessories\/\" \/>\n<meta property=\"og:site_name\" content=\"BHD Environnement\" \/>\n<meta property=\"article:modified_time\" content=\"2015-09-10T14:26:51+00:00\" \/>\n<meta name=\"twitter:label1\" content=\"Est. reading time\" \/>\n\t<meta name=\"twitter:data1\" content=\"3 minutes\" \/>\n<script type=\"application\/ld+json\" class=\"yoast-schema-graph\">{\"@context\":\"https:\/\/schema.org\",\"@graph\":[{\"@type\":\"WebPage\",\"@id\":\"https:\/\/bhd-environnement.com\/en\/the-flood-barrier-specialist\/boom-accessories\/\",\"url\":\"https:\/\/bhd-environnement.com\/en\/the-flood-barrier-specialist\/boom-accessories\/\",\"name\":\"BOOM ACCESSORIES | BHD Environnement - RCY\",\"isPartOf\":{\"@id\":\"https:\/\/bhd-environnement.com\/#website\"},\"datePublished\":\"2015-04-10T08:47:00+00:00\",\"dateModified\":\"2015-09-10T14:26:51+00:00\",\"breadcrumb\":{\"@id\":\"https:\/\/bhd-environnement.com\/en\/the-flood-barrier-specialist\/boom-accessories\/#breadcrumb\"},\"inLanguage\":\"en-US\",\"potentialAction\":[{\"@type\":\"ReadAction\",\"target\":[\"https:\/\/bhd-environnement.com\/en\/the-flood-barrier-specialist\/boom-accessories\/\"]}]},{\"@type\":\"BreadcrumbList\",\"@id\":\"https:\/\/bhd-environnement.com\/en\/the-flood-barrier-specialist\/boom-accessories\/#breadcrumb\",\"itemListElement\":[{\"@type\":\"ListItem\",\"position\":1,\"name\":\"The flood barrier specialist\",\"item\":\"https:\/\/bhd-environnement.com\/en\/the-flood-barrier-specialist\/\"},{\"@type\":\"ListItem\",\"position\":2,\"name\":\"BOOM ACCESSORIES\"}]},{\"@type\":\"WebSite\",\"@id\":\"https:\/\/bhd-environnement.com\/#website\",\"url\":\"https:\/\/bhd-environnement.com\/\",\"name\":\"BHD Environnement\",\"description\":\"Sp\u00e9cialiste du textile technique\",\"publisher\":{\"@id\":\"https:\/\/bhd-environnement.com\/#organization\"},\"potentialAction\":[{\"@type\":\"SearchAction\",\"target\":{\"@type\":\"EntryPoint\",\"urlTemplate\":\"https:\/\/bhd-environnement.com\/?s={search_term_string}\"},\"query-input\":{\"@type\":\"PropertyValueSpecification\",\"valueRequired\":true,\"valueName\":\"search_term_string\"}}],\"inLanguage\":\"en-US\"},{\"@type\":\"Organization\",\"@id\":\"https:\/\/bhd-environnement.com\/#organization\",\"name\":\"Bhd Environnement\",\"url\":\"https:\/\/bhd-environnement.com\/\",\"logo\":{\"@type\":\"ImageObject\",\"inLanguage\":\"en-US\",\"@id\":\"https:\/\/bhd-environnement.com\/#\/schema\/logo\/image\/\",\"url\":\"https:\/\/bhd-environnement.com\/wp-content\/uploads\/2024\/06\/logo-bhd-environnement.svg\",\"contentUrl\":\"https:\/\/bhd-environnement.com\/wp-content\/uploads\/2024\/06\/logo-bhd-environnement.svg\",\"width\":659,\"height\":260,\"caption\":\"Bhd Environnement\"},\"image\":{\"@id\":\"https:\/\/bhd-environnement.com\/#\/schema\/logo\/image\/\"}}]}<\/script>\n<!-- \/ Yoast SEO plugin. -->","yoast_head_json":{"title":"BOOM ACCESSORIES | BHD Environnement - RCY","robots":{"index":"index","follow":"follow","max-snippet":"max-snippet:-1","max-image-preview":"max-image-preview:large","max-video-preview":"max-video-preview:-1"},"canonical":"https:\/\/bhd-environnement.com\/en\/the-flood-barrier-specialist\/boom-accessories\/","og_locale":"en_US","og_type":"article","og_title":"BOOM ACCESSORIES | BHD Environnement - RCY","og_description":"BOOM ACCESSORIES RCY offers a range of accessories to accompany you throughout the set-up of its flood barriers, until they&#8217;re stored. [one_third][teaser img=&#8221;https:\/\/bhd-environnement.com\/wp-content\/uploads\/2014\/01\/Gonfleur-\u00e9lectrique-miniature.jpg&#8221;] ELECTRIC AIR BLOWER The electric air blower is especially suitable for inflating the Par\u00e9-O \u00ae flood barrier. Its low weight makes it easy to handle.[button link=&#8221;https:\/\/bhd-environnement.com\/gonfleur-electrique\/&#8221; size=&#8221;small&#8221; icon=&#8221;share-alt&#8221; color=&#8221;alternative-1&#8243;]Read more[\/button] [\/teaser] [\/one_third][one_third][teaser [&hellip;]","og_url":"https:\/\/bhd-environnement.com\/en\/the-flood-barrier-specialist\/boom-accessories\/","og_site_name":"BHD Environnement","article_modified_time":"2015-09-10T14:26:51+00:00","twitter_misc":{"Est. reading time":"3 minutes"},"schema":{"@context":"https:\/\/schema.org","@graph":[{"@type":"WebPage","@id":"https:\/\/bhd-environnement.com\/en\/the-flood-barrier-specialist\/boom-accessories\/","url":"https:\/\/bhd-environnement.com\/en\/the-flood-barrier-specialist\/boom-accessories\/","name":"BOOM ACCESSORIES | BHD Environnement - RCY","isPartOf":{"@id":"https:\/\/bhd-environnement.com\/#website"},"datePublished":"2015-04-10T08:47:00+00:00","dateModified":"2015-09-10T14:26:51+00:00","breadcrumb":{"@id":"https:\/\/bhd-environnement.com\/en\/the-flood-barrier-specialist\/boom-accessories\/#breadcrumb"},"inLanguage":"en-US","potentialAction":[{"@type":"ReadAction","target":["https:\/\/bhd-environnement.com\/en\/the-flood-barrier-specialist\/boom-accessories\/"]}]},{"@type":"BreadcrumbList","@id":"https:\/\/bhd-environnement.com\/en\/the-flood-barrier-specialist\/boom-accessories\/#breadcrumb","itemListElement":[{"@type":"ListItem","position":1,"name":"The flood barrier specialist","item":"https:\/\/bhd-environnement.com\/en\/the-flood-barrier-specialist\/"},{"@type":"ListItem","position":2,"name":"BOOM ACCESSORIES"}]},{"@type":"WebSite","@id":"https:\/\/bhd-environnement.com\/#website","url":"https:\/\/bhd-environnement.com\/","name":"BHD Environnement","description":"Sp\u00e9cialiste du textile technique","publisher":{"@id":"https:\/\/bhd-environnement.com\/#organization"},"potentialAction":[{"@type":"SearchAction","target":{"@type":"EntryPoint","urlTemplate":"https:\/\/bhd-environnement.com\/?s={search_term_string}"},"query-input":{"@type":"PropertyValueSpecification","valueRequired":true,"valueName":"search_term_string"}}],"inLanguage":"en-US"},{"@type":"Organization","@id":"https:\/\/bhd-environnement.com\/#organization","name":"Bhd Environnement","url":"https:\/\/bhd-environnement.com\/","logo":{"@type":"ImageObject","inLanguage":"en-US","@id":"https:\/\/bhd-environnement.com\/#\/schema\/logo\/image\/","url":"https:\/\/bhd-environnement.com\/wp-content\/uploads\/2024\/06\/logo-bhd-environnement.svg","contentUrl":"https:\/\/bhd-environnement.com\/wp-content\/uploads\/2024\/06\/logo-bhd-environnement.svg","width":659,"height":260,"caption":"Bhd Environnement"},"image":{"@id":"https:\/\/bhd-environnement.com\/#\/schema\/logo\/image\/"}}]}},"_links":{"self":[{"href":"https:\/\/bhd-environnement.com\/en\/wp-json\/wp\/v2\/pages\/7918","targetHints":{"allow":["GET"]}}],"collection":[{"href":"https:\/\/bhd-environnement.com\/en\/wp-json\/wp\/v2\/pages"}],"about":[{"href":"https:\/\/bhd-environnement.com\/en\/wp-json\/wp\/v2\/types\/page"}],"author":[{"embeddable":true,"href":"https:\/\/bhd-environnement.com\/en\/wp-json\/wp\/v2\/users\/9"}],"replies":[{"embeddable":true,"href":"https:\/\/bhd-environnement.com\/en\/wp-json\/wp\/v2\/comments?post=7918"}],"version-history":[{"count":0,"href":"https:\/\/bhd-environnement.com\/en\/wp-json\/wp\/v2\/pages\/7918\/revisions"}],"up":[{"embeddable":true,"href":"https:\/\/bhd-environnement.com\/en\/wp-json\/wp\/v2\/pages\/7853"}],"wp:attachment":[{"href":"https:\/\/bhd-environnement.com\/en\/wp-json\/wp\/v2\/media?parent=7918"}],"curies":[{"name":"wp","href":"https:\/\/api.w.org\/{rel}","templated":true}]}}