{"id":7929,"date":"2015-04-10T09:58:11","date_gmt":"2015-04-10T08:58:11","guid":{"rendered":"https:\/\/en.rcy.fr\/?page_id=7929"},"modified":"2015-09-10T15:26:51","modified_gmt":"2015-09-10T14:26:51","slug":"wall-connector","status":"publish","type":"page","link":"https:\/\/bhd-environnement.com\/en\/the-flood-barrier-specialist\/boom-accessories\/wall-connector\/","title":{"rendered":"WALL CONNECTOR"},"content":{"rendered":"<p>[two_fifth][wooslider slide_page=&#8221;piece-de-jonction-barrage-anti-inondation&#8221; slider_type=&#8221;slides&#8221; limit=&#8221;5&#8243;][\/two_fifth]<br \/>\n[three_fifth_last]<\/p>\n<h1>WALL CONNECTOR<\/h1>\n<p>Wall connectors are used, in conjunction with Water Rails \u00ae barriers, to ensure protection against rising waters at building doors and gates.<\/p>\n<div class=\"actions\">\n[one_half]<br \/>\n[button onclick=&#8221;ga(&#8216;send&#8217;, &#8216;event&#8217;, &#8216;barrages-anti-inondation&#8217;, &#8216;Clic-devis&#8217;, &#8216;Devis piece-jonction-mur&#8217;);&#8221; link=&#8221;https:\/\/bhd-environnement.com\/contact\/&#8221; size=&#8221;medium&#8221; color=&#8221;red&#8221; style=&#8221;light&#8221; lightbox=&#8221;false&#8221; iconbox=&#8221;edit&#8221;]Contact us[\/button]<br \/>\n[\/one_half]<br \/>\n[one_half_last]<br \/>\n[button onclick=&#8221;ga(&#8216;send&#8217;, &#8216;event&#8217;, &#8216;barrages-anti-inondation&#8217;, &#8216;Clic-telechargement&#8217;, &#8216;PDF piece-jonction-mur&#8217;);&#8221; link=&#8221;https:\/\/bhd-environnement.com\/wp-content\/uploads\/2014\/10\/FICHE-TECHNIQUE-Pi\u00e8ce-de-Jonction-avec-mur.pdf&#8221; size=&#8221;medium&#8221; color=&#8221;red&#8221; style=&#8221;light&#8221; lightbox=&#8221;false&#8221; iconbox=&#8221;pdf&#8221;]Download PDF[\/button]<br \/>\n[\/one_half_last]\n<\/div>\n<p>[\/three_fifth_last]<br \/>\nWatertightness is provided by means of a foam seal located at the points of contact between the piece and the ground, and between the piece and the wall. Made of galvanised steel, they are suitable for \u00d8400, \u00d8600 and \u00d8800 mm barriers, monotube, twin tube and monotube + twin tube configuration.<br \/>\n[hr style=&#8221;3&#8243; margin=&#8221;20px 0 40px&#8221;]<\/p>\n<h2>Other boom accessories<\/h2>\n<p>[one_third]<a href=\"https:\/\/bhd-environnement.com\/gonfleur-electrique\/\">[teaser img=&#8221;https:\/\/bhd-environnement.com\/wp-content\/uploads\/2014\/01\/Gonfleur-\u00e9lectrique-miniature.jpg&#8221;]<\/p>\n<h3><a href=\"https:\/\/bhd-environnement.com\/gonfleur-electrique\/\">ELECTRIC AIR BLOWER<\/a><\/h3>\n<p>The electric air blower is especially suitable for inflating the Par\u00e9-O \u00ae flood barrier. Its low weight makes it easy to handle.<br \/>\n[button link=&#8221;https:\/\/bhd-environnement.com\/gonfleur-electrique\/&#8221; size=&#8221;small&#8221; icon=&#8221;share-alt&#8221; color=&#8221;alternative-1&#8243;]Voir cet accessoire[\/button] [\/teaser] [\/one_third]<br \/>\n[one_third]<a href=\"https:\/\/bhd-environnement.com\/kit-remplissage-surpression\/\">[teaser img=&#8221;https:\/\/bhd-environnement.com\/wp-content\/uploads\/2013\/12\/kit-remplissage-et-surpression.jpg&#8221;]<\/p>\n<h3><a href=\"https:\/\/bhd-environnement.com\/kit-remplissage-surpression\/\">FILLING AND OVERPRESSURE KIT<\/a><\/h3>\n<p>To fill the Water Rails \u00ae barriers with water, RCY provides a filling kit for connection to the water supply pipe<br \/>\n[button link=&#8221;https:\/\/bhd-environnement.com\/kit-remplissage-surpression\/&#8221; size=&#8221;small&#8221; icon=&#8221;share-alt&#8221; color=&#8221;alternative-1&#8243;]Voir cet accessoire[\/button][\/teaser][\/one_third]<br \/>\n[one_third_last]<a href=\"https:\/\/bhd-environnement.com\/kit-serrage-valves\/\">[teaser img=&#8221;https:\/\/bhd-environnement.com\/wp-content\/uploads\/2013\/12\/Kit-de-serrage.jpg&#8221;]<\/p>\n<h3><a href=\"https:\/\/bhd-environnement.com\/kit-serrage-valves\/\">VALVE TIGHTENING KIT<\/a><\/h3>\n<p>A kit consisting of tightening\/loosening keys is provided with RCY flood barriers to allow manipulation of the valves.<br \/>\n[button link=&#8221;https:\/\/bhd-environnement.com\/kit-serrage-valves\/&#8221; size=&#8221;small&#8221; icon=&#8221;share-alt&#8221; color=&#8221;alternative-1&#8243;]Voir cet accessoire[\/button] [\/teaser][\/one_third_last]<\/p>\n","protected":false},"excerpt":{"rendered":"<p>[two_fifth][wooslider slide_page=&#8221;piece-de-jonction-barrage-anti-inondation&#8221; slider_type=&#8221;slides&#8221; limit=&#8221;5&#8243;][\/two_fifth] [three_fifth_last] WALL CONNECTOR Wall connectors are used, in conjunction with Water Rails \u00ae barriers, to ensure protection against rising waters at building doors and gates. [one_half] [button onclick=&#8221;ga(&#8216;send&#8217;, &#8216;event&#8217;, &#8216;barrages-anti-inondation&#8217;, &#8216;Clic-devis&#8217;, &#8216;Devis piece-jonction-mur&#8217;);&#8221; link=&#8221;https:\/\/bhd-environnement.com\/contact\/&#8221; size=&#8221;medium&#8221; color=&#8221;red&#8221; style=&#8221;light&#8221; lightbox=&#8221;false&#8221; iconbox=&#8221;edit&#8221;]Contact us[\/button] [\/one_half] [one_half_last] [button onclick=&#8221;ga(&#8216;send&#8217;, &#8216;event&#8217;, &#8216;barrages-anti-inondation&#8217;, &#8216;Clic-telechargement&#8217;, &#8216;PDF piece-jonction-mur&#8217;);&#8221; link=&#8221;https:\/\/bhd-environnement.com\/wp-content\/uploads\/2014\/10\/FICHE-TECHNIQUE-Pi\u00e8ce-de-Jonction-avec-mur.pdf&#8221; size=&#8221;medium&#8221; [&hellip;]<\/p>\n","protected":false},"author":9,"featured_media":0,"parent":7918,"menu_order":395,"comment_status":"closed","ping_status":"closed","template":"","meta":{"footnotes":""},"class_list":["post-7929","page","type-page","status-publish","hentry"],"yoast_head":"<!-- This site is optimized with the Yoast SEO plugin v26.3 - https:\/\/yoast.com\/wordpress\/plugins\/seo\/ -->\n<title>WALL CONNECTOR - RCY<\/title>\n<meta name=\"robots\" content=\"index, follow, max-snippet:-1, max-image-preview:large, max-video-preview:-1\" \/>\n<link rel=\"canonical\" href=\"https:\/\/bhd-environnement.com\/en\/the-flood-barrier-specialist\/boom-accessories\/wall-connector\/\" \/>\n<meta property=\"og:locale\" content=\"en_US\" \/>\n<meta property=\"og:type\" content=\"article\" \/>\n<meta property=\"og:title\" content=\"WALL CONNECTOR - RCY\" \/>\n<meta property=\"og:description\" content=\"[two_fifth][wooslider slide_page=&#8221;piece-de-jonction-barrage-anti-inondation&#8221; slider_type=&#8221;slides&#8221; limit=&#8221;5&#8243;][\/two_fifth] [three_fifth_last] WALL CONNECTOR Wall connectors are used, in conjunction with Water Rails \u00ae barriers, to ensure protection against rising waters at building doors and gates. [one_half] [button onclick=&#8221;ga(&#8216;send&#8217;, &#8216;event&#8217;, &#8216;barrages-anti-inondation&#8217;, &#8216;Clic-devis&#8217;, &#8216;Devis piece-jonction-mur&#8217;);&#8221; link=&#8221;https:\/\/bhd-environnement.com\/contact\/&#8221; size=&#8221;medium&#8221; color=&#8221;red&#8221; style=&#8221;light&#8221; lightbox=&#8221;false&#8221; iconbox=&#8221;edit&#8221;]Contact us[\/button] [\/one_half] [one_half_last] [button onclick=&#8221;ga(&#8216;send&#8217;, &#8216;event&#8217;, &#8216;barrages-anti-inondation&#8217;, &#8216;Clic-telechargement&#8217;, &#8216;PDF piece-jonction-mur&#8217;);&#8221; link=&#8221;https:\/\/bhd-environnement.com\/wp-content\/uploads\/2014\/10\/FICHE-TECHNIQUE-Pi\u00e8ce-de-Jonction-avec-mur.pdf&#8221; size=&#8221;medium&#8221; [&hellip;]\" \/>\n<meta property=\"og:url\" content=\"https:\/\/bhd-environnement.com\/en\/the-flood-barrier-specialist\/boom-accessories\/wall-connector\/\" \/>\n<meta property=\"og:site_name\" content=\"BHD Environnement\" \/>\n<meta property=\"article:modified_time\" content=\"2015-09-10T14:26:51+00:00\" \/>\n<meta name=\"twitter:label1\" content=\"Est. reading time\" \/>\n\t<meta name=\"twitter:data1\" content=\"2 minutes\" \/>\n<script type=\"application\/ld+json\" class=\"yoast-schema-graph\">{\"@context\":\"https:\/\/schema.org\",\"@graph\":[{\"@type\":\"WebPage\",\"@id\":\"https:\/\/bhd-environnement.com\/en\/the-flood-barrier-specialist\/boom-accessories\/wall-connector\/\",\"url\":\"https:\/\/bhd-environnement.com\/en\/the-flood-barrier-specialist\/boom-accessories\/wall-connector\/\",\"name\":\"WALL CONNECTOR - RCY\",\"isPartOf\":{\"@id\":\"https:\/\/bhd-environnement.com\/#website\"},\"datePublished\":\"2015-04-10T08:58:11+00:00\",\"dateModified\":\"2015-09-10T14:26:51+00:00\",\"breadcrumb\":{\"@id\":\"https:\/\/bhd-environnement.com\/en\/the-flood-barrier-specialist\/boom-accessories\/wall-connector\/#breadcrumb\"},\"inLanguage\":\"en-US\",\"potentialAction\":[{\"@type\":\"ReadAction\",\"target\":[\"https:\/\/bhd-environnement.com\/en\/the-flood-barrier-specialist\/boom-accessories\/wall-connector\/\"]}]},{\"@type\":\"BreadcrumbList\",\"@id\":\"https:\/\/bhd-environnement.com\/en\/the-flood-barrier-specialist\/boom-accessories\/wall-connector\/#breadcrumb\",\"itemListElement\":[{\"@type\":\"ListItem\",\"position\":1,\"name\":\"The flood barrier specialist\",\"item\":\"https:\/\/bhd-environnement.com\/en\/the-flood-barrier-specialist\/\"},{\"@type\":\"ListItem\",\"position\":2,\"name\":\"BOOM ACCESSORIES\",\"item\":\"https:\/\/bhd-environnement.com\/en\/the-flood-barrier-specialist\/boom-accessories\/\"},{\"@type\":\"ListItem\",\"position\":3,\"name\":\"WALL CONNECTOR\"}]},{\"@type\":\"WebSite\",\"@id\":\"https:\/\/bhd-environnement.com\/#website\",\"url\":\"https:\/\/bhd-environnement.com\/\",\"name\":\"BHD Environnement\",\"description\":\"Sp\u00e9cialiste du textile technique\",\"publisher\":{\"@id\":\"https:\/\/bhd-environnement.com\/#organization\"},\"potentialAction\":[{\"@type\":\"SearchAction\",\"target\":{\"@type\":\"EntryPoint\",\"urlTemplate\":\"https:\/\/bhd-environnement.com\/?s={search_term_string}\"},\"query-input\":{\"@type\":\"PropertyValueSpecification\",\"valueRequired\":true,\"valueName\":\"search_term_string\"}}],\"inLanguage\":\"en-US\"},{\"@type\":\"Organization\",\"@id\":\"https:\/\/bhd-environnement.com\/#organization\",\"name\":\"Bhd Environnement\",\"url\":\"https:\/\/bhd-environnement.com\/\",\"logo\":{\"@type\":\"ImageObject\",\"inLanguage\":\"en-US\",\"@id\":\"https:\/\/bhd-environnement.com\/#\/schema\/logo\/image\/\",\"url\":\"https:\/\/bhd-environnement.com\/wp-content\/uploads\/2024\/06\/logo-bhd-environnement.svg\",\"contentUrl\":\"https:\/\/bhd-environnement.com\/wp-content\/uploads\/2024\/06\/logo-bhd-environnement.svg\",\"width\":659,\"height\":260,\"caption\":\"Bhd Environnement\"},\"image\":{\"@id\":\"https:\/\/bhd-environnement.com\/#\/schema\/logo\/image\/\"}}]}<\/script>\n<!-- \/ Yoast SEO plugin. -->","yoast_head_json":{"title":"WALL CONNECTOR - RCY","robots":{"index":"index","follow":"follow","max-snippet":"max-snippet:-1","max-image-preview":"max-image-preview:large","max-video-preview":"max-video-preview:-1"},"canonical":"https:\/\/bhd-environnement.com\/en\/the-flood-barrier-specialist\/boom-accessories\/wall-connector\/","og_locale":"en_US","og_type":"article","og_title":"WALL CONNECTOR - RCY","og_description":"[two_fifth][wooslider slide_page=&#8221;piece-de-jonction-barrage-anti-inondation&#8221; slider_type=&#8221;slides&#8221; limit=&#8221;5&#8243;][\/two_fifth] [three_fifth_last] WALL CONNECTOR Wall connectors are used, in conjunction with Water Rails \u00ae barriers, to ensure protection against rising waters at building doors and gates. [one_half] [button onclick=&#8221;ga(&#8216;send&#8217;, &#8216;event&#8217;, &#8216;barrages-anti-inondation&#8217;, &#8216;Clic-devis&#8217;, &#8216;Devis piece-jonction-mur&#8217;);&#8221; link=&#8221;https:\/\/bhd-environnement.com\/contact\/&#8221; size=&#8221;medium&#8221; color=&#8221;red&#8221; style=&#8221;light&#8221; lightbox=&#8221;false&#8221; iconbox=&#8221;edit&#8221;]Contact us[\/button] [\/one_half] [one_half_last] [button onclick=&#8221;ga(&#8216;send&#8217;, &#8216;event&#8217;, &#8216;barrages-anti-inondation&#8217;, &#8216;Clic-telechargement&#8217;, &#8216;PDF piece-jonction-mur&#8217;);&#8221; link=&#8221;https:\/\/bhd-environnement.com\/wp-content\/uploads\/2014\/10\/FICHE-TECHNIQUE-Pi\u00e8ce-de-Jonction-avec-mur.pdf&#8221; size=&#8221;medium&#8221; [&hellip;]","og_url":"https:\/\/bhd-environnement.com\/en\/the-flood-barrier-specialist\/boom-accessories\/wall-connector\/","og_site_name":"BHD Environnement","article_modified_time":"2015-09-10T14:26:51+00:00","twitter_misc":{"Est. reading time":"2 minutes"},"schema":{"@context":"https:\/\/schema.org","@graph":[{"@type":"WebPage","@id":"https:\/\/bhd-environnement.com\/en\/the-flood-barrier-specialist\/boom-accessories\/wall-connector\/","url":"https:\/\/bhd-environnement.com\/en\/the-flood-barrier-specialist\/boom-accessories\/wall-connector\/","name":"WALL CONNECTOR - RCY","isPartOf":{"@id":"https:\/\/bhd-environnement.com\/#website"},"datePublished":"2015-04-10T08:58:11+00:00","dateModified":"2015-09-10T14:26:51+00:00","breadcrumb":{"@id":"https:\/\/bhd-environnement.com\/en\/the-flood-barrier-specialist\/boom-accessories\/wall-connector\/#breadcrumb"},"inLanguage":"en-US","potentialAction":[{"@type":"ReadAction","target":["https:\/\/bhd-environnement.com\/en\/the-flood-barrier-specialist\/boom-accessories\/wall-connector\/"]}]},{"@type":"BreadcrumbList","@id":"https:\/\/bhd-environnement.com\/en\/the-flood-barrier-specialist\/boom-accessories\/wall-connector\/#breadcrumb","itemListElement":[{"@type":"ListItem","position":1,"name":"The flood barrier specialist","item":"https:\/\/bhd-environnement.com\/en\/the-flood-barrier-specialist\/"},{"@type":"ListItem","position":2,"name":"BOOM ACCESSORIES","item":"https:\/\/bhd-environnement.com\/en\/the-flood-barrier-specialist\/boom-accessories\/"},{"@type":"ListItem","position":3,"name":"WALL CONNECTOR"}]},{"@type":"WebSite","@id":"https:\/\/bhd-environnement.com\/#website","url":"https:\/\/bhd-environnement.com\/","name":"BHD Environnement","description":"Sp\u00e9cialiste du textile technique","publisher":{"@id":"https:\/\/bhd-environnement.com\/#organization"},"potentialAction":[{"@type":"SearchAction","target":{"@type":"EntryPoint","urlTemplate":"https:\/\/bhd-environnement.com\/?s={search_term_string}"},"query-input":{"@type":"PropertyValueSpecification","valueRequired":true,"valueName":"search_term_string"}}],"inLanguage":"en-US"},{"@type":"Organization","@id":"https:\/\/bhd-environnement.com\/#organization","name":"Bhd Environnement","url":"https:\/\/bhd-environnement.com\/","logo":{"@type":"ImageObject","inLanguage":"en-US","@id":"https:\/\/bhd-environnement.com\/#\/schema\/logo\/image\/","url":"https:\/\/bhd-environnement.com\/wp-content\/uploads\/2024\/06\/logo-bhd-environnement.svg","contentUrl":"https:\/\/bhd-environnement.com\/wp-content\/uploads\/2024\/06\/logo-bhd-environnement.svg","width":659,"height":260,"caption":"Bhd Environnement"},"image":{"@id":"https:\/\/bhd-environnement.com\/#\/schema\/logo\/image\/"}}]}},"_links":{"self":[{"href":"https:\/\/bhd-environnement.com\/en\/wp-json\/wp\/v2\/pages\/7929","targetHints":{"allow":["GET"]}}],"collection":[{"href":"https:\/\/bhd-environnement.com\/en\/wp-json\/wp\/v2\/pages"}],"about":[{"href":"https:\/\/bhd-environnement.com\/en\/wp-json\/wp\/v2\/types\/page"}],"author":[{"embeddable":true,"href":"https:\/\/bhd-environnement.com\/en\/wp-json\/wp\/v2\/users\/9"}],"replies":[{"embeddable":true,"href":"https:\/\/bhd-environnement.com\/en\/wp-json\/wp\/v2\/comments?post=7929"}],"version-history":[{"count":0,"href":"https:\/\/bhd-environnement.com\/en\/wp-json\/wp\/v2\/pages\/7929\/revisions"}],"up":[{"embeddable":true,"href":"https:\/\/bhd-environnement.com\/en\/wp-json\/wp\/v2\/pages\/7918"}],"wp:attachment":[{"href":"https:\/\/bhd-environnement.com\/en\/wp-json\/wp\/v2\/media?parent=7929"}],"curies":[{"name":"wp","href":"https:\/\/api.w.org\/{rel}","templated":true}]}}